{"id":9086,"date":"2025-03-11T10:51:36","date_gmt":"2025-03-11T10:51:36","guid":{"rendered":"https:\/\/kashmiriafashion.it\/?post_type=product&#038;p=9086"},"modified":"2026-04-03T10:10:43","modified_gmt":"2026-04-03T10:10:43","slug":"set-kurta-dritto-ricamato-in-georgette-viola-con-sharara-e-dupatta","status":"publish","type":"product","link":"https:\/\/www.kashmiriafashion.it\/en\/set-kurta-dritto-ricamato-in-georgette-viola-con-sharara-e-dupatta\/","title":{"rendered":"Purple Georgette Embroidered Straight Kurta with Sharara &amp; Dupatta Set"},"content":{"rendered":"<p><span class=\"jCAhz ChMk0b\"><span class=\"ryNqvb\">Kashmiria's Purple Georgette Embroidered Kurta Sharara Set strikes the perfect balance between understated glamour and bold design.<\/span><\/span> <span class=\"jCAhz ChMk0b\"><span class=\"ryNqvb\">The sleeveless kurta, with its sweetheart neckline, is richly embroidered with delicate threadwork and sequins that add just the right amount of sparkle.<\/span><\/span> <span class=\"jCAhz ChMk0b\"><span class=\"ryNqvb\">The flared Sharara adds movement and drama, creating a flattering silhouette. Paired with a matching wine dupatta with lace borders, this set brings together elegance and ease.<\/span><\/span> <span class=\"jCAhz ChMk0b\"><span class=\"ryNqvb\">Paired with a matching wine dupatta with lace borders, this set brings together elegance and ease<\/span><\/span><\/p>\n<ul>\n<li class=\" translation-block\">KURTA Color : Purple | Sharara Color : Purple | Dupatta Color : Purple\nKURTA Fabric : Georgette | Sharara Fabric : Georgette | Dupatta Fabric : Chiffon\nKURTA Work : Embroidered | Sharara Work : Solid | Dupatta Work : Solid\nOther Size Details : KURTA Length : 34 Inches | Sharara Length : 42 Inches | Dupatta Length : 2.30 Mtr<\/li>\n<li><span class=\"jCAhz ChMk0b\"><span class=\"ryNqvb\">Package Contains : 1 Kurta :: 1 Bottom :: 1 Dupatta <\/span><\/span><\/li>\n<li><span class=\"jCAhz ChMk0b\"><span class=\"ryNqvb\">Declaration: Please choose a garment size that is two inches more than your body measurement.<\/span><\/span> <span class=\"jCAhz ChMk0b\"><span class=\"ryNqvb\">Ad esempio: per la misura del busto -36 pollici, selezionare la taglia di indumento &#8211; Media (M).<\/span><\/span> <span class=\"jCAhz ChMk0b\"><span class=\"ryNqvb\">There may be a slight variation in the actual color of the product due to different screen resolutions.<\/span><\/span><\/li>\n<li><span class=\"jCAhz ChMk0b\"><span class=\"ryNqvb\">Remark: Accessories are just for presentation, it is not included with this product.<\/span><\/span><\/li>\n<\/ul>","protected":false},"excerpt":{"rendered":"<p>Il set Kurta Sharara ricamato in georgette viola di Kashmiria rappresenta il perfetto equilibrio tra glamour sobrio e design audace. Il kurta senza maniche, con scollo a cuore, \u00e8 riccamente ricamato con delicati fili e paillettes che aggiungono la giusta quantit\u00e0 di brillantezza. Lo Sharara svasato aggiunge movimento e drammaticit\u00e0, creando una silhouette lusinghiera. Abbinato a una dupatta color vino abbinata con bordi in pizzo, questo set unisce eleganza e semplicit\u00e0. Colore KURTA: viola | Colore Sharara: viola | Colore Dupatta: viola Tessuto KURTA: georgette | Tessuto Sharara: georgette | Tessuto Dupatta: chiffon Lavorazione KURTA: ricamata | Lavorazione Sharara: tinta unita | Lavorazione Dupatta: tinta unita Altri dettagli sulle taglie: Lunghezza KURTA: 34 pollici | Lunghezza Sharara: 42 pollici | Lunghezza Dupatta: 2,30 Mtr La confezione contiene: 1 Kurta :: 1 Bottom :: 1 Dupatta Dichiarazione: si prega di scegliere una taglia di indumento che sia due pollici in pi\u00f9 rispetto alla misura del corpo. Ad esempio: per la misura del busto -36 pollici, selezionare la taglia di indumento &#8211; Media (M). Potrebbe esserci una leggera variazione nel colore effettivo del prodotto a causa delle diverse risoluzioni dello schermo. Nota: gli accessori sono solo per la presentazione, non sono inclusi con questo prodotto.<\/p>","protected":false},"featured_media":9094,"comment_status":"open","ping_status":"closed","template":"","meta":{"_acf_changed":false,"site-sidebar-layout":"default","site-content-layout":"","ast-site-content-layout":"default","site-content-style":"default","site-sidebar-style":"default","ast-global-header-display":"","ast-banner-title-visibility":"","ast-main-header-display":"","ast-hfb-above-header-display":"","ast-hfb-below-header-display":"","ast-hfb-mobile-header-display":"","site-post-title":"","ast-breadcrumbs-content":"","ast-featured-img":"","footer-sml-layout":"","theme-transparent-header-meta":"default","adv-header-id-meta":"","stick-header-meta":"","header-above-stick-meta":"","header-main-stick-meta":"","header-below-stick-meta":"","astra-migrate-meta-layouts":"set","ast-page-background-enabled":"default","ast-page-background-meta":{"desktop":{"background-color":"var(--ast-global-color-5)","background-image":"","background-repeat":"repeat","background-position":"center center","background-size":"auto","background-attachment":"scroll","background-type":"","background-media":"","overlay-type":"","overlay-color":"","overlay-opacity":"","overlay-gradient":""},"tablet":{"background-color":"","background-image":"","background-repeat":"repeat","background-position":"center center","background-size":"auto","background-attachment":"scroll","background-type":"","background-media":"","overlay-type":"","overlay-color":"","overlay-opacity":"","overlay-gradient":""},"mobile":{"background-color":"","background-image":"","background-repeat":"repeat","background-position":"center center","background-size":"auto","background-attachment":"scroll","background-type":"","background-media":"","overlay-type":"","overlay-color":"","overlay-opacity":"","overlay-gradient":""}},"ast-content-background-meta":{"desktop":{"background-color":"var(--ast-global-color-4)","background-image":"","background-repeat":"repeat","background-position":"center center","background-size":"auto","background-attachment":"scroll","background-type":"","background-media":"","overlay-type":"","overlay-color":"","overlay-opacity":"","overlay-gradient":""},"tablet":{"background-color":"var(--ast-global-color-4)","background-image":"","background-repeat":"repeat","background-position":"center center","background-size":"auto","background-attachment":"scroll","background-type":"","background-media":"","overlay-type":"","overlay-color":"","overlay-opacity":"","overlay-gradient":""},"mobile":{"background-color":"var(--ast-global-color-4)","background-image":"","background-repeat":"repeat","background-position":"center center","background-size":"auto","background-attachment":"scroll","background-type":"","background-media":"","overlay-type":"","overlay-color":"","overlay-opacity":"","overlay-gradient":""}}},"product_cat":[33,356],"product_tag":[],"class_list":{"0":"post-9086","1":"product","2":"type-product","3":"status-publish","4":"has-post-thumbnail","6":"product_cat-women","7":"product_cat-co-ord-sets","8":"pa_color-violet","9":"desktop-align-center","10":"tablet-align-left","11":"mobile-align-left","13":"first","14":"instock","15":"sale","16":"taxable","17":"shipping-taxable","18":"purchasable","19":"product-type-variable","20":"has-default-attributes"},"acf":[],"yoast_head":"<!-- This site is optimized with the Yoast SEO plugin v26.8 - https:\/\/yoast.com\/product\/yoast-seo-wordpress\/ -->\n<title>Set Kurta dritto ricamato in georgette viola con Sharara e Dupatta - Kashmiria Fashion<\/title>\n<meta name=\"robots\" content=\"index, follow, max-snippet:-1, max-image-preview:large, max-video-preview:-1\" \/>\n<link rel=\"canonical\" href=\"https:\/\/www.kashmiriafashion.it\/en\/set-kurta-dritto-ricamato-in-georgette-viola-con-sharara-e-dupatta\/\" \/>\n<meta property=\"og:locale\" content=\"en_GB\" \/>\n<meta property=\"og:type\" content=\"article\" \/>\n<meta property=\"og:title\" content=\"Set Kurta dritto ricamato in georgette viola con Sharara e Dupatta - Kashmiria Fashion\" \/>\n<meta property=\"og:description\" content=\"Il set Kurta Sharara ricamato in georgette viola di Kashmiria rappresenta il perfetto equilibrio tra glamour sobrio e design audace. Il kurta senza maniche, con scollo a cuore, \u00e8 riccamente ricamato con delicati fili e paillettes che aggiungono la giusta quantit\u00e0 di brillantezza. Lo Sharara svasato aggiunge movimento e drammaticit\u00e0, creando una silhouette lusinghiera. Abbinato a una dupatta color vino abbinata con bordi in pizzo, questo set unisce eleganza e semplicit\u00e0. Colore KURTA: viola | Colore Sharara: viola | Colore Dupatta: viola Tessuto KURTA: georgette | Tessuto Sharara: georgette | Tessuto Dupatta: chiffon Lavorazione KURTA: ricamata | Lavorazione Sharara: tinta unita | Lavorazione Dupatta: tinta unita Altri dettagli sulle taglie: Lunghezza KURTA: 34 pollici | Lunghezza Sharara: 42 pollici | Lunghezza Dupatta: 2,30 Mtr La confezione contiene: 1 Kurta :: 1 Bottom :: 1 Dupatta Dichiarazione: si prega di scegliere una taglia di indumento che sia due pollici in pi\u00f9 rispetto alla misura del corpo. Ad esempio: per la misura del busto -36 pollici, selezionare la taglia di indumento &#8211; Media (M). Potrebbe esserci una leggera variazione nel colore effettivo del prodotto a causa delle diverse risoluzioni dello schermo. Nota: gli accessori sono solo per la presentazione, non sono inclusi con questo prodotto.\" \/>\n<meta property=\"og:url\" content=\"https:\/\/www.kashmiriafashion.it\/en\/set-kurta-dritto-ricamato-in-georgette-viola-con-sharara-e-dupatta\/\" \/>\n<meta property=\"og:site_name\" content=\"Kashmiria Fashion\" \/>\n<meta property=\"article:publisher\" content=\"https:\/\/www.facebook.com\/kashmiriafashion\" \/>\n<meta property=\"article:modified_time\" content=\"2026-04-03T10:10:43+00:00\" \/>\n<meta property=\"og:image\" content=\"https:\/\/www.kashmiriafashion.it\/wp-content\/uploads\/2025\/03\/JAB24ST01246.webp\" \/>\n\t<meta property=\"og:image:width\" content=\"600\" \/>\n\t<meta property=\"og:image:height\" content=\"800\" \/>\n\t<meta property=\"og:image:type\" content=\"image\/webp\" \/>\n<meta name=\"twitter:card\" content=\"summary_large_image\" \/>\n<meta name=\"twitter:label1\" content=\"Estimated reading time\" \/>\n\t<meta name=\"twitter:data1\" content=\"2 minutes\" \/>\n<script type=\"application\/ld+json\" class=\"yoast-schema-graph\">{\"@context\":\"https:\/\/schema.org\",\"@graph\":[{\"@type\":\"WebPage\",\"@id\":\"https:\/\/www.kashmiriafashion.it\/set-kurta-dritto-ricamato-in-georgette-viola-con-sharara-e-dupatta\/\",\"url\":\"https:\/\/www.kashmiriafashion.it\/set-kurta-dritto-ricamato-in-georgette-viola-con-sharara-e-dupatta\/\",\"name\":\"Set Kurta dritto ricamato in georgette viola con Sharara e Dupatta - Kashmiria Fashion\",\"isPartOf\":{\"@id\":\"https:\/\/www.kashmiriafashion.it\/#website\"},\"primaryImageOfPage\":{\"@id\":\"https:\/\/www.kashmiriafashion.it\/set-kurta-dritto-ricamato-in-georgette-viola-con-sharara-e-dupatta\/#primaryimage\"},\"image\":{\"@id\":\"https:\/\/www.kashmiriafashion.it\/set-kurta-dritto-ricamato-in-georgette-viola-con-sharara-e-dupatta\/#primaryimage\"},\"thumbnailUrl\":\"https:\/\/www.kashmiriafashion.it\/wp-content\/uploads\/2025\/03\/JAB24ST01246.webp\",\"datePublished\":\"2025-03-11T10:51:36+00:00\",\"dateModified\":\"2026-04-03T10:10:43+00:00\",\"breadcrumb\":{\"@id\":\"https:\/\/www.kashmiriafashion.it\/set-kurta-dritto-ricamato-in-georgette-viola-con-sharara-e-dupatta\/#breadcrumb\"},\"inLanguage\":\"en-GB\",\"potentialAction\":[{\"@type\":\"ReadAction\",\"target\":[\"https:\/\/www.kashmiriafashion.it\/set-kurta-dritto-ricamato-in-georgette-viola-con-sharara-e-dupatta\/\"]}]},{\"@type\":\"ImageObject\",\"inLanguage\":\"en-GB\",\"@id\":\"https:\/\/www.kashmiriafashion.it\/set-kurta-dritto-ricamato-in-georgette-viola-con-sharara-e-dupatta\/#primaryimage\",\"url\":\"https:\/\/www.kashmiriafashion.it\/wp-content\/uploads\/2025\/03\/JAB24ST01246.webp\",\"contentUrl\":\"https:\/\/www.kashmiriafashion.it\/wp-content\/uploads\/2025\/03\/JAB24ST01246.webp\",\"width\":600,\"height\":800,\"caption\":\"Set Kurta dritto ricamato in georgette viola con Sharara e Dupatta\"},{\"@type\":\"BreadcrumbList\",\"@id\":\"https:\/\/www.kashmiriafashion.it\/set-kurta-dritto-ricamato-in-georgette-viola-con-sharara-e-dupatta\/#breadcrumb\",\"itemListElement\":[{\"@type\":\"ListItem\",\"position\":1,\"name\":\"Home\",\"item\":\"https:\/\/www.kashmiriafashion.it\/\"},{\"@type\":\"ListItem\",\"position\":2,\"name\":\"Shop\",\"item\":\"https:\/\/www.kashmiriafashion.it\/shop\/\"},{\"@type\":\"ListItem\",\"position\":3,\"name\":\"Set Kurta dritto ricamato in georgette viola con Sharara e Dupatta\"}]},{\"@type\":\"WebSite\",\"@id\":\"https:\/\/www.kashmiriafashion.it\/#website\",\"url\":\"https:\/\/www.kashmiriafashion.it\/\",\"name\":\"Kashmiria Fashion\",\"description\":\"Moda e Abbigliamento Donna | Made in India\",\"publisher\":{\"@id\":\"https:\/\/www.kashmiriafashion.it\/#organization\"},\"potentialAction\":[{\"@type\":\"SearchAction\",\"target\":{\"@type\":\"EntryPoint\",\"urlTemplate\":\"https:\/\/www.kashmiriafashion.it\/?s={search_term_string}\"},\"query-input\":{\"@type\":\"PropertyValueSpecification\",\"valueRequired\":true,\"valueName\":\"search_term_string\"}}],\"inLanguage\":\"en-GB\"},{\"@type\":\"Organization\",\"@id\":\"https:\/\/www.kashmiriafashion.it\/#organization\",\"name\":\"Kashmiria Fashion\",\"url\":\"https:\/\/www.kashmiriafashion.it\/\",\"logo\":{\"@type\":\"ImageObject\",\"inLanguage\":\"en-GB\",\"@id\":\"https:\/\/www.kashmiriafashion.it\/#\/schema\/logo\/image\/\",\"url\":\"https:\/\/www.kashmiriafashion.it\/wp-content\/uploads\/2025\/01\/logo-1.svg\",\"contentUrl\":\"https:\/\/www.kashmiriafashion.it\/wp-content\/uploads\/2025\/01\/logo-1.svg\",\"width\":499,\"height\":85,\"caption\":\"Kashmiria Fashion\"},\"image\":{\"@id\":\"https:\/\/www.kashmiriafashion.it\/#\/schema\/logo\/image\/\"},\"sameAs\":[\"https:\/\/www.facebook.com\/kashmiriafashion\",\"https:\/\/www.instagram.com\/kashmiriafashion\",\"https:\/\/www.tiktok.com\/@kashmiriafashion\"]}]}<\/script>\n<!-- \/ Yoast SEO plugin. -->","yoast_head_json":{"title":"Set Kurta dritto ricamato in georgette viola con Sharara e Dupatta - Kashmiria Fashion","robots":{"index":"index","follow":"follow","max-snippet":"max-snippet:-1","max-image-preview":"max-image-preview:large","max-video-preview":"max-video-preview:-1"},"canonical":"https:\/\/www.kashmiriafashion.it\/en\/set-kurta-dritto-ricamato-in-georgette-viola-con-sharara-e-dupatta\/","og_locale":"en_GB","og_type":"article","og_title":"Set Kurta dritto ricamato in georgette viola con Sharara e Dupatta - Kashmiria Fashion","og_description":"Il set Kurta Sharara ricamato in georgette viola di Kashmiria rappresenta il perfetto equilibrio tra glamour sobrio e design audace. Il kurta senza maniche, con scollo a cuore, \u00e8 riccamente ricamato con delicati fili e paillettes che aggiungono la giusta quantit\u00e0 di brillantezza. Lo Sharara svasato aggiunge movimento e drammaticit\u00e0, creando una silhouette lusinghiera. Abbinato a una dupatta color vino abbinata con bordi in pizzo, questo set unisce eleganza e semplicit\u00e0. Colore KURTA: viola | Colore Sharara: viola | Colore Dupatta: viola Tessuto KURTA: georgette | Tessuto Sharara: georgette | Tessuto Dupatta: chiffon Lavorazione KURTA: ricamata | Lavorazione Sharara: tinta unita | Lavorazione Dupatta: tinta unita Altri dettagli sulle taglie: Lunghezza KURTA: 34 pollici | Lunghezza Sharara: 42 pollici | Lunghezza Dupatta: 2,30 Mtr La confezione contiene: 1 Kurta :: 1 Bottom :: 1 Dupatta Dichiarazione: si prega di scegliere una taglia di indumento che sia due pollici in pi\u00f9 rispetto alla misura del corpo. Ad esempio: per la misura del busto -36 pollici, selezionare la taglia di indumento &#8211; Media (M). Potrebbe esserci una leggera variazione nel colore effettivo del prodotto a causa delle diverse risoluzioni dello schermo. Nota: gli accessori sono solo per la presentazione, non sono inclusi con questo prodotto.","og_url":"https:\/\/www.kashmiriafashion.it\/en\/set-kurta-dritto-ricamato-in-georgette-viola-con-sharara-e-dupatta\/","og_site_name":"Kashmiria Fashion","article_publisher":"https:\/\/www.facebook.com\/kashmiriafashion","article_modified_time":"2026-04-03T10:10:43+00:00","og_image":[{"width":600,"height":800,"url":"https:\/\/www.kashmiriafashion.it\/wp-content\/uploads\/2025\/03\/JAB24ST01246.webp","type":"image\/webp"}],"twitter_card":"summary_large_image","twitter_misc":{"Estimated reading time":"2 minutes"},"schema":{"@context":"https:\/\/schema.org","@graph":[{"@type":"WebPage","@id":"https:\/\/www.kashmiriafashion.it\/set-kurta-dritto-ricamato-in-georgette-viola-con-sharara-e-dupatta\/","url":"https:\/\/www.kashmiriafashion.it\/set-kurta-dritto-ricamato-in-georgette-viola-con-sharara-e-dupatta\/","name":"Set Kurta dritto ricamato in georgette viola con Sharara e Dupatta - Kashmiria Fashion","isPartOf":{"@id":"https:\/\/www.kashmiriafashion.it\/#website"},"primaryImageOfPage":{"@id":"https:\/\/www.kashmiriafashion.it\/set-kurta-dritto-ricamato-in-georgette-viola-con-sharara-e-dupatta\/#primaryimage"},"image":{"@id":"https:\/\/www.kashmiriafashion.it\/set-kurta-dritto-ricamato-in-georgette-viola-con-sharara-e-dupatta\/#primaryimage"},"thumbnailUrl":"https:\/\/www.kashmiriafashion.it\/wp-content\/uploads\/2025\/03\/JAB24ST01246.webp","datePublished":"2025-03-11T10:51:36+00:00","dateModified":"2026-04-03T10:10:43+00:00","breadcrumb":{"@id":"https:\/\/www.kashmiriafashion.it\/set-kurta-dritto-ricamato-in-georgette-viola-con-sharara-e-dupatta\/#breadcrumb"},"inLanguage":"en-GB","potentialAction":[{"@type":"ReadAction","target":["https:\/\/www.kashmiriafashion.it\/set-kurta-dritto-ricamato-in-georgette-viola-con-sharara-e-dupatta\/"]}]},{"@type":"ImageObject","inLanguage":"en-GB","@id":"https:\/\/www.kashmiriafashion.it\/set-kurta-dritto-ricamato-in-georgette-viola-con-sharara-e-dupatta\/#primaryimage","url":"https:\/\/www.kashmiriafashion.it\/wp-content\/uploads\/2025\/03\/JAB24ST01246.webp","contentUrl":"https:\/\/www.kashmiriafashion.it\/wp-content\/uploads\/2025\/03\/JAB24ST01246.webp","width":600,"height":800,"caption":"Set Kurta dritto ricamato in georgette viola con Sharara e Dupatta"},{"@type":"BreadcrumbList","@id":"https:\/\/www.kashmiriafashion.it\/set-kurta-dritto-ricamato-in-georgette-viola-con-sharara-e-dupatta\/#breadcrumb","itemListElement":[{"@type":"ListItem","position":1,"name":"Home","item":"https:\/\/www.kashmiriafashion.it\/"},{"@type":"ListItem","position":2,"name":"Shop","item":"https:\/\/www.kashmiriafashion.it\/shop\/"},{"@type":"ListItem","position":3,"name":"Set Kurta dritto ricamato in georgette viola con Sharara e Dupatta"}]},{"@type":"WebSite","@id":"https:\/\/www.kashmiriafashion.it\/#website","url":"https:\/\/www.kashmiriafashion.it\/","name":"Kashmiria Fashion","description":"Moda e Abbigliamento Donna | Made in India","publisher":{"@id":"https:\/\/www.kashmiriafashion.it\/#organization"},"potentialAction":[{"@type":"SearchAction","target":{"@type":"EntryPoint","urlTemplate":"https:\/\/www.kashmiriafashion.it\/?s={search_term_string}"},"query-input":{"@type":"PropertyValueSpecification","valueRequired":true,"valueName":"search_term_string"}}],"inLanguage":"en-GB"},{"@type":"Organization","@id":"https:\/\/www.kashmiriafashion.it\/#organization","name":"Kashmiria Fashion","url":"https:\/\/www.kashmiriafashion.it\/","logo":{"@type":"ImageObject","inLanguage":"en-GB","@id":"https:\/\/www.kashmiriafashion.it\/#\/schema\/logo\/image\/","url":"https:\/\/www.kashmiriafashion.it\/wp-content\/uploads\/2025\/01\/logo-1.svg","contentUrl":"https:\/\/www.kashmiriafashion.it\/wp-content\/uploads\/2025\/01\/logo-1.svg","width":499,"height":85,"caption":"Kashmiria Fashion"},"image":{"@id":"https:\/\/www.kashmiriafashion.it\/#\/schema\/logo\/image\/"},"sameAs":["https:\/\/www.facebook.com\/kashmiriafashion","https:\/\/www.instagram.com\/kashmiriafashion","https:\/\/www.tiktok.com\/@kashmiriafashion"]}]}},"_links":{"self":[{"href":"https:\/\/www.kashmiriafashion.it\/en\/wp-json\/wp\/v2\/product\/9086","targetHints":{"allow":["GET"]}}],"collection":[{"href":"https:\/\/www.kashmiriafashion.it\/en\/wp-json\/wp\/v2\/product"}],"about":[{"href":"https:\/\/www.kashmiriafashion.it\/en\/wp-json\/wp\/v2\/types\/product"}],"replies":[{"embeddable":true,"href":"https:\/\/www.kashmiriafashion.it\/en\/wp-json\/wp\/v2\/comments?post=9086"}],"wp:featuredmedia":[{"embeddable":true,"href":"https:\/\/www.kashmiriafashion.it\/en\/wp-json\/wp\/v2\/media\/9094"}],"wp:attachment":[{"href":"https:\/\/www.kashmiriafashion.it\/en\/wp-json\/wp\/v2\/media?parent=9086"}],"wp:term":[{"taxonomy":"product_cat","embeddable":true,"href":"https:\/\/www.kashmiriafashion.it\/en\/wp-json\/wp\/v2\/product_cat?post=9086"},{"taxonomy":"product_tag","embeddable":true,"href":"https:\/\/www.kashmiriafashion.it\/en\/wp-json\/wp\/v2\/product_tag?post=9086"}],"curies":[{"name":"wp","href":"https:\/\/api.w.org\/{rel}","templated":true}]}}