{"id":6083,"date":"2025-02-23T10:46:00","date_gmt":"2025-02-23T10:46:00","guid":{"rendered":"https:\/\/kashmiriafashion.it\/?post_type=product&#038;p=6083"},"modified":"2026-04-03T10:30:47","modified_gmt":"2026-04-03T10:30:47","slug":"casual-cotton-sleeveless-floral-printed-long-anarkali-2","status":"publish","type":"product","link":"https:\/\/www.kashmiriafashion.it\/en\/casual-cotton-sleeveless-floral-printed-long-anarkali-2\/","title":{"rendered":"Rose Floral Print Short Sleeve Cotton Maxi Dress"},"content":{"rendered":"<div class=\"n4sEPd\">\n<h6 class=\"FFpbKc\"><span style=\"font-size: 16px\">Rose Floral Print Short Sleeve Cotton Maxi Dress<\/span><\/h6>\n<\/div>\n<p>&nbsp;<\/p>\n<ul>\n<li>This Cotton Floral Print 3\/4 Sleeve Maxi Anarkali Dress for Women is a blend of comfort and style. Crafted from soft and breathable cotton fabric, it ensures comfort even during extended wear. The design adds a touch of modernity, while the floral print exudes femininity and charm. The Anarkali silhouette offers a flattering fit for various body types, and the long length adds elegance to the overall look. Perfect for casual outings, meetings or even semi-formal events, this dress is versatile and timeless.<\/li>\n<li>Fabric: Cotton | Length: Ankle Length | Occasion Type: Casual | Sleeve Type: 3\/4 Sleeve | Color: Light Pink | Style: - Anarkali Dress<\/li>\n<li><span class=\"jCAhz ChMk0b\"><span class=\"ryNqvb\">La confezione contiene &#8211; 1 Dress<\/span><\/span><\/li>\n<li><span class=\"jCAhz ChMk0b\"><span class=\"ryNqvb\"> Declaration: Please choose a garment size that is two inches more than your body measurement.<\/span><\/span> <span class=\"jCAhz ChMk0b\"><span class=\"ryNqvb\">ad esempio: &#8211; per la misura del busto -36 pollici, selezionare la taglia di indumento &#8211; Media (M).<\/span><\/span><span class=\"jCAhz ChMk0b\"><span class=\"ryNqvb\">\u00a0<\/span><\/span><\/li>\n<li><span class=\"jCAhz ChMk0b\"><span class=\"ryNqvb\">There may be a slight variation in the actual color of the product due to different screen resolutions.  Note: Accessories are for display only, they are not included with this product.<\/span><\/span><\/li>\n<\/ul>\n<p>&nbsp;<\/p>\n<div id=\"pdp_description\" class=\"jm-body-s jm-fc-primary-grey-80 jm-mb-xs expand-content content-reset\"><\/div>\n<p>&nbsp;<\/p>","protected":false},"excerpt":{"rendered":"<p>Abito lungo rosa con stampa floreale\u00a0 maniche corte in cotone &nbsp; Questo abito lungo Anarkali maniche\u00a0 a 3\/4 in cotone con stampa floreale per donna \u00e8 un mix di comfort e stile. Realizzato in morbido e traspirante tessuto di cotone, assicura comfort anche durante un uso prolungato. Il design aggiunge un tocco di modernit\u00e0, mentre la stampa floreale trasuda femminilit\u00e0 e fascino. La silhouette Anarkali offre una vestibilit\u00e0 lusinghiera per vari tipi di corpo, e la lunghezza lunga aggiunge eleganza al look generale. Perfetto per uscite informali, riunioni o anche eventi semi-formali, questo abito \u00e8 versatile e senza tempo. Tessuto: Cotone | Lunghezza: Lunghezza alla caviglia | Tipo di occasione: Casual | Tipo di manica: Manica a 3\/4 |Colore: Rosa chiaro | Stile: Abito Anarkali La confezione contiene &#8211; 1 Dress Dichiarazione: si prega di scegliere una taglia di indumento che sia due pollici in pi\u00f9 rispetto alle misure del corpo. ad esempio: &#8211; per la misura del busto -36 pollici, selezionare la taglia di indumento &#8211; Media (M).\u00a0 Potrebbe esserci una leggera variazione nel colore effettivo del prodotto a causa delle diverse risoluzioni dello schermo.Nota: gli accessori sono solo a scopo illustrativo e non sono inclusi nel prodotto. &nbsp; &nbsp;<\/p>","protected":false},"featured_media":6086,"comment_status":"open","ping_status":"closed","template":"","meta":{"_acf_changed":false,"site-sidebar-layout":"default","site-content-layout":"","ast-site-content-layout":"default","site-content-style":"default","site-sidebar-style":"default","ast-global-header-display":"","ast-banner-title-visibility":"","ast-main-header-display":"","ast-hfb-above-header-display":"","ast-hfb-below-header-display":"","ast-hfb-mobile-header-display":"","site-post-title":"","ast-breadcrumbs-content":"","ast-featured-img":"","footer-sml-layout":"","theme-transparent-header-meta":"default","adv-header-id-meta":"","stick-header-meta":"","header-above-stick-meta":"","header-main-stick-meta":"","header-below-stick-meta":"","astra-migrate-meta-layouts":"set","ast-page-background-enabled":"default","ast-page-background-meta":{"desktop":{"background-color":"var(--ast-global-color-5)","background-image":"","background-repeat":"repeat","background-position":"center center","background-size":"auto","background-attachment":"scroll","background-type":"","background-media":"","overlay-type":"","overlay-color":"","overlay-opacity":"","overlay-gradient":""},"tablet":{"background-color":"","background-image":"","background-repeat":"repeat","background-position":"center center","background-size":"auto","background-attachment":"scroll","background-type":"","background-media":"","overlay-type":"","overlay-color":"","overlay-opacity":"","overlay-gradient":""},"mobile":{"background-color":"","background-image":"","background-repeat":"repeat","background-position":"center center","background-size":"auto","background-attachment":"scroll","background-type":"","background-media":"","overlay-type":"","overlay-color":"","overlay-opacity":"","overlay-gradient":""}},"ast-content-background-meta":{"desktop":{"background-color":"var(--ast-global-color-4)","background-image":"","background-repeat":"repeat","background-position":"center center","background-size":"auto","background-attachment":"scroll","background-type":"","background-media":"","overlay-type":"","overlay-color":"","overlay-opacity":"","overlay-gradient":""},"tablet":{"background-color":"var(--ast-global-color-4)","background-image":"","background-repeat":"repeat","background-position":"center center","background-size":"auto","background-attachment":"scroll","background-type":"","background-media":"","overlay-type":"","overlay-color":"","overlay-opacity":"","overlay-gradient":""},"mobile":{"background-color":"var(--ast-global-color-4)","background-image":"","background-repeat":"repeat","background-position":"center center","background-size":"auto","background-attachment":"scroll","background-type":"","background-media":"","overlay-type":"","overlay-color":"","overlay-opacity":"","overlay-gradient":""}}},"product_cat":[33,360],"product_tag":[],"class_list":{"0":"post-6083","1":"product","2":"type-product","3":"status-publish","4":"has-post-thumbnail","6":"product_cat-women","7":"product_cat-gowns","8":"pa_color-pink","9":"desktop-align-center","10":"tablet-align-left","11":"mobile-align-left","13":"first","14":"instock","15":"taxable","16":"shipping-taxable","17":"purchasable","18":"product-type-variable","19":"has-default-attributes"},"acf":[],"yoast_head":"<!-- This site is optimized with the Yoast SEO plugin v26.8 - https:\/\/yoast.com\/product\/yoast-seo-wordpress\/ -->\n<title>Abito lungo rosa con stampa floreale maniche corte in cotone - Kashmiria Fashion<\/title>\n<meta name=\"robots\" content=\"index, follow, max-snippet:-1, max-image-preview:large, max-video-preview:-1\" \/>\n<link rel=\"canonical\" href=\"https:\/\/www.kashmiriafashion.it\/en\/casual-cotton-sleeveless-floral-printed-long-anarkali-2\/\" \/>\n<meta property=\"og:locale\" content=\"en_GB\" \/>\n<meta property=\"og:type\" content=\"article\" \/>\n<meta property=\"og:title\" content=\"Abito lungo rosa con stampa floreale maniche corte in cotone - Kashmiria Fashion\" \/>\n<meta property=\"og:description\" content=\"Abito lungo rosa con stampa floreale\u00a0 maniche corte in cotone &nbsp; Questo abito lungo Anarkali maniche\u00a0 a 3\/4 in cotone con stampa floreale per donna \u00e8 un mix di comfort e stile. Realizzato in morbido e traspirante tessuto di cotone, assicura comfort anche durante un uso prolungato. Il design aggiunge un tocco di modernit\u00e0, mentre la stampa floreale trasuda femminilit\u00e0 e fascino. La silhouette Anarkali offre una vestibilit\u00e0 lusinghiera per vari tipi di corpo, e la lunghezza lunga aggiunge eleganza al look generale. Perfetto per uscite informali, riunioni o anche eventi semi-formali, questo abito \u00e8 versatile e senza tempo. Tessuto: Cotone | Lunghezza: Lunghezza alla caviglia | Tipo di occasione: Casual | Tipo di manica: Manica a 3\/4 |Colore: Rosa chiaro | Stile: Abito Anarkali La confezione contiene &#8211; 1 Dress Dichiarazione: si prega di scegliere una taglia di indumento che sia due pollici in pi\u00f9 rispetto alle misure del corpo. ad esempio: &#8211; per la misura del busto -36 pollici, selezionare la taglia di indumento &#8211; Media (M).\u00a0 Potrebbe esserci una leggera variazione nel colore effettivo del prodotto a causa delle diverse risoluzioni dello schermo.Nota: gli accessori sono solo a scopo illustrativo e non sono inclusi nel prodotto. &nbsp; &nbsp;\" \/>\n<meta property=\"og:url\" content=\"https:\/\/www.kashmiriafashion.it\/en\/casual-cotton-sleeveless-floral-printed-long-anarkali-2\/\" \/>\n<meta property=\"og:site_name\" content=\"Kashmiria Fashion\" \/>\n<meta property=\"article:publisher\" content=\"https:\/\/www.facebook.com\/kashmiriafashion\" \/>\n<meta property=\"article:modified_time\" content=\"2026-04-03T10:30:47+00:00\" \/>\n<meta property=\"og:image\" content=\"https:\/\/www.kashmiriafashion.it\/wp-content\/uploads\/2025\/02\/kaka-enterprises-casual-cotton-sleeveless-floral-printed-long-anarkali-gown-dress-for-women-s-light-pink-product-images-rvmpu8gmt0-0-202405271915.jpg\" \/>\n\t<meta property=\"og:image:width\" content=\"750\" \/>\n\t<meta property=\"og:image:height\" content=\"1000\" \/>\n\t<meta property=\"og:image:type\" content=\"image\/jpeg\" \/>\n<meta name=\"twitter:card\" content=\"summary_large_image\" \/>\n<meta name=\"twitter:label1\" content=\"Estimated reading time\" \/>\n\t<meta name=\"twitter:data1\" content=\"2 minutes\" \/>\n<script type=\"application\/ld+json\" class=\"yoast-schema-graph\">{\"@context\":\"https:\/\/schema.org\",\"@graph\":[{\"@type\":\"WebPage\",\"@id\":\"https:\/\/www.kashmiriafashion.it\/casual-cotton-sleeveless-floral-printed-long-anarkali-2\/\",\"url\":\"https:\/\/www.kashmiriafashion.it\/casual-cotton-sleeveless-floral-printed-long-anarkali-2\/\",\"name\":\"Abito lungo rosa con stampa floreale maniche corte in cotone - Kashmiria Fashion\",\"isPartOf\":{\"@id\":\"https:\/\/www.kashmiriafashion.it\/#website\"},\"primaryImageOfPage\":{\"@id\":\"https:\/\/www.kashmiriafashion.it\/casual-cotton-sleeveless-floral-printed-long-anarkali-2\/#primaryimage\"},\"image\":{\"@id\":\"https:\/\/www.kashmiriafashion.it\/casual-cotton-sleeveless-floral-printed-long-anarkali-2\/#primaryimage\"},\"thumbnailUrl\":\"https:\/\/www.kashmiriafashion.it\/wp-content\/uploads\/2025\/02\/kaka-enterprises-casual-cotton-sleeveless-floral-printed-long-anarkali-gown-dress-for-women-s-light-pink-product-images-rvmpu8gmt0-0-202405271915.jpg\",\"datePublished\":\"2025-02-23T10:46:00+00:00\",\"dateModified\":\"2026-04-03T10:30:47+00:00\",\"breadcrumb\":{\"@id\":\"https:\/\/www.kashmiriafashion.it\/casual-cotton-sleeveless-floral-printed-long-anarkali-2\/#breadcrumb\"},\"inLanguage\":\"en-GB\",\"potentialAction\":[{\"@type\":\"ReadAction\",\"target\":[\"https:\/\/www.kashmiriafashion.it\/casual-cotton-sleeveless-floral-printed-long-anarkali-2\/\"]}]},{\"@type\":\"ImageObject\",\"inLanguage\":\"en-GB\",\"@id\":\"https:\/\/www.kashmiriafashion.it\/casual-cotton-sleeveless-floral-printed-long-anarkali-2\/#primaryimage\",\"url\":\"https:\/\/www.kashmiriafashion.it\/wp-content\/uploads\/2025\/02\/kaka-enterprises-casual-cotton-sleeveless-floral-printed-long-anarkali-gown-dress-for-women-s-light-pink-product-images-rvmpu8gmt0-0-202405271915.jpg\",\"contentUrl\":\"https:\/\/www.kashmiriafashion.it\/wp-content\/uploads\/2025\/02\/kaka-enterprises-casual-cotton-sleeveless-floral-printed-long-anarkali-gown-dress-for-women-s-light-pink-product-images-rvmpu8gmt0-0-202405271915.jpg\",\"width\":750,\"height\":1000,\"caption\":\"Abito lungo rosa con stampa floreale maniche corte in cotone\"},{\"@type\":\"BreadcrumbList\",\"@id\":\"https:\/\/www.kashmiriafashion.it\/casual-cotton-sleeveless-floral-printed-long-anarkali-2\/#breadcrumb\",\"itemListElement\":[{\"@type\":\"ListItem\",\"position\":1,\"name\":\"Home\",\"item\":\"https:\/\/www.kashmiriafashion.it\/\"},{\"@type\":\"ListItem\",\"position\":2,\"name\":\"Shop\",\"item\":\"https:\/\/www.kashmiriafashion.it\/shop\/\"},{\"@type\":\"ListItem\",\"position\":3,\"name\":\"Abito lungo rosa con stampa floreale maniche corte in cotone\"}]},{\"@type\":\"WebSite\",\"@id\":\"https:\/\/www.kashmiriafashion.it\/#website\",\"url\":\"https:\/\/www.kashmiriafashion.it\/\",\"name\":\"Kashmiria Fashion\",\"description\":\"Moda e Abbigliamento Donna | Made in India\",\"publisher\":{\"@id\":\"https:\/\/www.kashmiriafashion.it\/#organization\"},\"potentialAction\":[{\"@type\":\"SearchAction\",\"target\":{\"@type\":\"EntryPoint\",\"urlTemplate\":\"https:\/\/www.kashmiriafashion.it\/?s={search_term_string}\"},\"query-input\":{\"@type\":\"PropertyValueSpecification\",\"valueRequired\":true,\"valueName\":\"search_term_string\"}}],\"inLanguage\":\"en-GB\"},{\"@type\":\"Organization\",\"@id\":\"https:\/\/www.kashmiriafashion.it\/#organization\",\"name\":\"Kashmiria Fashion\",\"url\":\"https:\/\/www.kashmiriafashion.it\/\",\"logo\":{\"@type\":\"ImageObject\",\"inLanguage\":\"en-GB\",\"@id\":\"https:\/\/www.kashmiriafashion.it\/#\/schema\/logo\/image\/\",\"url\":\"https:\/\/www.kashmiriafashion.it\/wp-content\/uploads\/2025\/01\/logo-1.svg\",\"contentUrl\":\"https:\/\/www.kashmiriafashion.it\/wp-content\/uploads\/2025\/01\/logo-1.svg\",\"width\":499,\"height\":85,\"caption\":\"Kashmiria Fashion\"},\"image\":{\"@id\":\"https:\/\/www.kashmiriafashion.it\/#\/schema\/logo\/image\/\"},\"sameAs\":[\"https:\/\/www.facebook.com\/kashmiriafashion\",\"https:\/\/www.instagram.com\/kashmiriafashion\",\"https:\/\/www.tiktok.com\/@kashmiriafashion\"]}]}<\/script>\n<!-- \/ Yoast SEO plugin. -->","yoast_head_json":{"title":"Abito lungo rosa con stampa floreale maniche corte in cotone - Kashmiria Fashion","robots":{"index":"index","follow":"follow","max-snippet":"max-snippet:-1","max-image-preview":"max-image-preview:large","max-video-preview":"max-video-preview:-1"},"canonical":"https:\/\/www.kashmiriafashion.it\/en\/casual-cotton-sleeveless-floral-printed-long-anarkali-2\/","og_locale":"en_GB","og_type":"article","og_title":"Abito lungo rosa con stampa floreale maniche corte in cotone - Kashmiria Fashion","og_description":"Abito lungo rosa con stampa floreale\u00a0 maniche corte in cotone &nbsp; Questo abito lungo Anarkali maniche\u00a0 a 3\/4 in cotone con stampa floreale per donna \u00e8 un mix di comfort e stile. Realizzato in morbido e traspirante tessuto di cotone, assicura comfort anche durante un uso prolungato. Il design aggiunge un tocco di modernit\u00e0, mentre la stampa floreale trasuda femminilit\u00e0 e fascino. La silhouette Anarkali offre una vestibilit\u00e0 lusinghiera per vari tipi di corpo, e la lunghezza lunga aggiunge eleganza al look generale. Perfetto per uscite informali, riunioni o anche eventi semi-formali, questo abito \u00e8 versatile e senza tempo. Tessuto: Cotone | Lunghezza: Lunghezza alla caviglia | Tipo di occasione: Casual | Tipo di manica: Manica a 3\/4 |Colore: Rosa chiaro | Stile: Abito Anarkali La confezione contiene &#8211; 1 Dress Dichiarazione: si prega di scegliere una taglia di indumento che sia due pollici in pi\u00f9 rispetto alle misure del corpo. ad esempio: &#8211; per la misura del busto -36 pollici, selezionare la taglia di indumento &#8211; Media (M).\u00a0 Potrebbe esserci una leggera variazione nel colore effettivo del prodotto a causa delle diverse risoluzioni dello schermo.Nota: gli accessori sono solo a scopo illustrativo e non sono inclusi nel prodotto. &nbsp; &nbsp;","og_url":"https:\/\/www.kashmiriafashion.it\/en\/casual-cotton-sleeveless-floral-printed-long-anarkali-2\/","og_site_name":"Kashmiria Fashion","article_publisher":"https:\/\/www.facebook.com\/kashmiriafashion","article_modified_time":"2026-04-03T10:30:47+00:00","og_image":[{"width":750,"height":1000,"url":"https:\/\/www.kashmiriafashion.it\/wp-content\/uploads\/2025\/02\/kaka-enterprises-casual-cotton-sleeveless-floral-printed-long-anarkali-gown-dress-for-women-s-light-pink-product-images-rvmpu8gmt0-0-202405271915.jpg","type":"image\/jpeg"}],"twitter_card":"summary_large_image","twitter_misc":{"Estimated reading time":"2 minutes"},"schema":{"@context":"https:\/\/schema.org","@graph":[{"@type":"WebPage","@id":"https:\/\/www.kashmiriafashion.it\/casual-cotton-sleeveless-floral-printed-long-anarkali-2\/","url":"https:\/\/www.kashmiriafashion.it\/casual-cotton-sleeveless-floral-printed-long-anarkali-2\/","name":"Abito lungo rosa con stampa floreale maniche corte in cotone - Kashmiria Fashion","isPartOf":{"@id":"https:\/\/www.kashmiriafashion.it\/#website"},"primaryImageOfPage":{"@id":"https:\/\/www.kashmiriafashion.it\/casual-cotton-sleeveless-floral-printed-long-anarkali-2\/#primaryimage"},"image":{"@id":"https:\/\/www.kashmiriafashion.it\/casual-cotton-sleeveless-floral-printed-long-anarkali-2\/#primaryimage"},"thumbnailUrl":"https:\/\/www.kashmiriafashion.it\/wp-content\/uploads\/2025\/02\/kaka-enterprises-casual-cotton-sleeveless-floral-printed-long-anarkali-gown-dress-for-women-s-light-pink-product-images-rvmpu8gmt0-0-202405271915.jpg","datePublished":"2025-02-23T10:46:00+00:00","dateModified":"2026-04-03T10:30:47+00:00","breadcrumb":{"@id":"https:\/\/www.kashmiriafashion.it\/casual-cotton-sleeveless-floral-printed-long-anarkali-2\/#breadcrumb"},"inLanguage":"en-GB","potentialAction":[{"@type":"ReadAction","target":["https:\/\/www.kashmiriafashion.it\/casual-cotton-sleeveless-floral-printed-long-anarkali-2\/"]}]},{"@type":"ImageObject","inLanguage":"en-GB","@id":"https:\/\/www.kashmiriafashion.it\/casual-cotton-sleeveless-floral-printed-long-anarkali-2\/#primaryimage","url":"https:\/\/www.kashmiriafashion.it\/wp-content\/uploads\/2025\/02\/kaka-enterprises-casual-cotton-sleeveless-floral-printed-long-anarkali-gown-dress-for-women-s-light-pink-product-images-rvmpu8gmt0-0-202405271915.jpg","contentUrl":"https:\/\/www.kashmiriafashion.it\/wp-content\/uploads\/2025\/02\/kaka-enterprises-casual-cotton-sleeveless-floral-printed-long-anarkali-gown-dress-for-women-s-light-pink-product-images-rvmpu8gmt0-0-202405271915.jpg","width":750,"height":1000,"caption":"Abito lungo rosa con stampa floreale maniche corte in cotone"},{"@type":"BreadcrumbList","@id":"https:\/\/www.kashmiriafashion.it\/casual-cotton-sleeveless-floral-printed-long-anarkali-2\/#breadcrumb","itemListElement":[{"@type":"ListItem","position":1,"name":"Home","item":"https:\/\/www.kashmiriafashion.it\/"},{"@type":"ListItem","position":2,"name":"Shop","item":"https:\/\/www.kashmiriafashion.it\/shop\/"},{"@type":"ListItem","position":3,"name":"Abito lungo rosa con stampa floreale maniche corte in cotone"}]},{"@type":"WebSite","@id":"https:\/\/www.kashmiriafashion.it\/#website","url":"https:\/\/www.kashmiriafashion.it\/","name":"Kashmiria Fashion","description":"Moda e Abbigliamento Donna | Made in India","publisher":{"@id":"https:\/\/www.kashmiriafashion.it\/#organization"},"potentialAction":[{"@type":"SearchAction","target":{"@type":"EntryPoint","urlTemplate":"https:\/\/www.kashmiriafashion.it\/?s={search_term_string}"},"query-input":{"@type":"PropertyValueSpecification","valueRequired":true,"valueName":"search_term_string"}}],"inLanguage":"en-GB"},{"@type":"Organization","@id":"https:\/\/www.kashmiriafashion.it\/#organization","name":"Kashmiria Fashion","url":"https:\/\/www.kashmiriafashion.it\/","logo":{"@type":"ImageObject","inLanguage":"en-GB","@id":"https:\/\/www.kashmiriafashion.it\/#\/schema\/logo\/image\/","url":"https:\/\/www.kashmiriafashion.it\/wp-content\/uploads\/2025\/01\/logo-1.svg","contentUrl":"https:\/\/www.kashmiriafashion.it\/wp-content\/uploads\/2025\/01\/logo-1.svg","width":499,"height":85,"caption":"Kashmiria Fashion"},"image":{"@id":"https:\/\/www.kashmiriafashion.it\/#\/schema\/logo\/image\/"},"sameAs":["https:\/\/www.facebook.com\/kashmiriafashion","https:\/\/www.instagram.com\/kashmiriafashion","https:\/\/www.tiktok.com\/@kashmiriafashion"]}]}},"_links":{"self":[{"href":"https:\/\/www.kashmiriafashion.it\/en\/wp-json\/wp\/v2\/product\/6083","targetHints":{"allow":["GET"]}}],"collection":[{"href":"https:\/\/www.kashmiriafashion.it\/en\/wp-json\/wp\/v2\/product"}],"about":[{"href":"https:\/\/www.kashmiriafashion.it\/en\/wp-json\/wp\/v2\/types\/product"}],"replies":[{"embeddable":true,"href":"https:\/\/www.kashmiriafashion.it\/en\/wp-json\/wp\/v2\/comments?post=6083"}],"wp:featuredmedia":[{"embeddable":true,"href":"https:\/\/www.kashmiriafashion.it\/en\/wp-json\/wp\/v2\/media\/6086"}],"wp:attachment":[{"href":"https:\/\/www.kashmiriafashion.it\/en\/wp-json\/wp\/v2\/media?parent=6083"}],"wp:term":[{"taxonomy":"product_cat","embeddable":true,"href":"https:\/\/www.kashmiriafashion.it\/en\/wp-json\/wp\/v2\/product_cat?post=6083"},{"taxonomy":"product_tag","embeddable":true,"href":"https:\/\/www.kashmiriafashion.it\/en\/wp-json\/wp\/v2\/product_tag?post=6083"}],"curies":[{"name":"wp","href":"https:\/\/api.w.org\/{rel}","templated":true}]}}