{"id":4388,"date":"2025-02-13T10:00:51","date_gmt":"2025-02-13T10:00:51","guid":{"rendered":"https:\/\/kashmiriafashion.it\/?post_type=product&#038;p=4388"},"modified":"2026-04-03T10:37:54","modified_gmt":"2026-04-03T10:37:54","slug":"kids-off-white-pure-cotton-velcro-mundu-with-kasavu-kara-age-6-10-south-indian-kerala-dhoti","status":"publish","type":"product","link":"https:\/\/www.kashmiriafashion.it\/en\/kids-off-white-pure-cotton-velcro-mundu-with-kasavu-kara-age-6-10-south-indian-kerala-dhoti\/","title":{"rendered":"Kid's Off White Pure Cotton Velcro Mundu with Kasavu Kara Age 6 - 10 (South Indian Kerala Dhoti)"},"content":{"rendered":"<ul>\n<li class=\" translation-block\">Wearing a Regular Dhoti \/ Mundu can sometimes feel difficult. No more retying your dhoti every now and then. Buy Southloom Velcro Dhoti, so you can tightly fit it around your waist and then forget about it! The Velcro Mundu is easy to wear and remove, and can be re-adjusted easily.<\/li>\n<li class=\" translation-block\"><span class=\"jCAhz ChMk0b\"><span class=\"ryNqvb\">Metodo di tessitura: Powerloom | <\/span><\/span><span class=\"jCAhz\"><span class=\"ryNqvb\">Tessuto: cotone | <\/span><\/span><span class=\"jCAhz\"><span class=\"ryNqvb\">Confine: Kasavu | <\/span><\/span><span class=\"jCAhz\"><span class=\"ryNqvb\">Colore: bianco sporco | <\/span><\/span><span class=\"jCAhz\"><span class=\"ryNqvb\">BAMBINI 6-10<\/span><\/span><\/li>\n<li><span class=\"jCAhz ChMk0b\"><span class=\"ryNqvb\">Declaration: Please choose a garment size that is two inches more than your body measurement.<\/span><\/span> <span class=\"jCAhz ChMk0b\"><span class=\"ryNqvb\">Ad esempio: per una taglia di busto di -36 pollici, selezionare la taglia di indumento &#8211; Media (M).<\/span><\/span> <span class=\"jCAhz ChMk0b\"><span class=\"ryNqvb\">There may be a slight variation in the actual color of the product due to different screen resolutions. <\/span><\/span><\/li>\n<li class=\" translation-block\">Note: Accessories are for display purposes only; they are not included with this product.<\/li>\n<\/ul>","protected":false},"excerpt":{"rendered":"<p>Indossare un Dhoti\/Mundu normale a volte pu\u00f2 sembrare difficile. Non dovrai pi\u00f9 riallacciare il tuo dhoti di tanto in tanto. Acquista Southloom Velcro Dhoti, cos\u00ec potrai adattarlo perfettamente alla vita e poi dimenticartene! Il Velcro Mundu \u00e8 facile da indossare e togliere e pu\u00f2 essere facilmente regolato. Metodo di tessitura: Powerloom | Tessuto: cotone | Confine: Kasavu | Colore: bianco sporco | BAMBINI 6-10 Dichiarazione: si prega di scegliere una taglia di indumento che sia due pollici in pi\u00f9 rispetto alle misure del corpo. Ad esempio: per una taglia di busto di -36 pollici, selezionare la taglia di indumento &#8211; Media (M). Potrebbe esserci una leggera variazione nel colore effettivo del prodotto a causa delle diverse risoluzioni dello schermo. Nota: gli accessori sono solo per la presentazione; non sono inclusi con questo prodotto.<\/p>","protected":false},"featured_media":4390,"comment_status":"open","ping_status":"closed","template":"","meta":{"_acf_changed":false,"site-sidebar-layout":"default","site-content-layout":"","ast-site-content-layout":"default","site-content-style":"default","site-sidebar-style":"default","ast-global-header-display":"","ast-banner-title-visibility":"","ast-main-header-display":"","ast-hfb-above-header-display":"","ast-hfb-below-header-display":"","ast-hfb-mobile-header-display":"","site-post-title":"","ast-breadcrumbs-content":"","ast-featured-img":"","footer-sml-layout":"","theme-transparent-header-meta":"default","adv-header-id-meta":"","stick-header-meta":"","header-above-stick-meta":"","header-main-stick-meta":"","header-below-stick-meta":"","astra-migrate-meta-layouts":"set","ast-page-background-enabled":"default","ast-page-background-meta":{"desktop":{"background-color":"var(--ast-global-color-5)","background-image":"","background-repeat":"repeat","background-position":"center center","background-size":"auto","background-attachment":"scroll","background-type":"","background-media":"","overlay-type":"","overlay-color":"","overlay-opacity":"","overlay-gradient":""},"tablet":{"background-color":"","background-image":"","background-repeat":"repeat","background-position":"center center","background-size":"auto","background-attachment":"scroll","background-type":"","background-media":"","overlay-type":"","overlay-color":"","overlay-opacity":"","overlay-gradient":""},"mobile":{"background-color":"","background-image":"","background-repeat":"repeat","background-position":"center center","background-size":"auto","background-attachment":"scroll","background-type":"","background-media":"","overlay-type":"","overlay-color":"","overlay-opacity":"","overlay-gradient":""}},"ast-content-background-meta":{"desktop":{"background-color":"var(--ast-global-color-4)","background-image":"","background-repeat":"repeat","background-position":"center center","background-size":"auto","background-attachment":"scroll","background-type":"","background-media":"","overlay-type":"","overlay-color":"","overlay-opacity":"","overlay-gradient":""},"tablet":{"background-color":"var(--ast-global-color-4)","background-image":"","background-repeat":"repeat","background-position":"center center","background-size":"auto","background-attachment":"scroll","background-type":"","background-media":"","overlay-type":"","overlay-color":"","overlay-opacity":"","overlay-gradient":""},"mobile":{"background-color":"var(--ast-global-color-4)","background-image":"","background-repeat":"repeat","background-position":"center center","background-size":"auto","background-attachment":"scroll","background-type":"","background-media":"","overlay-type":"","overlay-color":"","overlay-opacity":"","overlay-gradient":""}}},"product_cat":[375,388],"product_tag":[],"class_list":{"0":"post-4388","1":"product","2":"type-product","3":"status-publish","4":"has-post-thumbnail","6":"product_cat-kids","7":"product_cat-boys","8":"pa_color-off-white","9":"desktop-align-center","10":"tablet-align-left","11":"mobile-align-left","13":"first","14":"instock","15":"shipping-taxable","16":"purchasable","17":"product-type-variable","18":"has-default-attributes"},"acf":[],"yoast_head":"<!-- This site is optimized with the Yoast SEO plugin v26.8 - https:\/\/yoast.com\/product\/yoast-seo-wordpress\/ -->\n<title>Velcro Mundu in puro cotone bianco sporco con Kasavu Kara per bambini et\u00e0 6-10 (Kerala Dhoti) - Kashmiria Fashion<\/title>\n<meta name=\"robots\" content=\"index, follow, max-snippet:-1, max-image-preview:large, max-video-preview:-1\" \/>\n<link rel=\"canonical\" href=\"https:\/\/www.kashmiriafashion.it\/en\/kids-off-white-pure-cotton-velcro-mundu-with-kasavu-kara-age-6-10-south-indian-kerala-dhoti\/\" \/>\n<meta property=\"og:locale\" content=\"en_GB\" \/>\n<meta property=\"og:type\" content=\"article\" \/>\n<meta property=\"og:title\" content=\"Velcro Mundu in puro cotone bianco sporco con Kasavu Kara per bambini et\u00e0 6-10 (Kerala Dhoti) - Kashmiria Fashion\" \/>\n<meta property=\"og:description\" content=\"Indossare un Dhoti\/Mundu normale a volte pu\u00f2 sembrare difficile. Non dovrai pi\u00f9 riallacciare il tuo dhoti di tanto in tanto. Acquista Southloom Velcro Dhoti, cos\u00ec potrai adattarlo perfettamente alla vita e poi dimenticartene! Il Velcro Mundu \u00e8 facile da indossare e togliere e pu\u00f2 essere facilmente regolato. Metodo di tessitura: Powerloom | Tessuto: cotone | Confine: Kasavu | Colore: bianco sporco | BAMBINI 6-10 Dichiarazione: si prega di scegliere una taglia di indumento che sia due pollici in pi\u00f9 rispetto alle misure del corpo. Ad esempio: per una taglia di busto di -36 pollici, selezionare la taglia di indumento &#8211; Media (M). Potrebbe esserci una leggera variazione nel colore effettivo del prodotto a causa delle diverse risoluzioni dello schermo. Nota: gli accessori sono solo per la presentazione; non sono inclusi con questo prodotto.\" \/>\n<meta property=\"og:url\" content=\"https:\/\/www.kashmiriafashion.it\/en\/kids-off-white-pure-cotton-velcro-mundu-with-kasavu-kara-age-6-10-south-indian-kerala-dhoti\/\" \/>\n<meta property=\"og:site_name\" content=\"Kashmiria Fashion\" \/>\n<meta property=\"article:publisher\" content=\"https:\/\/www.facebook.com\/kashmiriafashion\" \/>\n<meta property=\"article:modified_time\" content=\"2026-04-03T10:37:54+00:00\" \/>\n<meta property=\"og:image\" content=\"https:\/\/www.kashmiriafashion.it\/wp-content\/uploads\/2025\/02\/B1_9af64f4f-91de-4f89-99bf-7a8c86558723_990x.webp\" \/>\n\t<meta property=\"og:image:width\" content=\"990\" \/>\n\t<meta property=\"og:image:height\" content=\"1485\" \/>\n\t<meta property=\"og:image:type\" content=\"image\/webp\" \/>\n<meta name=\"twitter:card\" content=\"summary_large_image\" \/>\n<meta name=\"twitter:label1\" content=\"Estimated reading time\" \/>\n\t<meta name=\"twitter:data1\" content=\"1 minute\" \/>\n<script type=\"application\/ld+json\" class=\"yoast-schema-graph\">{\"@context\":\"https:\/\/schema.org\",\"@graph\":[{\"@type\":\"WebPage\",\"@id\":\"https:\/\/www.kashmiriafashion.it\/kids-off-white-pure-cotton-velcro-mundu-with-kasavu-kara-age-6-10-south-indian-kerala-dhoti\/\",\"url\":\"https:\/\/www.kashmiriafashion.it\/kids-off-white-pure-cotton-velcro-mundu-with-kasavu-kara-age-6-10-south-indian-kerala-dhoti\/\",\"name\":\"Velcro Mundu in puro cotone bianco sporco con Kasavu Kara per bambini et\u00e0 6-10 (Kerala Dhoti) - Kashmiria Fashion\",\"isPartOf\":{\"@id\":\"https:\/\/www.kashmiriafashion.it\/#website\"},\"primaryImageOfPage\":{\"@id\":\"https:\/\/www.kashmiriafashion.it\/kids-off-white-pure-cotton-velcro-mundu-with-kasavu-kara-age-6-10-south-indian-kerala-dhoti\/#primaryimage\"},\"image\":{\"@id\":\"https:\/\/www.kashmiriafashion.it\/kids-off-white-pure-cotton-velcro-mundu-with-kasavu-kara-age-6-10-south-indian-kerala-dhoti\/#primaryimage\"},\"thumbnailUrl\":\"https:\/\/www.kashmiriafashion.it\/wp-content\/uploads\/2025\/02\/B1_9af64f4f-91de-4f89-99bf-7a8c86558723_990x.webp\",\"datePublished\":\"2025-02-13T10:00:51+00:00\",\"dateModified\":\"2026-04-03T10:37:54+00:00\",\"breadcrumb\":{\"@id\":\"https:\/\/www.kashmiriafashion.it\/kids-off-white-pure-cotton-velcro-mundu-with-kasavu-kara-age-6-10-south-indian-kerala-dhoti\/#breadcrumb\"},\"inLanguage\":\"en-GB\",\"potentialAction\":[{\"@type\":\"ReadAction\",\"target\":[\"https:\/\/www.kashmiriafashion.it\/kids-off-white-pure-cotton-velcro-mundu-with-kasavu-kara-age-6-10-south-indian-kerala-dhoti\/\"]}]},{\"@type\":\"ImageObject\",\"inLanguage\":\"en-GB\",\"@id\":\"https:\/\/www.kashmiriafashion.it\/kids-off-white-pure-cotton-velcro-mundu-with-kasavu-kara-age-6-10-south-indian-kerala-dhoti\/#primaryimage\",\"url\":\"https:\/\/www.kashmiriafashion.it\/wp-content\/uploads\/2025\/02\/B1_9af64f4f-91de-4f89-99bf-7a8c86558723_990x.webp\",\"contentUrl\":\"https:\/\/www.kashmiriafashion.it\/wp-content\/uploads\/2025\/02\/B1_9af64f4f-91de-4f89-99bf-7a8c86558723_990x.webp\",\"width\":990,\"height\":1485,\"caption\":\"Velcro Mundu in puro cotone bianco sporco con Kasavu Kara per bambini et\u00e0 6-10 (Kerala Dhoti)\"},{\"@type\":\"BreadcrumbList\",\"@id\":\"https:\/\/www.kashmiriafashion.it\/kids-off-white-pure-cotton-velcro-mundu-with-kasavu-kara-age-6-10-south-indian-kerala-dhoti\/#breadcrumb\",\"itemListElement\":[{\"@type\":\"ListItem\",\"position\":1,\"name\":\"Home\",\"item\":\"https:\/\/www.kashmiriafashion.it\/\"},{\"@type\":\"ListItem\",\"position\":2,\"name\":\"Shop\",\"item\":\"https:\/\/www.kashmiriafashion.it\/shop\/\"},{\"@type\":\"ListItem\",\"position\":3,\"name\":\"Velcro Mundu in puro cotone bianco sporco con Kasavu Kara per bambini et\u00e0 6-10 (Kerala Dhoti)\"}]},{\"@type\":\"WebSite\",\"@id\":\"https:\/\/www.kashmiriafashion.it\/#website\",\"url\":\"https:\/\/www.kashmiriafashion.it\/\",\"name\":\"Kashmiria Fashion\",\"description\":\"Moda e Abbigliamento Donna | Made in India\",\"publisher\":{\"@id\":\"https:\/\/www.kashmiriafashion.it\/#organization\"},\"potentialAction\":[{\"@type\":\"SearchAction\",\"target\":{\"@type\":\"EntryPoint\",\"urlTemplate\":\"https:\/\/www.kashmiriafashion.it\/?s={search_term_string}\"},\"query-input\":{\"@type\":\"PropertyValueSpecification\",\"valueRequired\":true,\"valueName\":\"search_term_string\"}}],\"inLanguage\":\"en-GB\"},{\"@type\":\"Organization\",\"@id\":\"https:\/\/www.kashmiriafashion.it\/#organization\",\"name\":\"Kashmiria Fashion\",\"url\":\"https:\/\/www.kashmiriafashion.it\/\",\"logo\":{\"@type\":\"ImageObject\",\"inLanguage\":\"en-GB\",\"@id\":\"https:\/\/www.kashmiriafashion.it\/#\/schema\/logo\/image\/\",\"url\":\"https:\/\/www.kashmiriafashion.it\/wp-content\/uploads\/2025\/01\/logo-1.svg\",\"contentUrl\":\"https:\/\/www.kashmiriafashion.it\/wp-content\/uploads\/2025\/01\/logo-1.svg\",\"width\":499,\"height\":85,\"caption\":\"Kashmiria Fashion\"},\"image\":{\"@id\":\"https:\/\/www.kashmiriafashion.it\/#\/schema\/logo\/image\/\"},\"sameAs\":[\"https:\/\/www.facebook.com\/kashmiriafashion\",\"https:\/\/www.instagram.com\/kashmiriafashion\",\"https:\/\/www.tiktok.com\/@kashmiriafashion\"]}]}<\/script>\n<!-- \/ Yoast SEO plugin. -->","yoast_head_json":{"title":"Velcro Mundu in puro cotone bianco sporco con Kasavu Kara per bambini et\u00e0 6-10 (Kerala Dhoti) - Kashmiria Fashion","robots":{"index":"index","follow":"follow","max-snippet":"max-snippet:-1","max-image-preview":"max-image-preview:large","max-video-preview":"max-video-preview:-1"},"canonical":"https:\/\/www.kashmiriafashion.it\/en\/kids-off-white-pure-cotton-velcro-mundu-with-kasavu-kara-age-6-10-south-indian-kerala-dhoti\/","og_locale":"en_GB","og_type":"article","og_title":"Velcro Mundu in puro cotone bianco sporco con Kasavu Kara per bambini et\u00e0 6-10 (Kerala Dhoti) - Kashmiria Fashion","og_description":"Indossare un Dhoti\/Mundu normale a volte pu\u00f2 sembrare difficile. Non dovrai pi\u00f9 riallacciare il tuo dhoti di tanto in tanto. Acquista Southloom Velcro Dhoti, cos\u00ec potrai adattarlo perfettamente alla vita e poi dimenticartene! Il Velcro Mundu \u00e8 facile da indossare e togliere e pu\u00f2 essere facilmente regolato. Metodo di tessitura: Powerloom | Tessuto: cotone | Confine: Kasavu | Colore: bianco sporco | BAMBINI 6-10 Dichiarazione: si prega di scegliere una taglia di indumento che sia due pollici in pi\u00f9 rispetto alle misure del corpo. Ad esempio: per una taglia di busto di -36 pollici, selezionare la taglia di indumento &#8211; Media (M). Potrebbe esserci una leggera variazione nel colore effettivo del prodotto a causa delle diverse risoluzioni dello schermo. Nota: gli accessori sono solo per la presentazione; non sono inclusi con questo prodotto.","og_url":"https:\/\/www.kashmiriafashion.it\/en\/kids-off-white-pure-cotton-velcro-mundu-with-kasavu-kara-age-6-10-south-indian-kerala-dhoti\/","og_site_name":"Kashmiria Fashion","article_publisher":"https:\/\/www.facebook.com\/kashmiriafashion","article_modified_time":"2026-04-03T10:37:54+00:00","og_image":[{"width":990,"height":1485,"url":"https:\/\/www.kashmiriafashion.it\/wp-content\/uploads\/2025\/02\/B1_9af64f4f-91de-4f89-99bf-7a8c86558723_990x.webp","type":"image\/webp"}],"twitter_card":"summary_large_image","twitter_misc":{"Estimated reading time":"1 minute"},"schema":{"@context":"https:\/\/schema.org","@graph":[{"@type":"WebPage","@id":"https:\/\/www.kashmiriafashion.it\/kids-off-white-pure-cotton-velcro-mundu-with-kasavu-kara-age-6-10-south-indian-kerala-dhoti\/","url":"https:\/\/www.kashmiriafashion.it\/kids-off-white-pure-cotton-velcro-mundu-with-kasavu-kara-age-6-10-south-indian-kerala-dhoti\/","name":"Velcro Mundu in puro cotone bianco sporco con Kasavu Kara per bambini et\u00e0 6-10 (Kerala Dhoti) - Kashmiria Fashion","isPartOf":{"@id":"https:\/\/www.kashmiriafashion.it\/#website"},"primaryImageOfPage":{"@id":"https:\/\/www.kashmiriafashion.it\/kids-off-white-pure-cotton-velcro-mundu-with-kasavu-kara-age-6-10-south-indian-kerala-dhoti\/#primaryimage"},"image":{"@id":"https:\/\/www.kashmiriafashion.it\/kids-off-white-pure-cotton-velcro-mundu-with-kasavu-kara-age-6-10-south-indian-kerala-dhoti\/#primaryimage"},"thumbnailUrl":"https:\/\/www.kashmiriafashion.it\/wp-content\/uploads\/2025\/02\/B1_9af64f4f-91de-4f89-99bf-7a8c86558723_990x.webp","datePublished":"2025-02-13T10:00:51+00:00","dateModified":"2026-04-03T10:37:54+00:00","breadcrumb":{"@id":"https:\/\/www.kashmiriafashion.it\/kids-off-white-pure-cotton-velcro-mundu-with-kasavu-kara-age-6-10-south-indian-kerala-dhoti\/#breadcrumb"},"inLanguage":"en-GB","potentialAction":[{"@type":"ReadAction","target":["https:\/\/www.kashmiriafashion.it\/kids-off-white-pure-cotton-velcro-mundu-with-kasavu-kara-age-6-10-south-indian-kerala-dhoti\/"]}]},{"@type":"ImageObject","inLanguage":"en-GB","@id":"https:\/\/www.kashmiriafashion.it\/kids-off-white-pure-cotton-velcro-mundu-with-kasavu-kara-age-6-10-south-indian-kerala-dhoti\/#primaryimage","url":"https:\/\/www.kashmiriafashion.it\/wp-content\/uploads\/2025\/02\/B1_9af64f4f-91de-4f89-99bf-7a8c86558723_990x.webp","contentUrl":"https:\/\/www.kashmiriafashion.it\/wp-content\/uploads\/2025\/02\/B1_9af64f4f-91de-4f89-99bf-7a8c86558723_990x.webp","width":990,"height":1485,"caption":"Velcro Mundu in puro cotone bianco sporco con Kasavu Kara per bambini et\u00e0 6-10 (Kerala Dhoti)"},{"@type":"BreadcrumbList","@id":"https:\/\/www.kashmiriafashion.it\/kids-off-white-pure-cotton-velcro-mundu-with-kasavu-kara-age-6-10-south-indian-kerala-dhoti\/#breadcrumb","itemListElement":[{"@type":"ListItem","position":1,"name":"Home","item":"https:\/\/www.kashmiriafashion.it\/"},{"@type":"ListItem","position":2,"name":"Shop","item":"https:\/\/www.kashmiriafashion.it\/shop\/"},{"@type":"ListItem","position":3,"name":"Velcro Mundu in puro cotone bianco sporco con Kasavu Kara per bambini et\u00e0 6-10 (Kerala Dhoti)"}]},{"@type":"WebSite","@id":"https:\/\/www.kashmiriafashion.it\/#website","url":"https:\/\/www.kashmiriafashion.it\/","name":"Kashmiria Fashion","description":"Moda e Abbigliamento Donna | Made in India","publisher":{"@id":"https:\/\/www.kashmiriafashion.it\/#organization"},"potentialAction":[{"@type":"SearchAction","target":{"@type":"EntryPoint","urlTemplate":"https:\/\/www.kashmiriafashion.it\/?s={search_term_string}"},"query-input":{"@type":"PropertyValueSpecification","valueRequired":true,"valueName":"search_term_string"}}],"inLanguage":"en-GB"},{"@type":"Organization","@id":"https:\/\/www.kashmiriafashion.it\/#organization","name":"Kashmiria Fashion","url":"https:\/\/www.kashmiriafashion.it\/","logo":{"@type":"ImageObject","inLanguage":"en-GB","@id":"https:\/\/www.kashmiriafashion.it\/#\/schema\/logo\/image\/","url":"https:\/\/www.kashmiriafashion.it\/wp-content\/uploads\/2025\/01\/logo-1.svg","contentUrl":"https:\/\/www.kashmiriafashion.it\/wp-content\/uploads\/2025\/01\/logo-1.svg","width":499,"height":85,"caption":"Kashmiria Fashion"},"image":{"@id":"https:\/\/www.kashmiriafashion.it\/#\/schema\/logo\/image\/"},"sameAs":["https:\/\/www.facebook.com\/kashmiriafashion","https:\/\/www.instagram.com\/kashmiriafashion","https:\/\/www.tiktok.com\/@kashmiriafashion"]}]}},"_links":{"self":[{"href":"https:\/\/www.kashmiriafashion.it\/en\/wp-json\/wp\/v2\/product\/4388","targetHints":{"allow":["GET"]}}],"collection":[{"href":"https:\/\/www.kashmiriafashion.it\/en\/wp-json\/wp\/v2\/product"}],"about":[{"href":"https:\/\/www.kashmiriafashion.it\/en\/wp-json\/wp\/v2\/types\/product"}],"replies":[{"embeddable":true,"href":"https:\/\/www.kashmiriafashion.it\/en\/wp-json\/wp\/v2\/comments?post=4388"}],"wp:featuredmedia":[{"embeddable":true,"href":"https:\/\/www.kashmiriafashion.it\/en\/wp-json\/wp\/v2\/media\/4390"}],"wp:attachment":[{"href":"https:\/\/www.kashmiriafashion.it\/en\/wp-json\/wp\/v2\/media?parent=4388"}],"wp:term":[{"taxonomy":"product_cat","embeddable":true,"href":"https:\/\/www.kashmiriafashion.it\/en\/wp-json\/wp\/v2\/product_cat?post=4388"},{"taxonomy":"product_tag","embeddable":true,"href":"https:\/\/www.kashmiriafashion.it\/en\/wp-json\/wp\/v2\/product_tag?post=4388"}],"curies":[{"name":"wp","href":"https:\/\/api.w.org\/{rel}","templated":true}]}}