{"id":4372,"date":"2025-02-13T09:43:42","date_gmt":"2025-02-13T09:43:42","guid":{"rendered":"https:\/\/kashmiriafashion.it\/?post_type=product&#038;p=4372"},"modified":"2026-04-03T10:37:59","modified_gmt":"2026-04-03T10:37:59","slug":"mcr-dhoti-belt-velcro-free-size","status":"publish","type":"product","link":"https:\/\/www.kashmiriafashion.it\/en\/mcr-dhoti-belt-velcro-free-size\/","title":{"rendered":"MCR Dhoti Belt Velcro (Free Size)"},"content":{"rendered":"<div class=\"n4sEPd\">\n<div class=\"QFw9Te BLojaf\"><\/div>\n<\/div>\n<div class=\"QcsUad BDJ8fb BLojaf sMVRZe hCXDsb wneUed\">\n<h6 class=\"oBOnKe\"><span class=\"jCAhz ChMk0b\" style=\"font-size: 16px;\"><span class=\"ryNqvb\">MCR Dhoti Belt Velcro (Free Size) <\/span><\/span><\/h6>\n<\/div>\n<p>&nbsp;<\/p>\n<div class=\"QcsUad BDJ8fb BLojaf sMVRZe hCXDsb wneUed\">\n<div class=\"QcsUad BDJ8fb BLojaf sMVRZe hCXDsb wneUed\">\n<p class=\"oBOnKe translation-block\">Wearing a Regular Dhoti \/ Mundu can sometimes feel difficult. No more retying your dhoti every now and then. Buy Velcro Dhoti, so you can tightly fit it around your waist and then forget about it! The Velcro Mundu is easy to wear and remove, and can be re-adjusted easily.<\/p>\n<\/div>\n<ul>\n<li class=\"oBOnKe\"><span class=\"jCAhz ChMk0b\" style=\"font-size: 16px;\"><span class=\"ryNqvb\">PRODUCT DETAILS:\n\nThese belts made of Cotton gives grip at waist and holds the dhoti, without any hassle.<\/span><\/span><\/li>\n<li class=\"oBOnKe\"><span class=\"jCAhz ChMk0b\"><span class=\"ryNqvb\">The packet contains - 1 Belt<\/span><\/span><\/li>\n<li class=\"oBOnKe\"><span class=\"jCAhz ChMk0b\"><span class=\"ryNqvb\">There may be a slight variation in the actual color of the product due to different screen resolutions.<\/span><\/span><span class=\"jCAhz ChMk0b\"><span class=\"ryNqvb\">\u00a0<\/span><\/span><\/li>\n<li class=\"oBOnKe\"><span class=\"jCAhz ChMk0b\"><span class=\"ryNqvb\">Note: Accessories are for illustration purposes only and are not included in the product.<\/span><\/span><\/li>\n<\/ul>\n<\/div>","protected":false},"excerpt":{"rendered":"<p>Cintura MCR Dhoti in Velcro (taglia unica) &nbsp; Indossare un Dhoti\/Mundu a volte pu\u00f2 sembrare difficile. Non dovrai pi\u00f9 riannodare il tuo dhoti ogni tanto.Acquista una cintura MCR Dhoti con il tuo Dhoti cos\u00ec potrai adattare il tuo dhoti stretto alla vita e poi dimenticartene! La cintura in Velcro \u00e8 facile da indossare e da togliere e pu\u00f2 essere regolata di nuovo facilmente. DETTAGLI DEL PRODOTTO: Queste cinture in cotone offrono presa in vita e tengono il dhoti, senza alcun problema La confezione contiene: 1 Cintura Potrebbe esserci una leggera variazione nel colore effettivo del prodotto a causa delle diverse risoluzioni dello schermo.\u00a0 Nota: gli accessori sono solo a scopo illustrativo, non sono inclusi con questo prodotto.<\/p>","protected":false},"featured_media":4373,"comment_status":"open","ping_status":"closed","template":"","meta":{"_acf_changed":false,"site-sidebar-layout":"default","site-content-layout":"","ast-site-content-layout":"default","site-content-style":"default","site-sidebar-style":"default","ast-global-header-display":"","ast-banner-title-visibility":"","ast-main-header-display":"","ast-hfb-above-header-display":"","ast-hfb-below-header-display":"","ast-hfb-mobile-header-display":"","site-post-title":"","ast-breadcrumbs-content":"","ast-featured-img":"","footer-sml-layout":"","theme-transparent-header-meta":"default","adv-header-id-meta":"","stick-header-meta":"","header-above-stick-meta":"","header-main-stick-meta":"","header-below-stick-meta":"","astra-migrate-meta-layouts":"set","ast-page-background-enabled":"default","ast-page-background-meta":{"desktop":{"background-color":"var(--ast-global-color-5)","background-image":"","background-repeat":"repeat","background-position":"center center","background-size":"auto","background-attachment":"scroll","background-type":"","background-media":"","overlay-type":"","overlay-color":"","overlay-opacity":"","overlay-gradient":""},"tablet":{"background-color":"","background-image":"","background-repeat":"repeat","background-position":"center center","background-size":"auto","background-attachment":"scroll","background-type":"","background-media":"","overlay-type":"","overlay-color":"","overlay-opacity":"","overlay-gradient":""},"mobile":{"background-color":"","background-image":"","background-repeat":"repeat","background-position":"center center","background-size":"auto","background-attachment":"scroll","background-type":"","background-media":"","overlay-type":"","overlay-color":"","overlay-opacity":"","overlay-gradient":""}},"ast-content-background-meta":{"desktop":{"background-color":"var(--ast-global-color-4)","background-image":"","background-repeat":"repeat","background-position":"center center","background-size":"auto","background-attachment":"scroll","background-type":"","background-media":"","overlay-type":"","overlay-color":"","overlay-opacity":"","overlay-gradient":""},"tablet":{"background-color":"var(--ast-global-color-4)","background-image":"","background-repeat":"repeat","background-position":"center center","background-size":"auto","background-attachment":"scroll","background-type":"","background-media":"","overlay-type":"","overlay-color":"","overlay-opacity":"","overlay-gradient":""},"mobile":{"background-color":"var(--ast-global-color-4)","background-image":"","background-repeat":"repeat","background-position":"center center","background-size":"auto","background-attachment":"scroll","background-type":"","background-media":"","overlay-type":"","overlay-color":"","overlay-opacity":"","overlay-gradient":""}}},"product_cat":[370],"product_tag":[],"class_list":{"0":"post-4372","1":"product","2":"type-product","3":"status-publish","4":"has-post-thumbnail","6":"product_cat-mundu","7":"pa_color-white","8":"desktop-align-center","9":"tablet-align-left","10":"mobile-align-left","12":"first","13":"instock","14":"shipping-taxable","15":"purchasable","16":"product-type-variable","17":"has-default-attributes"},"acf":[],"yoast_head":"<!-- This site is optimized with the Yoast SEO plugin v26.8 - https:\/\/yoast.com\/product\/yoast-seo-wordpress\/ -->\n<title>Cintura MCR Dhoti in Velcro (taglia unica) - Kashmiria Fashion<\/title>\n<meta name=\"robots\" content=\"index, follow, max-snippet:-1, max-image-preview:large, max-video-preview:-1\" \/>\n<link rel=\"canonical\" href=\"https:\/\/www.kashmiriafashion.it\/en\/mcr-dhoti-belt-velcro-free-size\/\" \/>\n<meta property=\"og:locale\" content=\"en_GB\" \/>\n<meta property=\"og:type\" content=\"article\" \/>\n<meta property=\"og:title\" content=\"Cintura MCR Dhoti in Velcro (taglia unica) - Kashmiria Fashion\" \/>\n<meta property=\"og:description\" content=\"Cintura MCR Dhoti in Velcro (taglia unica) &nbsp; Indossare un Dhoti\/Mundu a volte pu\u00f2 sembrare difficile. Non dovrai pi\u00f9 riannodare il tuo dhoti ogni tanto.Acquista una cintura MCR Dhoti con il tuo Dhoti cos\u00ec potrai adattare il tuo dhoti stretto alla vita e poi dimenticartene! La cintura in Velcro \u00e8 facile da indossare e da togliere e pu\u00f2 essere regolata di nuovo facilmente. DETTAGLI DEL PRODOTTO: Queste cinture in cotone offrono presa in vita e tengono il dhoti, senza alcun problema La confezione contiene: 1 Cintura Potrebbe esserci una leggera variazione nel colore effettivo del prodotto a causa delle diverse risoluzioni dello schermo.\u00a0 Nota: gli accessori sono solo a scopo illustrativo, non sono inclusi con questo prodotto.\" \/>\n<meta property=\"og:url\" content=\"https:\/\/www.kashmiriafashion.it\/en\/mcr-dhoti-belt-velcro-free-size\/\" \/>\n<meta property=\"og:site_name\" content=\"Kashmiria Fashion\" \/>\n<meta property=\"article:publisher\" content=\"https:\/\/www.facebook.com\/kashmiriafashion\" \/>\n<meta property=\"article:modified_time\" content=\"2026-04-03T10:37:59+00:00\" \/>\n<meta property=\"og:image\" content=\"https:\/\/www.kashmiriafashion.it\/wp-content\/uploads\/2025\/02\/MCRBELTS-e1739439698535.webp\" \/>\n\t<meta property=\"og:image:width\" content=\"800\" \/>\n\t<meta property=\"og:image:height\" content=\"914\" \/>\n\t<meta property=\"og:image:type\" content=\"image\/webp\" \/>\n<meta name=\"twitter:card\" content=\"summary_large_image\" \/>\n<meta name=\"twitter:label1\" content=\"Estimated reading time\" \/>\n\t<meta name=\"twitter:data1\" content=\"1 minute\" \/>\n<script type=\"application\/ld+json\" class=\"yoast-schema-graph\">{\"@context\":\"https:\/\/schema.org\",\"@graph\":[{\"@type\":\"WebPage\",\"@id\":\"https:\/\/www.kashmiriafashion.it\/mcr-dhoti-belt-velcro-free-size\/\",\"url\":\"https:\/\/www.kashmiriafashion.it\/mcr-dhoti-belt-velcro-free-size\/\",\"name\":\"Cintura MCR Dhoti in Velcro (taglia unica) - Kashmiria Fashion\",\"isPartOf\":{\"@id\":\"https:\/\/www.kashmiriafashion.it\/#website\"},\"primaryImageOfPage\":{\"@id\":\"https:\/\/www.kashmiriafashion.it\/mcr-dhoti-belt-velcro-free-size\/#primaryimage\"},\"image\":{\"@id\":\"https:\/\/www.kashmiriafashion.it\/mcr-dhoti-belt-velcro-free-size\/#primaryimage\"},\"thumbnailUrl\":\"https:\/\/www.kashmiriafashion.it\/wp-content\/uploads\/2025\/02\/MCRBELTS-e1739439698535.webp\",\"datePublished\":\"2025-02-13T09:43:42+00:00\",\"dateModified\":\"2026-04-03T10:37:59+00:00\",\"breadcrumb\":{\"@id\":\"https:\/\/www.kashmiriafashion.it\/mcr-dhoti-belt-velcro-free-size\/#breadcrumb\"},\"inLanguage\":\"en-GB\",\"potentialAction\":[{\"@type\":\"ReadAction\",\"target\":[\"https:\/\/www.kashmiriafashion.it\/mcr-dhoti-belt-velcro-free-size\/\"]}]},{\"@type\":\"ImageObject\",\"inLanguage\":\"en-GB\",\"@id\":\"https:\/\/www.kashmiriafashion.it\/mcr-dhoti-belt-velcro-free-size\/#primaryimage\",\"url\":\"https:\/\/www.kashmiriafashion.it\/wp-content\/uploads\/2025\/02\/MCRBELTS-e1739439698535.webp\",\"contentUrl\":\"https:\/\/www.kashmiriafashion.it\/wp-content\/uploads\/2025\/02\/MCRBELTS-e1739439698535.webp\",\"width\":800,\"height\":914,\"caption\":\"Cintura MCR Dhoti in Velcro (taglia unica)\"},{\"@type\":\"BreadcrumbList\",\"@id\":\"https:\/\/www.kashmiriafashion.it\/mcr-dhoti-belt-velcro-free-size\/#breadcrumb\",\"itemListElement\":[{\"@type\":\"ListItem\",\"position\":1,\"name\":\"Home\",\"item\":\"https:\/\/www.kashmiriafashion.it\/\"},{\"@type\":\"ListItem\",\"position\":2,\"name\":\"Shop\",\"item\":\"https:\/\/www.kashmiriafashion.it\/shop\/\"},{\"@type\":\"ListItem\",\"position\":3,\"name\":\"Cintura MCR Dhoti in Velcro (taglia unica)\"}]},{\"@type\":\"WebSite\",\"@id\":\"https:\/\/www.kashmiriafashion.it\/#website\",\"url\":\"https:\/\/www.kashmiriafashion.it\/\",\"name\":\"Kashmiria Fashion\",\"description\":\"Moda e Abbigliamento Donna | Made in India\",\"publisher\":{\"@id\":\"https:\/\/www.kashmiriafashion.it\/#organization\"},\"potentialAction\":[{\"@type\":\"SearchAction\",\"target\":{\"@type\":\"EntryPoint\",\"urlTemplate\":\"https:\/\/www.kashmiriafashion.it\/?s={search_term_string}\"},\"query-input\":{\"@type\":\"PropertyValueSpecification\",\"valueRequired\":true,\"valueName\":\"search_term_string\"}}],\"inLanguage\":\"en-GB\"},{\"@type\":\"Organization\",\"@id\":\"https:\/\/www.kashmiriafashion.it\/#organization\",\"name\":\"Kashmiria Fashion\",\"url\":\"https:\/\/www.kashmiriafashion.it\/\",\"logo\":{\"@type\":\"ImageObject\",\"inLanguage\":\"en-GB\",\"@id\":\"https:\/\/www.kashmiriafashion.it\/#\/schema\/logo\/image\/\",\"url\":\"https:\/\/www.kashmiriafashion.it\/wp-content\/uploads\/2025\/01\/logo-1.svg\",\"contentUrl\":\"https:\/\/www.kashmiriafashion.it\/wp-content\/uploads\/2025\/01\/logo-1.svg\",\"width\":499,\"height\":85,\"caption\":\"Kashmiria Fashion\"},\"image\":{\"@id\":\"https:\/\/www.kashmiriafashion.it\/#\/schema\/logo\/image\/\"},\"sameAs\":[\"https:\/\/www.facebook.com\/kashmiriafashion\",\"https:\/\/www.instagram.com\/kashmiriafashion\",\"https:\/\/www.tiktok.com\/@kashmiriafashion\"]}]}<\/script>\n<!-- \/ Yoast SEO plugin. -->","yoast_head_json":{"title":"Cintura MCR Dhoti in Velcro (taglia unica) - Kashmiria Fashion","robots":{"index":"index","follow":"follow","max-snippet":"max-snippet:-1","max-image-preview":"max-image-preview:large","max-video-preview":"max-video-preview:-1"},"canonical":"https:\/\/www.kashmiriafashion.it\/en\/mcr-dhoti-belt-velcro-free-size\/","og_locale":"en_GB","og_type":"article","og_title":"Cintura MCR Dhoti in Velcro (taglia unica) - Kashmiria Fashion","og_description":"Cintura MCR Dhoti in Velcro (taglia unica) &nbsp; Indossare un Dhoti\/Mundu a volte pu\u00f2 sembrare difficile. Non dovrai pi\u00f9 riannodare il tuo dhoti ogni tanto.Acquista una cintura MCR Dhoti con il tuo Dhoti cos\u00ec potrai adattare il tuo dhoti stretto alla vita e poi dimenticartene! La cintura in Velcro \u00e8 facile da indossare e da togliere e pu\u00f2 essere regolata di nuovo facilmente. DETTAGLI DEL PRODOTTO: Queste cinture in cotone offrono presa in vita e tengono il dhoti, senza alcun problema La confezione contiene: 1 Cintura Potrebbe esserci una leggera variazione nel colore effettivo del prodotto a causa delle diverse risoluzioni dello schermo.\u00a0 Nota: gli accessori sono solo a scopo illustrativo, non sono inclusi con questo prodotto.","og_url":"https:\/\/www.kashmiriafashion.it\/en\/mcr-dhoti-belt-velcro-free-size\/","og_site_name":"Kashmiria Fashion","article_publisher":"https:\/\/www.facebook.com\/kashmiriafashion","article_modified_time":"2026-04-03T10:37:59+00:00","og_image":[{"width":800,"height":914,"url":"https:\/\/www.kashmiriafashion.it\/wp-content\/uploads\/2025\/02\/MCRBELTS-e1739439698535.webp","type":"image\/webp"}],"twitter_card":"summary_large_image","twitter_misc":{"Estimated reading time":"1 minute"},"schema":{"@context":"https:\/\/schema.org","@graph":[{"@type":"WebPage","@id":"https:\/\/www.kashmiriafashion.it\/mcr-dhoti-belt-velcro-free-size\/","url":"https:\/\/www.kashmiriafashion.it\/mcr-dhoti-belt-velcro-free-size\/","name":"Cintura MCR Dhoti in Velcro (taglia unica) - Kashmiria Fashion","isPartOf":{"@id":"https:\/\/www.kashmiriafashion.it\/#website"},"primaryImageOfPage":{"@id":"https:\/\/www.kashmiriafashion.it\/mcr-dhoti-belt-velcro-free-size\/#primaryimage"},"image":{"@id":"https:\/\/www.kashmiriafashion.it\/mcr-dhoti-belt-velcro-free-size\/#primaryimage"},"thumbnailUrl":"https:\/\/www.kashmiriafashion.it\/wp-content\/uploads\/2025\/02\/MCRBELTS-e1739439698535.webp","datePublished":"2025-02-13T09:43:42+00:00","dateModified":"2026-04-03T10:37:59+00:00","breadcrumb":{"@id":"https:\/\/www.kashmiriafashion.it\/mcr-dhoti-belt-velcro-free-size\/#breadcrumb"},"inLanguage":"en-GB","potentialAction":[{"@type":"ReadAction","target":["https:\/\/www.kashmiriafashion.it\/mcr-dhoti-belt-velcro-free-size\/"]}]},{"@type":"ImageObject","inLanguage":"en-GB","@id":"https:\/\/www.kashmiriafashion.it\/mcr-dhoti-belt-velcro-free-size\/#primaryimage","url":"https:\/\/www.kashmiriafashion.it\/wp-content\/uploads\/2025\/02\/MCRBELTS-e1739439698535.webp","contentUrl":"https:\/\/www.kashmiriafashion.it\/wp-content\/uploads\/2025\/02\/MCRBELTS-e1739439698535.webp","width":800,"height":914,"caption":"Cintura MCR Dhoti in Velcro (taglia unica)"},{"@type":"BreadcrumbList","@id":"https:\/\/www.kashmiriafashion.it\/mcr-dhoti-belt-velcro-free-size\/#breadcrumb","itemListElement":[{"@type":"ListItem","position":1,"name":"Home","item":"https:\/\/www.kashmiriafashion.it\/"},{"@type":"ListItem","position":2,"name":"Shop","item":"https:\/\/www.kashmiriafashion.it\/shop\/"},{"@type":"ListItem","position":3,"name":"Cintura MCR Dhoti in Velcro (taglia unica)"}]},{"@type":"WebSite","@id":"https:\/\/www.kashmiriafashion.it\/#website","url":"https:\/\/www.kashmiriafashion.it\/","name":"Kashmiria Fashion","description":"Moda e Abbigliamento Donna | Made in India","publisher":{"@id":"https:\/\/www.kashmiriafashion.it\/#organization"},"potentialAction":[{"@type":"SearchAction","target":{"@type":"EntryPoint","urlTemplate":"https:\/\/www.kashmiriafashion.it\/?s={search_term_string}"},"query-input":{"@type":"PropertyValueSpecification","valueRequired":true,"valueName":"search_term_string"}}],"inLanguage":"en-GB"},{"@type":"Organization","@id":"https:\/\/www.kashmiriafashion.it\/#organization","name":"Kashmiria Fashion","url":"https:\/\/www.kashmiriafashion.it\/","logo":{"@type":"ImageObject","inLanguage":"en-GB","@id":"https:\/\/www.kashmiriafashion.it\/#\/schema\/logo\/image\/","url":"https:\/\/www.kashmiriafashion.it\/wp-content\/uploads\/2025\/01\/logo-1.svg","contentUrl":"https:\/\/www.kashmiriafashion.it\/wp-content\/uploads\/2025\/01\/logo-1.svg","width":499,"height":85,"caption":"Kashmiria Fashion"},"image":{"@id":"https:\/\/www.kashmiriafashion.it\/#\/schema\/logo\/image\/"},"sameAs":["https:\/\/www.facebook.com\/kashmiriafashion","https:\/\/www.instagram.com\/kashmiriafashion","https:\/\/www.tiktok.com\/@kashmiriafashion"]}]}},"_links":{"self":[{"href":"https:\/\/www.kashmiriafashion.it\/en\/wp-json\/wp\/v2\/product\/4372","targetHints":{"allow":["GET"]}}],"collection":[{"href":"https:\/\/www.kashmiriafashion.it\/en\/wp-json\/wp\/v2\/product"}],"about":[{"href":"https:\/\/www.kashmiriafashion.it\/en\/wp-json\/wp\/v2\/types\/product"}],"replies":[{"embeddable":true,"href":"https:\/\/www.kashmiriafashion.it\/en\/wp-json\/wp\/v2\/comments?post=4372"}],"wp:featuredmedia":[{"embeddable":true,"href":"https:\/\/www.kashmiriafashion.it\/en\/wp-json\/wp\/v2\/media\/4373"}],"wp:attachment":[{"href":"https:\/\/www.kashmiriafashion.it\/en\/wp-json\/wp\/v2\/media?parent=4372"}],"wp:term":[{"taxonomy":"product_cat","embeddable":true,"href":"https:\/\/www.kashmiriafashion.it\/en\/wp-json\/wp\/v2\/product_cat?post=4372"},{"taxonomy":"product_tag","embeddable":true,"href":"https:\/\/www.kashmiriafashion.it\/en\/wp-json\/wp\/v2\/product_tag?post=4372"}],"curies":[{"name":"wp","href":"https:\/\/api.w.org\/{rel}","templated":true}]}}