{"id":16864,"date":"2025-08-09T06:33:04","date_gmt":"2025-08-09T06:33:04","guid":{"rendered":"https:\/\/www.kashmiriafashion.it\/?post_type=product&#038;p=16864"},"modified":"2026-04-01T16:49:34","modified_gmt":"2026-04-01T16:49:34","slug":"velcro-mundu-in-puro-cotone-bianco-sporco-con-kasavu-kara-per-bambini","status":"publish","type":"product","link":"https:\/\/www.kashmiriafashion.it\/en\/velcro-mundu-in-puro-cotone-bianco-sporco-con-kasavu-kara-per-bambini\/","title":{"rendered":"Kid's Off White Pure Cotton Velcro Mundu with Kasavu Kara"},"content":{"rendered":"<ul>\n<li class=\" translation-block\">Wearing a Regular Dhoti \/ Mundu can sometimes feel difficult. No more retying your dhoti every now and then. Buy Southloom Velcro Dhoti, so you can tightly fit it around your waist and then forget about it! The Velcro Mundu is easy to wear and remove, and can be re-adjusted easily.<\/li>\n<li class=\" translation-block\">Weaving method: Powerloom | Fabric: Cotton | Border: Kasavu | Color: Off-white<\/li>\n<li><span class=\"jCAhz ChMk0b\"><span class=\"ryNqvb\">Dichiarazione:<\/span><\/span>\u00a0<span class=\"jCAhz ChMk0b\"><span class=\"ryNqvb\">Potrebbe esserci una leggera variazione nel colore effettivo del prodotto a causa delle diverse risoluzioni dello schermo. G<\/span><\/span><span class=\"jCAhz ChMk0b\"><span class=\"ryNqvb\">li accessori sono solo per la presentazione;<\/span><\/span> <span class=\"jCAhz\"><span class=\"ryNqvb\">non sono inclusi con questo prodotto.<\/span><\/span><\/li>\n<\/ul>","protected":false},"excerpt":{"rendered":"<p>Indossare un Dhoti\/Mundu normale a volte pu\u00f2 sembrare difficile. Non dovrai pi\u00f9 riallacciare il tuo dhoti di tanto in tanto. Acquista Velcro Dhoti, cos\u00ec potrai adattarlo perfettamente alla vita e poi dimenticartene! Il Velcro Mundu \u00e8 facile da indossare e togliere e pu\u00f2 essere facilmente regolato. Metodo di tessitura: Powerloom | Tessuto: cotone | Confine: Kasavu | Colore: bianco sporco Dichiarazione:\u00a0Potrebbe esserci una leggera variazione nel colore effettivo del prodotto a causa delle diverse risoluzioni dello schermo. Gli accessori sono solo per la presentazione; non sono inclusi con questo prodotto.<\/p>","protected":false},"featured_media":16868,"comment_status":"open","ping_status":"closed","template":"","meta":{"_acf_changed":false,"site-sidebar-layout":"default","site-content-layout":"","ast-site-content-layout":"default","site-content-style":"default","site-sidebar-style":"default","ast-global-header-display":"","ast-banner-title-visibility":"","ast-main-header-display":"","ast-hfb-above-header-display":"","ast-hfb-below-header-display":"","ast-hfb-mobile-header-display":"","site-post-title":"","ast-breadcrumbs-content":"","ast-featured-img":"","footer-sml-layout":"","theme-transparent-header-meta":"default","adv-header-id-meta":"","stick-header-meta":"","header-above-stick-meta":"","header-main-stick-meta":"","header-below-stick-meta":"","astra-migrate-meta-layouts":"set","ast-page-background-enabled":"default","ast-page-background-meta":{"desktop":{"background-color":"var(--ast-global-color-5)","background-image":"","background-repeat":"repeat","background-position":"center center","background-size":"auto","background-attachment":"scroll","background-type":"","background-media":"","overlay-type":"","overlay-color":"","overlay-opacity":"","overlay-gradient":""},"tablet":{"background-color":"","background-image":"","background-repeat":"repeat","background-position":"center center","background-size":"auto","background-attachment":"scroll","background-type":"","background-media":"","overlay-type":"","overlay-color":"","overlay-opacity":"","overlay-gradient":""},"mobile":{"background-color":"","background-image":"","background-repeat":"repeat","background-position":"center center","background-size":"auto","background-attachment":"scroll","background-type":"","background-media":"","overlay-type":"","overlay-color":"","overlay-opacity":"","overlay-gradient":""}},"ast-content-background-meta":{"desktop":{"background-color":"var(--ast-global-color-4)","background-image":"","background-repeat":"repeat","background-position":"center center","background-size":"auto","background-attachment":"scroll","background-type":"","background-media":"","overlay-type":"","overlay-color":"","overlay-opacity":"","overlay-gradient":""},"tablet":{"background-color":"var(--ast-global-color-4)","background-image":"","background-repeat":"repeat","background-position":"center center","background-size":"auto","background-attachment":"scroll","background-type":"","background-media":"","overlay-type":"","overlay-color":"","overlay-opacity":"","overlay-gradient":""},"mobile":{"background-color":"var(--ast-global-color-4)","background-image":"","background-repeat":"repeat","background-position":"center center","background-size":"auto","background-attachment":"scroll","background-type":"","background-media":"","overlay-type":"","overlay-color":"","overlay-opacity":"","overlay-gradient":""}}},"product_cat":[375,388],"product_tag":[],"class_list":{"0":"post-16864","1":"product","2":"type-product","3":"status-publish","4":"has-post-thumbnail","6":"product_cat-kids","7":"product_cat-boys","8":"pa_color-off-white","9":"desktop-align-center","10":"tablet-align-left","11":"mobile-align-left","13":"first","14":"instock","15":"shipping-taxable","16":"purchasable","17":"product-type-variable","18":"has-default-attributes"},"acf":[],"yoast_head":"<!-- This site is optimized with the Yoast SEO plugin v26.8 - https:\/\/yoast.com\/product\/yoast-seo-wordpress\/ -->\n<title>Velcro Mundu in puro cotone bianco sporco con Kasavu Kara per bambini - Kashmiria Fashion<\/title>\n<meta name=\"robots\" content=\"index, follow, max-snippet:-1, max-image-preview:large, max-video-preview:-1\" \/>\n<link rel=\"canonical\" href=\"https:\/\/www.kashmiriafashion.it\/en\/velcro-mundu-in-puro-cotone-bianco-sporco-con-kasavu-kara-per-bambini\/\" \/>\n<meta property=\"og:locale\" content=\"en_GB\" \/>\n<meta property=\"og:type\" content=\"article\" \/>\n<meta property=\"og:title\" content=\"Velcro Mundu in puro cotone bianco sporco con Kasavu Kara per bambini - Kashmiria Fashion\" \/>\n<meta property=\"og:description\" content=\"Indossare un Dhoti\/Mundu normale a volte pu\u00f2 sembrare difficile. Non dovrai pi\u00f9 riallacciare il tuo dhoti di tanto in tanto. Acquista Velcro Dhoti, cos\u00ec potrai adattarlo perfettamente alla vita e poi dimenticartene! Il Velcro Mundu \u00e8 facile da indossare e togliere e pu\u00f2 essere facilmente regolato. Metodo di tessitura: Powerloom | Tessuto: cotone | Confine: Kasavu | Colore: bianco sporco Dichiarazione:\u00a0Potrebbe esserci una leggera variazione nel colore effettivo del prodotto a causa delle diverse risoluzioni dello schermo. Gli accessori sono solo per la presentazione; non sono inclusi con questo prodotto.\" \/>\n<meta property=\"og:url\" content=\"https:\/\/www.kashmiriafashion.it\/en\/velcro-mundu-in-puro-cotone-bianco-sporco-con-kasavu-kara-per-bambini\/\" \/>\n<meta property=\"og:site_name\" content=\"Kashmiria Fashion\" \/>\n<meta property=\"article:publisher\" content=\"https:\/\/www.facebook.com\/kashmiriafashion\" \/>\n<meta property=\"article:modified_time\" content=\"2026-04-01T16:49:34+00:00\" \/>\n<meta property=\"og:image\" content=\"https:\/\/www.kashmiriafashion.it\/wp-content\/uploads\/2025\/08\/kids-mundu1-1.webp\" \/>\n\t<meta property=\"og:image:width\" content=\"600\" \/>\n\t<meta property=\"og:image:height\" content=\"800\" \/>\n\t<meta property=\"og:image:type\" content=\"image\/webp\" \/>\n<meta name=\"twitter:card\" content=\"summary_large_image\" \/>\n<meta name=\"twitter:label1\" content=\"Estimated reading time\" \/>\n\t<meta name=\"twitter:data1\" content=\"1 minute\" \/>\n<script type=\"application\/ld+json\" class=\"yoast-schema-graph\">{\"@context\":\"https:\/\/schema.org\",\"@graph\":[{\"@type\":\"WebPage\",\"@id\":\"https:\/\/www.kashmiriafashion.it\/velcro-mundu-in-puro-cotone-bianco-sporco-con-kasavu-kara-per-bambini\/\",\"url\":\"https:\/\/www.kashmiriafashion.it\/velcro-mundu-in-puro-cotone-bianco-sporco-con-kasavu-kara-per-bambini\/\",\"name\":\"Velcro Mundu in puro cotone bianco sporco con Kasavu Kara per bambini - Kashmiria Fashion\",\"isPartOf\":{\"@id\":\"https:\/\/www.kashmiriafashion.it\/#website\"},\"primaryImageOfPage\":{\"@id\":\"https:\/\/www.kashmiriafashion.it\/velcro-mundu-in-puro-cotone-bianco-sporco-con-kasavu-kara-per-bambini\/#primaryimage\"},\"image\":{\"@id\":\"https:\/\/www.kashmiriafashion.it\/velcro-mundu-in-puro-cotone-bianco-sporco-con-kasavu-kara-per-bambini\/#primaryimage\"},\"thumbnailUrl\":\"https:\/\/www.kashmiriafashion.it\/wp-content\/uploads\/2025\/08\/kids-mundu1-1.webp\",\"datePublished\":\"2025-08-09T06:33:04+00:00\",\"dateModified\":\"2026-04-01T16:49:34+00:00\",\"breadcrumb\":{\"@id\":\"https:\/\/www.kashmiriafashion.it\/velcro-mundu-in-puro-cotone-bianco-sporco-con-kasavu-kara-per-bambini\/#breadcrumb\"},\"inLanguage\":\"en-GB\",\"potentialAction\":[{\"@type\":\"ReadAction\",\"target\":[\"https:\/\/www.kashmiriafashion.it\/velcro-mundu-in-puro-cotone-bianco-sporco-con-kasavu-kara-per-bambini\/\"]}]},{\"@type\":\"ImageObject\",\"inLanguage\":\"en-GB\",\"@id\":\"https:\/\/www.kashmiriafashion.it\/velcro-mundu-in-puro-cotone-bianco-sporco-con-kasavu-kara-per-bambini\/#primaryimage\",\"url\":\"https:\/\/www.kashmiriafashion.it\/wp-content\/uploads\/2025\/08\/kids-mundu1-1.webp\",\"contentUrl\":\"https:\/\/www.kashmiriafashion.it\/wp-content\/uploads\/2025\/08\/kids-mundu1-1.webp\",\"width\":600,\"height\":800,\"caption\":\"Velcro Mundu in puro cotone bianco sporco con Kasavu Kara per bambini\"},{\"@type\":\"BreadcrumbList\",\"@id\":\"https:\/\/www.kashmiriafashion.it\/velcro-mundu-in-puro-cotone-bianco-sporco-con-kasavu-kara-per-bambini\/#breadcrumb\",\"itemListElement\":[{\"@type\":\"ListItem\",\"position\":1,\"name\":\"Home\",\"item\":\"https:\/\/www.kashmiriafashion.it\/\"},{\"@type\":\"ListItem\",\"position\":2,\"name\":\"Shop\",\"item\":\"https:\/\/www.kashmiriafashion.it\/shop\/\"},{\"@type\":\"ListItem\",\"position\":3,\"name\":\"Velcro Mundu in puro cotone bianco sporco con Kasavu Kara per bambini\"}]},{\"@type\":\"WebSite\",\"@id\":\"https:\/\/www.kashmiriafashion.it\/#website\",\"url\":\"https:\/\/www.kashmiriafashion.it\/\",\"name\":\"Kashmiria Fashion\",\"description\":\"Moda e Abbigliamento Donna | Made in India\",\"publisher\":{\"@id\":\"https:\/\/www.kashmiriafashion.it\/#organization\"},\"potentialAction\":[{\"@type\":\"SearchAction\",\"target\":{\"@type\":\"EntryPoint\",\"urlTemplate\":\"https:\/\/www.kashmiriafashion.it\/?s={search_term_string}\"},\"query-input\":{\"@type\":\"PropertyValueSpecification\",\"valueRequired\":true,\"valueName\":\"search_term_string\"}}],\"inLanguage\":\"en-GB\"},{\"@type\":\"Organization\",\"@id\":\"https:\/\/www.kashmiriafashion.it\/#organization\",\"name\":\"Kashmiria Fashion\",\"url\":\"https:\/\/www.kashmiriafashion.it\/\",\"logo\":{\"@type\":\"ImageObject\",\"inLanguage\":\"en-GB\",\"@id\":\"https:\/\/www.kashmiriafashion.it\/#\/schema\/logo\/image\/\",\"url\":\"https:\/\/www.kashmiriafashion.it\/wp-content\/uploads\/2025\/01\/logo-1.svg\",\"contentUrl\":\"https:\/\/www.kashmiriafashion.it\/wp-content\/uploads\/2025\/01\/logo-1.svg\",\"width\":499,\"height\":85,\"caption\":\"Kashmiria Fashion\"},\"image\":{\"@id\":\"https:\/\/www.kashmiriafashion.it\/#\/schema\/logo\/image\/\"},\"sameAs\":[\"https:\/\/www.facebook.com\/kashmiriafashion\",\"https:\/\/www.instagram.com\/kashmiriafashion\",\"https:\/\/www.tiktok.com\/@kashmiriafashion\"]}]}<\/script>\n<!-- \/ Yoast SEO plugin. -->","yoast_head_json":{"title":"Velcro Mundu in puro cotone bianco sporco con Kasavu Kara per bambini - Kashmiria Fashion","robots":{"index":"index","follow":"follow","max-snippet":"max-snippet:-1","max-image-preview":"max-image-preview:large","max-video-preview":"max-video-preview:-1"},"canonical":"https:\/\/www.kashmiriafashion.it\/en\/velcro-mundu-in-puro-cotone-bianco-sporco-con-kasavu-kara-per-bambini\/","og_locale":"en_GB","og_type":"article","og_title":"Velcro Mundu in puro cotone bianco sporco con Kasavu Kara per bambini - Kashmiria Fashion","og_description":"Indossare un Dhoti\/Mundu normale a volte pu\u00f2 sembrare difficile. Non dovrai pi\u00f9 riallacciare il tuo dhoti di tanto in tanto. Acquista Velcro Dhoti, cos\u00ec potrai adattarlo perfettamente alla vita e poi dimenticartene! Il Velcro Mundu \u00e8 facile da indossare e togliere e pu\u00f2 essere facilmente regolato. Metodo di tessitura: Powerloom | Tessuto: cotone | Confine: Kasavu | Colore: bianco sporco Dichiarazione:\u00a0Potrebbe esserci una leggera variazione nel colore effettivo del prodotto a causa delle diverse risoluzioni dello schermo. Gli accessori sono solo per la presentazione; non sono inclusi con questo prodotto.","og_url":"https:\/\/www.kashmiriafashion.it\/en\/velcro-mundu-in-puro-cotone-bianco-sporco-con-kasavu-kara-per-bambini\/","og_site_name":"Kashmiria Fashion","article_publisher":"https:\/\/www.facebook.com\/kashmiriafashion","article_modified_time":"2026-04-01T16:49:34+00:00","og_image":[{"width":600,"height":800,"url":"https:\/\/www.kashmiriafashion.it\/wp-content\/uploads\/2025\/08\/kids-mundu1-1.webp","type":"image\/webp"}],"twitter_card":"summary_large_image","twitter_misc":{"Estimated reading time":"1 minute"},"schema":{"@context":"https:\/\/schema.org","@graph":[{"@type":"WebPage","@id":"https:\/\/www.kashmiriafashion.it\/velcro-mundu-in-puro-cotone-bianco-sporco-con-kasavu-kara-per-bambini\/","url":"https:\/\/www.kashmiriafashion.it\/velcro-mundu-in-puro-cotone-bianco-sporco-con-kasavu-kara-per-bambini\/","name":"Velcro Mundu in puro cotone bianco sporco con Kasavu Kara per bambini - Kashmiria Fashion","isPartOf":{"@id":"https:\/\/www.kashmiriafashion.it\/#website"},"primaryImageOfPage":{"@id":"https:\/\/www.kashmiriafashion.it\/velcro-mundu-in-puro-cotone-bianco-sporco-con-kasavu-kara-per-bambini\/#primaryimage"},"image":{"@id":"https:\/\/www.kashmiriafashion.it\/velcro-mundu-in-puro-cotone-bianco-sporco-con-kasavu-kara-per-bambini\/#primaryimage"},"thumbnailUrl":"https:\/\/www.kashmiriafashion.it\/wp-content\/uploads\/2025\/08\/kids-mundu1-1.webp","datePublished":"2025-08-09T06:33:04+00:00","dateModified":"2026-04-01T16:49:34+00:00","breadcrumb":{"@id":"https:\/\/www.kashmiriafashion.it\/velcro-mundu-in-puro-cotone-bianco-sporco-con-kasavu-kara-per-bambini\/#breadcrumb"},"inLanguage":"en-GB","potentialAction":[{"@type":"ReadAction","target":["https:\/\/www.kashmiriafashion.it\/velcro-mundu-in-puro-cotone-bianco-sporco-con-kasavu-kara-per-bambini\/"]}]},{"@type":"ImageObject","inLanguage":"en-GB","@id":"https:\/\/www.kashmiriafashion.it\/velcro-mundu-in-puro-cotone-bianco-sporco-con-kasavu-kara-per-bambini\/#primaryimage","url":"https:\/\/www.kashmiriafashion.it\/wp-content\/uploads\/2025\/08\/kids-mundu1-1.webp","contentUrl":"https:\/\/www.kashmiriafashion.it\/wp-content\/uploads\/2025\/08\/kids-mundu1-1.webp","width":600,"height":800,"caption":"Velcro Mundu in puro cotone bianco sporco con Kasavu Kara per bambini"},{"@type":"BreadcrumbList","@id":"https:\/\/www.kashmiriafashion.it\/velcro-mundu-in-puro-cotone-bianco-sporco-con-kasavu-kara-per-bambini\/#breadcrumb","itemListElement":[{"@type":"ListItem","position":1,"name":"Home","item":"https:\/\/www.kashmiriafashion.it\/"},{"@type":"ListItem","position":2,"name":"Shop","item":"https:\/\/www.kashmiriafashion.it\/shop\/"},{"@type":"ListItem","position":3,"name":"Velcro Mundu in puro cotone bianco sporco con Kasavu Kara per bambini"}]},{"@type":"WebSite","@id":"https:\/\/www.kashmiriafashion.it\/#website","url":"https:\/\/www.kashmiriafashion.it\/","name":"Kashmiria Fashion","description":"Moda e Abbigliamento Donna | Made in India","publisher":{"@id":"https:\/\/www.kashmiriafashion.it\/#organization"},"potentialAction":[{"@type":"SearchAction","target":{"@type":"EntryPoint","urlTemplate":"https:\/\/www.kashmiriafashion.it\/?s={search_term_string}"},"query-input":{"@type":"PropertyValueSpecification","valueRequired":true,"valueName":"search_term_string"}}],"inLanguage":"en-GB"},{"@type":"Organization","@id":"https:\/\/www.kashmiriafashion.it\/#organization","name":"Kashmiria Fashion","url":"https:\/\/www.kashmiriafashion.it\/","logo":{"@type":"ImageObject","inLanguage":"en-GB","@id":"https:\/\/www.kashmiriafashion.it\/#\/schema\/logo\/image\/","url":"https:\/\/www.kashmiriafashion.it\/wp-content\/uploads\/2025\/01\/logo-1.svg","contentUrl":"https:\/\/www.kashmiriafashion.it\/wp-content\/uploads\/2025\/01\/logo-1.svg","width":499,"height":85,"caption":"Kashmiria Fashion"},"image":{"@id":"https:\/\/www.kashmiriafashion.it\/#\/schema\/logo\/image\/"},"sameAs":["https:\/\/www.facebook.com\/kashmiriafashion","https:\/\/www.instagram.com\/kashmiriafashion","https:\/\/www.tiktok.com\/@kashmiriafashion"]}]}},"_links":{"self":[{"href":"https:\/\/www.kashmiriafashion.it\/en\/wp-json\/wp\/v2\/product\/16864","targetHints":{"allow":["GET"]}}],"collection":[{"href":"https:\/\/www.kashmiriafashion.it\/en\/wp-json\/wp\/v2\/product"}],"about":[{"href":"https:\/\/www.kashmiriafashion.it\/en\/wp-json\/wp\/v2\/types\/product"}],"replies":[{"embeddable":true,"href":"https:\/\/www.kashmiriafashion.it\/en\/wp-json\/wp\/v2\/comments?post=16864"}],"wp:featuredmedia":[{"embeddable":true,"href":"https:\/\/www.kashmiriafashion.it\/en\/wp-json\/wp\/v2\/media\/16868"}],"wp:attachment":[{"href":"https:\/\/www.kashmiriafashion.it\/en\/wp-json\/wp\/v2\/media?parent=16864"}],"wp:term":[{"taxonomy":"product_cat","embeddable":true,"href":"https:\/\/www.kashmiriafashion.it\/en\/wp-json\/wp\/v2\/product_cat?post=16864"},{"taxonomy":"product_tag","embeddable":true,"href":"https:\/\/www.kashmiriafashion.it\/en\/wp-json\/wp\/v2\/product_tag?post=16864"}],"curies":[{"name":"wp","href":"https:\/\/api.w.org\/{rel}","templated":true}]}}