{"id":16289,"date":"2025-07-07T20:32:31","date_gmt":"2025-07-07T20:32:31","guid":{"rendered":"https:\/\/www.kashmiriafashion.it\/?post_type=product&#038;p=16289"},"modified":"2026-04-01T17:16:53","modified_gmt":"2026-04-01T17:16:53","slug":"sottoveste-modellanti-elasticizzate-per-sari-taglia-unica-adatta-da-xl-a-xxl","status":"publish","type":"product","link":"https:\/\/www.kashmiriafashion.it\/en\/sottoveste-modellanti-elasticizzate-per-sari-taglia-unica-adatta-da-xl-a-xxl\/","title":{"rendered":"Sottoveste modellanti elasticizzate per sari taglia unica adatta da XL a XXL"},"content":{"rendered":"<p>It can be used not only for sarees but also for other outfits like lehengas and maxi dresses. The tight and stretchy fit will make you look perfect and give a perfect shape to your style.<\/p>\n<ul>\n<li>Fabric: Lycra | Stretch | Stretch and suitable for dress  size from XL to XXL.<\/li>\n<li>Package Includes: 1 x Saree Shapewear<\/li>\n<li>Declaration: Please refer to the pictures to select the most suitable color. Actual product color may vary slightly due to different screen resolutions. Note: Accessories are for illustration purposes only and are not included.<\/li>\n<\/ul>","protected":false},"excerpt":{"rendered":"<p>Pu\u00f2 essere utilizzato non solo per i sari, ma anche per altri outfit come lehengas e abiti lunghi. La vestibilit\u00e0 aderente ed elasticizzata ti doner\u00e0 un look perfetto e doner\u00e0 una forma perfetta al tuo stile. Tessuto: Lycra | Elasticizzato | Elasticizzato e adatto alle taglie dalla XL alla XXL. La confezione include: 1 x Sari Shapewear Avvertenze: Fare riferimento alle immagini per selezionare il colore pi\u00f9 adatto. Il colore reale del prodotto pu\u00f2 variare leggermente a causa delle diverse risoluzioni dello schermo. Nota: gli accessori sono solo a scopo illustrativo e non sono inclusi.<\/p>","protected":false},"featured_media":15966,"comment_status":"open","ping_status":"closed","template":"","meta":{"_acf_changed":false,"site-sidebar-layout":"default","site-content-layout":"","ast-site-content-layout":"default","site-content-style":"default","site-sidebar-style":"default","ast-global-header-display":"","ast-banner-title-visibility":"","ast-main-header-display":"","ast-hfb-above-header-display":"","ast-hfb-below-header-display":"","ast-hfb-mobile-header-display":"","site-post-title":"","ast-breadcrumbs-content":"","ast-featured-img":"","footer-sml-layout":"","theme-transparent-header-meta":"default","adv-header-id-meta":"","stick-header-meta":"","header-above-stick-meta":"","header-main-stick-meta":"","header-below-stick-meta":"","astra-migrate-meta-layouts":"set","ast-page-background-enabled":"default","ast-page-background-meta":{"desktop":{"background-color":"var(--ast-global-color-5)","background-image":"","background-repeat":"repeat","background-position":"center center","background-size":"auto","background-attachment":"scroll","background-type":"","background-media":"","overlay-type":"","overlay-color":"","overlay-opacity":"","overlay-gradient":""},"tablet":{"background-color":"","background-image":"","background-repeat":"repeat","background-position":"center center","background-size":"auto","background-attachment":"scroll","background-type":"","background-media":"","overlay-type":"","overlay-color":"","overlay-opacity":"","overlay-gradient":""},"mobile":{"background-color":"","background-image":"","background-repeat":"repeat","background-position":"center center","background-size":"auto","background-attachment":"scroll","background-type":"","background-media":"","overlay-type":"","overlay-color":"","overlay-opacity":"","overlay-gradient":""}},"ast-content-background-meta":{"desktop":{"background-color":"var(--ast-global-color-4)","background-image":"","background-repeat":"repeat","background-position":"center center","background-size":"auto","background-attachment":"scroll","background-type":"","background-media":"","overlay-type":"","overlay-color":"","overlay-opacity":"","overlay-gradient":""},"tablet":{"background-color":"var(--ast-global-color-4)","background-image":"","background-repeat":"repeat","background-position":"center center","background-size":"auto","background-attachment":"scroll","background-type":"","background-media":"","overlay-type":"","overlay-color":"","overlay-opacity":"","overlay-gradient":""},"mobile":{"background-color":"var(--ast-global-color-4)","background-image":"","background-repeat":"repeat","background-position":"center center","background-size":"auto","background-attachment":"scroll","background-type":"","background-media":"","overlay-type":"","overlay-color":"","overlay-opacity":"","overlay-gradient":""}}},"product_cat":[338,379,364,366],"product_tag":[],"class_list":{"0":"post-16289","1":"product","2":"type-product","3":"status-publish","4":"has-post-thumbnail","6":"product_cat-indian-ethnic","7":"product_cat-saree-shaper","8":"product_cat-saree","9":"product_cat-set-saree","10":"pa_color-beige-en","11":"pa_color-white","12":"pa_color-blue","13":"pa_color-dark-blue","14":"pa_color-yellow","15":"pa_color-giallo-dorato","16":"pa_color-grey","17":"pa_color-dark-grey","18":"pa_color-brown","19":"pa_color-peach","20":"pa_color-pink","21":"pa_color-rosa-carne","22":"pa_color-red","23":"pa_color-wine-red","24":"pa_color-rosso-vino-scuro","25":"pa_color-teal-green","26":"pa_color-jade-green","27":"pa_color-pista-green","28":"desktop-align-center","29":"tablet-align-left","30":"mobile-align-left","32":"first","33":"instock","34":"taxable","35":"shipping-taxable","36":"purchasable","37":"product-type-variable","38":"has-default-attributes"},"acf":[],"yoast_head":"<!-- This site is optimized with the Yoast SEO plugin v26.8 - https:\/\/yoast.com\/product\/yoast-seo-wordpress\/ -->\n<title>Sottoveste modellanti elasticizzate per sari taglia unica adatta da XL a XXL - Kashmiria Fashion<\/title>\n<meta name=\"robots\" content=\"index, follow, max-snippet:-1, max-image-preview:large, max-video-preview:-1\" \/>\n<link rel=\"canonical\" href=\"https:\/\/www.kashmiriafashion.it\/en\/sottoveste-modellanti-elasticizzate-per-sari-taglia-unica-adatta-da-xl-a-xxl\/\" \/>\n<meta property=\"og:locale\" content=\"en_GB\" \/>\n<meta property=\"og:type\" content=\"article\" \/>\n<meta property=\"og:title\" content=\"Sottoveste modellanti elasticizzate per sari taglia unica adatta da XL a XXL - Kashmiria Fashion\" \/>\n<meta property=\"og:description\" content=\"Pu\u00f2 essere utilizzato non solo per i sari, ma anche per altri outfit come lehengas e abiti lunghi. La vestibilit\u00e0 aderente ed elasticizzata ti doner\u00e0 un look perfetto e doner\u00e0 una forma perfetta al tuo stile. Tessuto: Lycra | Elasticizzato | Elasticizzato e adatto alle taglie dalla XL alla XXL. La confezione include: 1 x Sari Shapewear Avvertenze: Fare riferimento alle immagini per selezionare il colore pi\u00f9 adatto. Il colore reale del prodotto pu\u00f2 variare leggermente a causa delle diverse risoluzioni dello schermo. Nota: gli accessori sono solo a scopo illustrativo e non sono inclusi.\" \/>\n<meta property=\"og:url\" content=\"https:\/\/www.kashmiriafashion.it\/en\/sottoveste-modellanti-elasticizzate-per-sari-taglia-unica-adatta-da-xl-a-xxl\/\" \/>\n<meta property=\"og:site_name\" content=\"Kashmiria Fashion\" \/>\n<meta property=\"article:publisher\" content=\"https:\/\/www.facebook.com\/kashmiriafashion\" \/>\n<meta property=\"article:modified_time\" content=\"2026-04-01T17:16:53+00:00\" \/>\n<meta property=\"og:image\" content=\"https:\/\/www.kashmiriafashion.it\/wp-content\/uploads\/2025\/04\/saree-shaper-red1.webp\" \/>\n\t<meta property=\"og:image:width\" content=\"489\" \/>\n\t<meta property=\"og:image:height\" content=\"800\" \/>\n\t<meta property=\"og:image:type\" content=\"image\/webp\" \/>\n<meta name=\"twitter:card\" content=\"summary_large_image\" \/>\n<meta name=\"twitter:label1\" content=\"Estimated reading time\" \/>\n\t<meta name=\"twitter:data1\" content=\"1 minute\" \/>\n<script type=\"application\/ld+json\" class=\"yoast-schema-graph\">{\"@context\":\"https:\/\/schema.org\",\"@graph\":[{\"@type\":\"WebPage\",\"@id\":\"https:\/\/www.kashmiriafashion.it\/sottoveste-modellanti-elasticizzate-per-sari-taglia-unica-adatta-da-xl-a-xxl\/\",\"url\":\"https:\/\/www.kashmiriafashion.it\/sottoveste-modellanti-elasticizzate-per-sari-taglia-unica-adatta-da-xl-a-xxl\/\",\"name\":\"Sottoveste modellanti elasticizzate per sari taglia unica adatta da XL a XXL - Kashmiria Fashion\",\"isPartOf\":{\"@id\":\"https:\/\/www.kashmiriafashion.it\/#website\"},\"primaryImageOfPage\":{\"@id\":\"https:\/\/www.kashmiriafashion.it\/sottoveste-modellanti-elasticizzate-per-sari-taglia-unica-adatta-da-xl-a-xxl\/#primaryimage\"},\"image\":{\"@id\":\"https:\/\/www.kashmiriafashion.it\/sottoveste-modellanti-elasticizzate-per-sari-taglia-unica-adatta-da-xl-a-xxl\/#primaryimage\"},\"thumbnailUrl\":\"https:\/\/www.kashmiriafashion.it\/wp-content\/uploads\/2025\/04\/saree-shaper-red1.webp\",\"datePublished\":\"2025-07-07T20:32:31+00:00\",\"dateModified\":\"2026-04-01T17:16:53+00:00\",\"breadcrumb\":{\"@id\":\"https:\/\/www.kashmiriafashion.it\/sottoveste-modellanti-elasticizzate-per-sari-taglia-unica-adatta-da-xl-a-xxl\/#breadcrumb\"},\"inLanguage\":\"en-GB\",\"potentialAction\":[{\"@type\":\"ReadAction\",\"target\":[\"https:\/\/www.kashmiriafashion.it\/sottoveste-modellanti-elasticizzate-per-sari-taglia-unica-adatta-da-xl-a-xxl\/\"]}]},{\"@type\":\"ImageObject\",\"inLanguage\":\"en-GB\",\"@id\":\"https:\/\/www.kashmiriafashion.it\/sottoveste-modellanti-elasticizzate-per-sari-taglia-unica-adatta-da-xl-a-xxl\/#primaryimage\",\"url\":\"https:\/\/www.kashmiriafashion.it\/wp-content\/uploads\/2025\/04\/saree-shaper-red1.webp\",\"contentUrl\":\"https:\/\/www.kashmiriafashion.it\/wp-content\/uploads\/2025\/04\/saree-shaper-red1.webp\",\"width\":489,\"height\":800,\"caption\":\"Sottoveste modellanti elasticizzate per sari taglia unica adatta da M a XL\"},{\"@type\":\"BreadcrumbList\",\"@id\":\"https:\/\/www.kashmiriafashion.it\/sottoveste-modellanti-elasticizzate-per-sari-taglia-unica-adatta-da-xl-a-xxl\/#breadcrumb\",\"itemListElement\":[{\"@type\":\"ListItem\",\"position\":1,\"name\":\"Home\",\"item\":\"https:\/\/www.kashmiriafashion.it\/\"},{\"@type\":\"ListItem\",\"position\":2,\"name\":\"Shop\",\"item\":\"https:\/\/www.kashmiriafashion.it\/shop\/\"},{\"@type\":\"ListItem\",\"position\":3,\"name\":\"Sottoveste modellanti elasticizzate per sari taglia unica adatta da XL a XXL\"}]},{\"@type\":\"WebSite\",\"@id\":\"https:\/\/www.kashmiriafashion.it\/#website\",\"url\":\"https:\/\/www.kashmiriafashion.it\/\",\"name\":\"Kashmiria Fashion\",\"description\":\"Moda e Abbigliamento Donna | Made in India\",\"publisher\":{\"@id\":\"https:\/\/www.kashmiriafashion.it\/#organization\"},\"potentialAction\":[{\"@type\":\"SearchAction\",\"target\":{\"@type\":\"EntryPoint\",\"urlTemplate\":\"https:\/\/www.kashmiriafashion.it\/?s={search_term_string}\"},\"query-input\":{\"@type\":\"PropertyValueSpecification\",\"valueRequired\":true,\"valueName\":\"search_term_string\"}}],\"inLanguage\":\"en-GB\"},{\"@type\":\"Organization\",\"@id\":\"https:\/\/www.kashmiriafashion.it\/#organization\",\"name\":\"Kashmiria Fashion\",\"url\":\"https:\/\/www.kashmiriafashion.it\/\",\"logo\":{\"@type\":\"ImageObject\",\"inLanguage\":\"en-GB\",\"@id\":\"https:\/\/www.kashmiriafashion.it\/#\/schema\/logo\/image\/\",\"url\":\"https:\/\/www.kashmiriafashion.it\/wp-content\/uploads\/2025\/01\/logo-1.svg\",\"contentUrl\":\"https:\/\/www.kashmiriafashion.it\/wp-content\/uploads\/2025\/01\/logo-1.svg\",\"width\":499,\"height\":85,\"caption\":\"Kashmiria Fashion\"},\"image\":{\"@id\":\"https:\/\/www.kashmiriafashion.it\/#\/schema\/logo\/image\/\"},\"sameAs\":[\"https:\/\/www.facebook.com\/kashmiriafashion\",\"https:\/\/www.instagram.com\/kashmiriafashion\",\"https:\/\/www.tiktok.com\/@kashmiriafashion\"]}]}<\/script>\n<!-- \/ Yoast SEO plugin. -->","yoast_head_json":{"title":"Sottoveste modellanti elasticizzate per sari taglia unica adatta da XL a XXL - Kashmiria Fashion","robots":{"index":"index","follow":"follow","max-snippet":"max-snippet:-1","max-image-preview":"max-image-preview:large","max-video-preview":"max-video-preview:-1"},"canonical":"https:\/\/www.kashmiriafashion.it\/en\/sottoveste-modellanti-elasticizzate-per-sari-taglia-unica-adatta-da-xl-a-xxl\/","og_locale":"en_GB","og_type":"article","og_title":"Sottoveste modellanti elasticizzate per sari taglia unica adatta da XL a XXL - Kashmiria Fashion","og_description":"Pu\u00f2 essere utilizzato non solo per i sari, ma anche per altri outfit come lehengas e abiti lunghi. La vestibilit\u00e0 aderente ed elasticizzata ti doner\u00e0 un look perfetto e doner\u00e0 una forma perfetta al tuo stile. Tessuto: Lycra | Elasticizzato | Elasticizzato e adatto alle taglie dalla XL alla XXL. La confezione include: 1 x Sari Shapewear Avvertenze: Fare riferimento alle immagini per selezionare il colore pi\u00f9 adatto. Il colore reale del prodotto pu\u00f2 variare leggermente a causa delle diverse risoluzioni dello schermo. Nota: gli accessori sono solo a scopo illustrativo e non sono inclusi.","og_url":"https:\/\/www.kashmiriafashion.it\/en\/sottoveste-modellanti-elasticizzate-per-sari-taglia-unica-adatta-da-xl-a-xxl\/","og_site_name":"Kashmiria Fashion","article_publisher":"https:\/\/www.facebook.com\/kashmiriafashion","article_modified_time":"2026-04-01T17:16:53+00:00","og_image":[{"width":489,"height":800,"url":"https:\/\/www.kashmiriafashion.it\/wp-content\/uploads\/2025\/04\/saree-shaper-red1.webp","type":"image\/webp"}],"twitter_card":"summary_large_image","twitter_misc":{"Estimated reading time":"1 minute"},"schema":{"@context":"https:\/\/schema.org","@graph":[{"@type":"WebPage","@id":"https:\/\/www.kashmiriafashion.it\/sottoveste-modellanti-elasticizzate-per-sari-taglia-unica-adatta-da-xl-a-xxl\/","url":"https:\/\/www.kashmiriafashion.it\/sottoveste-modellanti-elasticizzate-per-sari-taglia-unica-adatta-da-xl-a-xxl\/","name":"Sottoveste modellanti elasticizzate per sari taglia unica adatta da XL a XXL - Kashmiria Fashion","isPartOf":{"@id":"https:\/\/www.kashmiriafashion.it\/#website"},"primaryImageOfPage":{"@id":"https:\/\/www.kashmiriafashion.it\/sottoveste-modellanti-elasticizzate-per-sari-taglia-unica-adatta-da-xl-a-xxl\/#primaryimage"},"image":{"@id":"https:\/\/www.kashmiriafashion.it\/sottoveste-modellanti-elasticizzate-per-sari-taglia-unica-adatta-da-xl-a-xxl\/#primaryimage"},"thumbnailUrl":"https:\/\/www.kashmiriafashion.it\/wp-content\/uploads\/2025\/04\/saree-shaper-red1.webp","datePublished":"2025-07-07T20:32:31+00:00","dateModified":"2026-04-01T17:16:53+00:00","breadcrumb":{"@id":"https:\/\/www.kashmiriafashion.it\/sottoveste-modellanti-elasticizzate-per-sari-taglia-unica-adatta-da-xl-a-xxl\/#breadcrumb"},"inLanguage":"en-GB","potentialAction":[{"@type":"ReadAction","target":["https:\/\/www.kashmiriafashion.it\/sottoveste-modellanti-elasticizzate-per-sari-taglia-unica-adatta-da-xl-a-xxl\/"]}]},{"@type":"ImageObject","inLanguage":"en-GB","@id":"https:\/\/www.kashmiriafashion.it\/sottoveste-modellanti-elasticizzate-per-sari-taglia-unica-adatta-da-xl-a-xxl\/#primaryimage","url":"https:\/\/www.kashmiriafashion.it\/wp-content\/uploads\/2025\/04\/saree-shaper-red1.webp","contentUrl":"https:\/\/www.kashmiriafashion.it\/wp-content\/uploads\/2025\/04\/saree-shaper-red1.webp","width":489,"height":800,"caption":"Sottoveste modellanti elasticizzate per sari taglia unica adatta da M a XL"},{"@type":"BreadcrumbList","@id":"https:\/\/www.kashmiriafashion.it\/sottoveste-modellanti-elasticizzate-per-sari-taglia-unica-adatta-da-xl-a-xxl\/#breadcrumb","itemListElement":[{"@type":"ListItem","position":1,"name":"Home","item":"https:\/\/www.kashmiriafashion.it\/"},{"@type":"ListItem","position":2,"name":"Shop","item":"https:\/\/www.kashmiriafashion.it\/shop\/"},{"@type":"ListItem","position":3,"name":"Sottoveste modellanti elasticizzate per sari taglia unica adatta da XL a XXL"}]},{"@type":"WebSite","@id":"https:\/\/www.kashmiriafashion.it\/#website","url":"https:\/\/www.kashmiriafashion.it\/","name":"Kashmiria Fashion","description":"Moda e Abbigliamento Donna | Made in India","publisher":{"@id":"https:\/\/www.kashmiriafashion.it\/#organization"},"potentialAction":[{"@type":"SearchAction","target":{"@type":"EntryPoint","urlTemplate":"https:\/\/www.kashmiriafashion.it\/?s={search_term_string}"},"query-input":{"@type":"PropertyValueSpecification","valueRequired":true,"valueName":"search_term_string"}}],"inLanguage":"en-GB"},{"@type":"Organization","@id":"https:\/\/www.kashmiriafashion.it\/#organization","name":"Kashmiria Fashion","url":"https:\/\/www.kashmiriafashion.it\/","logo":{"@type":"ImageObject","inLanguage":"en-GB","@id":"https:\/\/www.kashmiriafashion.it\/#\/schema\/logo\/image\/","url":"https:\/\/www.kashmiriafashion.it\/wp-content\/uploads\/2025\/01\/logo-1.svg","contentUrl":"https:\/\/www.kashmiriafashion.it\/wp-content\/uploads\/2025\/01\/logo-1.svg","width":499,"height":85,"caption":"Kashmiria Fashion"},"image":{"@id":"https:\/\/www.kashmiriafashion.it\/#\/schema\/logo\/image\/"},"sameAs":["https:\/\/www.facebook.com\/kashmiriafashion","https:\/\/www.instagram.com\/kashmiriafashion","https:\/\/www.tiktok.com\/@kashmiriafashion"]}]}},"_links":{"self":[{"href":"https:\/\/www.kashmiriafashion.it\/en\/wp-json\/wp\/v2\/product\/16289","targetHints":{"allow":["GET"]}}],"collection":[{"href":"https:\/\/www.kashmiriafashion.it\/en\/wp-json\/wp\/v2\/product"}],"about":[{"href":"https:\/\/www.kashmiriafashion.it\/en\/wp-json\/wp\/v2\/types\/product"}],"replies":[{"embeddable":true,"href":"https:\/\/www.kashmiriafashion.it\/en\/wp-json\/wp\/v2\/comments?post=16289"}],"wp:featuredmedia":[{"embeddable":true,"href":"https:\/\/www.kashmiriafashion.it\/en\/wp-json\/wp\/v2\/media\/15966"}],"wp:attachment":[{"href":"https:\/\/www.kashmiriafashion.it\/en\/wp-json\/wp\/v2\/media?parent=16289"}],"wp:term":[{"taxonomy":"product_cat","embeddable":true,"href":"https:\/\/www.kashmiriafashion.it\/en\/wp-json\/wp\/v2\/product_cat?post=16289"},{"taxonomy":"product_tag","embeddable":true,"href":"https:\/\/www.kashmiriafashion.it\/en\/wp-json\/wp\/v2\/product_tag?post=16289"}],"curies":[{"name":"wp","href":"https:\/\/api.w.org\/{rel}","templated":true}]}}