{"id":15590,"date":"2025-05-30T15:44:49","date_gmt":"2025-05-30T15:44:49","guid":{"rendered":"https:\/\/www.kashmiriafashion.it\/?post_type=product&#038;p=15590"},"modified":"2026-04-01T17:21:14","modified_gmt":"2026-04-01T17:21:14","slug":"top-regolare-in-chiffon-dobby-color-salvia-con-motivo-intrecciato","status":"publish","type":"product","link":"https:\/\/www.kashmiriafashion.it\/en\/top-regolare-in-chiffon-dobby-color-salvia-con-motivo-intrecciato\/","title":{"rendered":"Sage Dobby Chiffon Woven Design Regular Top"},"content":{"rendered":"<p>L&#8217;elegante top in chiffon di Kashmiria \u00e8 un perfetto connubio tra stile e comfort. \u00c8 realizzato in chiffon dobby di alta qualit\u00e0 e presenta un intricato colletto a fascia e maniche a tre quarti. Il colore salvia aggiunge un tocco di freschezza che lo rende perfetto per un look casual. Abbinalo ai tuoi pantaloni preferiti per un look chic. Per una bellezza duratura, lavare a mano delicatamente.<\/p>\n<ul>\n<li>Tessuto del top: chiffon dobby | Lunghezza del top: 26&#8243; | Colore: salvia | Fantasia: intrecciato | Occasione: formale | Stile: regolare | Tipo di manica: maniche a tre quarti (maniche regolari)<\/li>\n<li>Package Contains: 1 Top<\/li>\n<li>Avvertenza: il colore effettivo del prodotto potrebbe variare leggermente a causa delle diverse risoluzioni dello schermo.<br \/>\nNote: Accessories are for illustration purposes only and are not included in the product.<\/li>\n<\/ul>","protected":false},"excerpt":{"rendered":"<p>L&#8217;elegante top in chiffon di Kashmiria \u00e8 un perfetto connubio tra stile e comfort. \u00c8 realizzato in chiffon dobby di alta qualit\u00e0 e presenta un intricato colletto a fascia e maniche a tre quarti. Il colore salvia aggiunge un tocco di freschezza che lo rende perfetto per un look casual. Abbinalo ai tuoi pantaloni preferiti per un look chic. Per una bellezza duratura, lavare a mano delicatamente. Tessuto del top: chiffon dobby | Lunghezza del top: 26&#8243; | Colore: salvia | Fantasia: intrecciato | Occasione: formale | Stile: regolare | Tipo di manica: maniche a tre quarti (maniche regolari) La confezione contiene: 1 top Avvertenza: il colore effettivo del prodotto potrebbe variare leggermente a causa delle diverse risoluzioni dello schermo. Nota: gli accessori sono solo a scopo illustrativo e non sono inclusi.<\/p>","protected":false},"featured_media":15601,"comment_status":"open","ping_status":"closed","template":"","meta":{"_acf_changed":false,"site-sidebar-layout":"default","site-content-layout":"","ast-site-content-layout":"default","site-content-style":"default","site-sidebar-style":"default","ast-global-header-display":"","ast-banner-title-visibility":"","ast-main-header-display":"","ast-hfb-above-header-display":"","ast-hfb-below-header-display":"","ast-hfb-mobile-header-display":"","site-post-title":"","ast-breadcrumbs-content":"","ast-featured-img":"","footer-sml-layout":"","theme-transparent-header-meta":"default","adv-header-id-meta":"","stick-header-meta":"","header-above-stick-meta":"","header-main-stick-meta":"","header-below-stick-meta":"","astra-migrate-meta-layouts":"set","ast-page-background-enabled":"default","ast-page-background-meta":{"desktop":{"background-color":"var(--ast-global-color-5)","background-image":"","background-repeat":"repeat","background-position":"center center","background-size":"auto","background-attachment":"scroll","background-type":"","background-media":"","overlay-type":"","overlay-color":"","overlay-opacity":"","overlay-gradient":""},"tablet":{"background-color":"","background-image":"","background-repeat":"repeat","background-position":"center center","background-size":"auto","background-attachment":"scroll","background-type":"","background-media":"","overlay-type":"","overlay-color":"","overlay-opacity":"","overlay-gradient":""},"mobile":{"background-color":"","background-image":"","background-repeat":"repeat","background-position":"center center","background-size":"auto","background-attachment":"scroll","background-type":"","background-media":"","overlay-type":"","overlay-color":"","overlay-opacity":"","overlay-gradient":""}},"ast-content-background-meta":{"desktop":{"background-color":"var(--ast-global-color-4)","background-image":"","background-repeat":"repeat","background-position":"center center","background-size":"auto","background-attachment":"scroll","background-type":"","background-media":"","overlay-type":"","overlay-color":"","overlay-opacity":"","overlay-gradient":""},"tablet":{"background-color":"var(--ast-global-color-4)","background-image":"","background-repeat":"repeat","background-position":"center center","background-size":"auto","background-attachment":"scroll","background-type":"","background-media":"","overlay-type":"","overlay-color":"","overlay-opacity":"","overlay-gradient":""},"mobile":{"background-color":"var(--ast-global-color-4)","background-image":"","background-repeat":"repeat","background-position":"center center","background-size":"auto","background-attachment":"scroll","background-type":"","background-media":"","overlay-type":"","overlay-color":"","overlay-opacity":"","overlay-gradient":""}}},"product_cat":[33,348],"product_tag":[],"class_list":{"0":"post-15590","1":"product","2":"type-product","3":"status-publish","4":"has-post-thumbnail","6":"product_cat-women","7":"product_cat-top","8":"pa_color-salvia","9":"desktop-align-center","10":"tablet-align-left","11":"mobile-align-left","13":"first","14":"instock","15":"sale","16":"taxable","17":"shipping-taxable","18":"purchasable","19":"product-type-variable","20":"has-default-attributes"},"acf":[],"yoast_head":"<!-- This site is optimized with the Yoast SEO plugin v26.8 - https:\/\/yoast.com\/product\/yoast-seo-wordpress\/ -->\n<title>Top regolare in chiffon dobby color salvia con motivo intrecciato - Kashmiria Fashion<\/title>\n<meta name=\"robots\" content=\"index, follow, max-snippet:-1, max-image-preview:large, max-video-preview:-1\" \/>\n<link rel=\"canonical\" href=\"https:\/\/www.kashmiriafashion.it\/en\/top-regolare-in-chiffon-dobby-color-salvia-con-motivo-intrecciato\/\" \/>\n<meta property=\"og:locale\" content=\"en_GB\" \/>\n<meta property=\"og:type\" content=\"article\" \/>\n<meta property=\"og:title\" content=\"Top regolare in chiffon dobby color salvia con motivo intrecciato - Kashmiria Fashion\" \/>\n<meta property=\"og:description\" content=\"L&#8217;elegante top in chiffon di Kashmiria \u00e8 un perfetto connubio tra stile e comfort. \u00c8 realizzato in chiffon dobby di alta qualit\u00e0 e presenta un intricato colletto a fascia e maniche a tre quarti. Il colore salvia aggiunge un tocco di freschezza che lo rende perfetto per un look casual. Abbinalo ai tuoi pantaloni preferiti per un look chic. Per una bellezza duratura, lavare a mano delicatamente. Tessuto del top: chiffon dobby | Lunghezza del top: 26&#8243; | Colore: salvia | Fantasia: intrecciato | Occasione: formale | Stile: regolare | Tipo di manica: maniche a tre quarti (maniche regolari) La confezione contiene: 1 top Avvertenza: il colore effettivo del prodotto potrebbe variare leggermente a causa delle diverse risoluzioni dello schermo. Nota: gli accessori sono solo a scopo illustrativo e non sono inclusi.\" \/>\n<meta property=\"og:url\" content=\"https:\/\/www.kashmiriafashion.it\/en\/top-regolare-in-chiffon-dobby-color-salvia-con-motivo-intrecciato\/\" \/>\n<meta property=\"og:site_name\" content=\"Kashmiria Fashion\" \/>\n<meta property=\"article:publisher\" content=\"https:\/\/www.facebook.com\/kashmiriafashion\" \/>\n<meta property=\"article:modified_time\" content=\"2026-04-01T17:21:14+00:00\" \/>\n<meta property=\"og:image\" content=\"https:\/\/www.kashmiriafashion.it\/wp-content\/uploads\/2025\/05\/JNE4380-TP_1_490x.progressive.webp\" \/>\n\t<meta property=\"og:image:width\" content=\"600\" \/>\n\t<meta property=\"og:image:height\" content=\"800\" \/>\n\t<meta property=\"og:image:type\" content=\"image\/webp\" \/>\n<meta name=\"twitter:card\" content=\"summary_large_image\" \/>\n<meta name=\"twitter:label1\" content=\"Estimated reading time\" \/>\n\t<meta name=\"twitter:data1\" content=\"1 minute\" \/>\n<script type=\"application\/ld+json\" class=\"yoast-schema-graph\">{\"@context\":\"https:\/\/schema.org\",\"@graph\":[{\"@type\":\"WebPage\",\"@id\":\"https:\/\/www.kashmiriafashion.it\/top-regolare-in-chiffon-dobby-color-salvia-con-motivo-intrecciato\/\",\"url\":\"https:\/\/www.kashmiriafashion.it\/top-regolare-in-chiffon-dobby-color-salvia-con-motivo-intrecciato\/\",\"name\":\"Top regolare in chiffon dobby color salvia con motivo intrecciato - Kashmiria Fashion\",\"isPartOf\":{\"@id\":\"https:\/\/www.kashmiriafashion.it\/#website\"},\"primaryImageOfPage\":{\"@id\":\"https:\/\/www.kashmiriafashion.it\/top-regolare-in-chiffon-dobby-color-salvia-con-motivo-intrecciato\/#primaryimage\"},\"image\":{\"@id\":\"https:\/\/www.kashmiriafashion.it\/top-regolare-in-chiffon-dobby-color-salvia-con-motivo-intrecciato\/#primaryimage\"},\"thumbnailUrl\":\"https:\/\/www.kashmiriafashion.it\/wp-content\/uploads\/2025\/05\/JNE4380-TP_1_490x.progressive.webp\",\"datePublished\":\"2025-05-30T15:44:49+00:00\",\"dateModified\":\"2026-04-01T17:21:14+00:00\",\"breadcrumb\":{\"@id\":\"https:\/\/www.kashmiriafashion.it\/top-regolare-in-chiffon-dobby-color-salvia-con-motivo-intrecciato\/#breadcrumb\"},\"inLanguage\":\"en-GB\",\"potentialAction\":[{\"@type\":\"ReadAction\",\"target\":[\"https:\/\/www.kashmiriafashion.it\/top-regolare-in-chiffon-dobby-color-salvia-con-motivo-intrecciato\/\"]}]},{\"@type\":\"ImageObject\",\"inLanguage\":\"en-GB\",\"@id\":\"https:\/\/www.kashmiriafashion.it\/top-regolare-in-chiffon-dobby-color-salvia-con-motivo-intrecciato\/#primaryimage\",\"url\":\"https:\/\/www.kashmiriafashion.it\/wp-content\/uploads\/2025\/05\/JNE4380-TP_1_490x.progressive.webp\",\"contentUrl\":\"https:\/\/www.kashmiriafashion.it\/wp-content\/uploads\/2025\/05\/JNE4380-TP_1_490x.progressive.webp\",\"width\":600,\"height\":800,\"caption\":\"Top regolare in chiffon dobby color salvia con motivo intrecciato\"},{\"@type\":\"BreadcrumbList\",\"@id\":\"https:\/\/www.kashmiriafashion.it\/top-regolare-in-chiffon-dobby-color-salvia-con-motivo-intrecciato\/#breadcrumb\",\"itemListElement\":[{\"@type\":\"ListItem\",\"position\":1,\"name\":\"Home\",\"item\":\"https:\/\/www.kashmiriafashion.it\/\"},{\"@type\":\"ListItem\",\"position\":2,\"name\":\"Shop\",\"item\":\"https:\/\/www.kashmiriafashion.it\/shop\/\"},{\"@type\":\"ListItem\",\"position\":3,\"name\":\"Top regolare in chiffon dobby color salvia con motivo intrecciato\"}]},{\"@type\":\"WebSite\",\"@id\":\"https:\/\/www.kashmiriafashion.it\/#website\",\"url\":\"https:\/\/www.kashmiriafashion.it\/\",\"name\":\"Kashmiria Fashion\",\"description\":\"Moda e Abbigliamento Donna | Made in India\",\"publisher\":{\"@id\":\"https:\/\/www.kashmiriafashion.it\/#organization\"},\"potentialAction\":[{\"@type\":\"SearchAction\",\"target\":{\"@type\":\"EntryPoint\",\"urlTemplate\":\"https:\/\/www.kashmiriafashion.it\/?s={search_term_string}\"},\"query-input\":{\"@type\":\"PropertyValueSpecification\",\"valueRequired\":true,\"valueName\":\"search_term_string\"}}],\"inLanguage\":\"en-GB\"},{\"@type\":\"Organization\",\"@id\":\"https:\/\/www.kashmiriafashion.it\/#organization\",\"name\":\"Kashmiria Fashion\",\"url\":\"https:\/\/www.kashmiriafashion.it\/\",\"logo\":{\"@type\":\"ImageObject\",\"inLanguage\":\"en-GB\",\"@id\":\"https:\/\/www.kashmiriafashion.it\/#\/schema\/logo\/image\/\",\"url\":\"https:\/\/www.kashmiriafashion.it\/wp-content\/uploads\/2025\/01\/logo-1.svg\",\"contentUrl\":\"https:\/\/www.kashmiriafashion.it\/wp-content\/uploads\/2025\/01\/logo-1.svg\",\"width\":499,\"height\":85,\"caption\":\"Kashmiria Fashion\"},\"image\":{\"@id\":\"https:\/\/www.kashmiriafashion.it\/#\/schema\/logo\/image\/\"},\"sameAs\":[\"https:\/\/www.facebook.com\/kashmiriafashion\",\"https:\/\/www.instagram.com\/kashmiriafashion\",\"https:\/\/www.tiktok.com\/@kashmiriafashion\"]}]}<\/script>\n<!-- \/ Yoast SEO plugin. -->","yoast_head_json":{"title":"Top regolare in chiffon dobby color salvia con motivo intrecciato - Kashmiria Fashion","robots":{"index":"index","follow":"follow","max-snippet":"max-snippet:-1","max-image-preview":"max-image-preview:large","max-video-preview":"max-video-preview:-1"},"canonical":"https:\/\/www.kashmiriafashion.it\/en\/top-regolare-in-chiffon-dobby-color-salvia-con-motivo-intrecciato\/","og_locale":"en_GB","og_type":"article","og_title":"Top regolare in chiffon dobby color salvia con motivo intrecciato - Kashmiria Fashion","og_description":"L&#8217;elegante top in chiffon di Kashmiria \u00e8 un perfetto connubio tra stile e comfort. \u00c8 realizzato in chiffon dobby di alta qualit\u00e0 e presenta un intricato colletto a fascia e maniche a tre quarti. Il colore salvia aggiunge un tocco di freschezza che lo rende perfetto per un look casual. Abbinalo ai tuoi pantaloni preferiti per un look chic. Per una bellezza duratura, lavare a mano delicatamente. Tessuto del top: chiffon dobby | Lunghezza del top: 26&#8243; | Colore: salvia | Fantasia: intrecciato | Occasione: formale | Stile: regolare | Tipo di manica: maniche a tre quarti (maniche regolari) La confezione contiene: 1 top Avvertenza: il colore effettivo del prodotto potrebbe variare leggermente a causa delle diverse risoluzioni dello schermo. Nota: gli accessori sono solo a scopo illustrativo e non sono inclusi.","og_url":"https:\/\/www.kashmiriafashion.it\/en\/top-regolare-in-chiffon-dobby-color-salvia-con-motivo-intrecciato\/","og_site_name":"Kashmiria Fashion","article_publisher":"https:\/\/www.facebook.com\/kashmiriafashion","article_modified_time":"2026-04-01T17:21:14+00:00","og_image":[{"width":600,"height":800,"url":"https:\/\/www.kashmiriafashion.it\/wp-content\/uploads\/2025\/05\/JNE4380-TP_1_490x.progressive.webp","type":"image\/webp"}],"twitter_card":"summary_large_image","twitter_misc":{"Estimated reading time":"1 minute"},"schema":{"@context":"https:\/\/schema.org","@graph":[{"@type":"WebPage","@id":"https:\/\/www.kashmiriafashion.it\/top-regolare-in-chiffon-dobby-color-salvia-con-motivo-intrecciato\/","url":"https:\/\/www.kashmiriafashion.it\/top-regolare-in-chiffon-dobby-color-salvia-con-motivo-intrecciato\/","name":"Top regolare in chiffon dobby color salvia con motivo intrecciato - Kashmiria Fashion","isPartOf":{"@id":"https:\/\/www.kashmiriafashion.it\/#website"},"primaryImageOfPage":{"@id":"https:\/\/www.kashmiriafashion.it\/top-regolare-in-chiffon-dobby-color-salvia-con-motivo-intrecciato\/#primaryimage"},"image":{"@id":"https:\/\/www.kashmiriafashion.it\/top-regolare-in-chiffon-dobby-color-salvia-con-motivo-intrecciato\/#primaryimage"},"thumbnailUrl":"https:\/\/www.kashmiriafashion.it\/wp-content\/uploads\/2025\/05\/JNE4380-TP_1_490x.progressive.webp","datePublished":"2025-05-30T15:44:49+00:00","dateModified":"2026-04-01T17:21:14+00:00","breadcrumb":{"@id":"https:\/\/www.kashmiriafashion.it\/top-regolare-in-chiffon-dobby-color-salvia-con-motivo-intrecciato\/#breadcrumb"},"inLanguage":"en-GB","potentialAction":[{"@type":"ReadAction","target":["https:\/\/www.kashmiriafashion.it\/top-regolare-in-chiffon-dobby-color-salvia-con-motivo-intrecciato\/"]}]},{"@type":"ImageObject","inLanguage":"en-GB","@id":"https:\/\/www.kashmiriafashion.it\/top-regolare-in-chiffon-dobby-color-salvia-con-motivo-intrecciato\/#primaryimage","url":"https:\/\/www.kashmiriafashion.it\/wp-content\/uploads\/2025\/05\/JNE4380-TP_1_490x.progressive.webp","contentUrl":"https:\/\/www.kashmiriafashion.it\/wp-content\/uploads\/2025\/05\/JNE4380-TP_1_490x.progressive.webp","width":600,"height":800,"caption":"Top regolare in chiffon dobby color salvia con motivo intrecciato"},{"@type":"BreadcrumbList","@id":"https:\/\/www.kashmiriafashion.it\/top-regolare-in-chiffon-dobby-color-salvia-con-motivo-intrecciato\/#breadcrumb","itemListElement":[{"@type":"ListItem","position":1,"name":"Home","item":"https:\/\/www.kashmiriafashion.it\/"},{"@type":"ListItem","position":2,"name":"Shop","item":"https:\/\/www.kashmiriafashion.it\/shop\/"},{"@type":"ListItem","position":3,"name":"Top regolare in chiffon dobby color salvia con motivo intrecciato"}]},{"@type":"WebSite","@id":"https:\/\/www.kashmiriafashion.it\/#website","url":"https:\/\/www.kashmiriafashion.it\/","name":"Kashmiria Fashion","description":"Moda e Abbigliamento Donna | Made in India","publisher":{"@id":"https:\/\/www.kashmiriafashion.it\/#organization"},"potentialAction":[{"@type":"SearchAction","target":{"@type":"EntryPoint","urlTemplate":"https:\/\/www.kashmiriafashion.it\/?s={search_term_string}"},"query-input":{"@type":"PropertyValueSpecification","valueRequired":true,"valueName":"search_term_string"}}],"inLanguage":"en-GB"},{"@type":"Organization","@id":"https:\/\/www.kashmiriafashion.it\/#organization","name":"Kashmiria Fashion","url":"https:\/\/www.kashmiriafashion.it\/","logo":{"@type":"ImageObject","inLanguage":"en-GB","@id":"https:\/\/www.kashmiriafashion.it\/#\/schema\/logo\/image\/","url":"https:\/\/www.kashmiriafashion.it\/wp-content\/uploads\/2025\/01\/logo-1.svg","contentUrl":"https:\/\/www.kashmiriafashion.it\/wp-content\/uploads\/2025\/01\/logo-1.svg","width":499,"height":85,"caption":"Kashmiria Fashion"},"image":{"@id":"https:\/\/www.kashmiriafashion.it\/#\/schema\/logo\/image\/"},"sameAs":["https:\/\/www.facebook.com\/kashmiriafashion","https:\/\/www.instagram.com\/kashmiriafashion","https:\/\/www.tiktok.com\/@kashmiriafashion"]}]}},"_links":{"self":[{"href":"https:\/\/www.kashmiriafashion.it\/en\/wp-json\/wp\/v2\/product\/15590","targetHints":{"allow":["GET"]}}],"collection":[{"href":"https:\/\/www.kashmiriafashion.it\/en\/wp-json\/wp\/v2\/product"}],"about":[{"href":"https:\/\/www.kashmiriafashion.it\/en\/wp-json\/wp\/v2\/types\/product"}],"replies":[{"embeddable":true,"href":"https:\/\/www.kashmiriafashion.it\/en\/wp-json\/wp\/v2\/comments?post=15590"}],"wp:featuredmedia":[{"embeddable":true,"href":"https:\/\/www.kashmiriafashion.it\/en\/wp-json\/wp\/v2\/media\/15601"}],"wp:attachment":[{"href":"https:\/\/www.kashmiriafashion.it\/en\/wp-json\/wp\/v2\/media?parent=15590"}],"wp:term":[{"taxonomy":"product_cat","embeddable":true,"href":"https:\/\/www.kashmiriafashion.it\/en\/wp-json\/wp\/v2\/product_cat?post=15590"},{"taxonomy":"product_tag","embeddable":true,"href":"https:\/\/www.kashmiriafashion.it\/en\/wp-json\/wp\/v2\/product_tag?post=15590"}],"curies":[{"name":"wp","href":"https:\/\/api.w.org\/{rel}","templated":true}]}}