{"id":14878,"date":"2025-05-02T19:21:41","date_gmt":"2025-05-02T19:21:41","guid":{"rendered":"https:\/\/www.kashmiriafashion.it\/?post_type=product&#038;p=14878"},"modified":"2026-04-01T17:28:01","modified_gmt":"2026-04-01T17:28:01","slug":"pantaloni-palazzo-in-crepe-di-poliestere-stampato-multicolore","status":"publish","type":"product","link":"https:\/\/www.kashmiriafashion.it\/en\/pantaloni-palazzo-in-crepe-di-poliestere-stampato-multicolore\/","title":{"rendered":"Palazzo pants  in multicolored printed poly crepe"},"content":{"rendered":"<p>Women's palazzo pants are a type of elegant and comfortable wide-leg pants that flare from the waist to the ankle. They are known for their flowing, elegant silhouette and versatility, making them suitable for various occasions. Make room in your fashionable wardrobe for this must-have multi-colored flared palazzo from Kashmiria Fashion. Wear it with patent pumps and a cute bomber jacket when going out with friends.<\/p>\n<ul>\n<li>Regular fit, printed pattern, crepe fabric, single pocket palazzo | Length: 37 inches | Free size fits all sizes from M to XL.<\/li>\n<li>Packet contains: 1 Palazzo<\/li>\n<li><span class=\"jCAhz ChMk0b\"><span class=\"ryNqvb\">Dichiarazione: scegli una taglia di 2&#8243; pi\u00f9 grande rispetto alla tua statura.<\/span><\/span> <span class=\"jCAhz ChMk0b\"><span class=\"ryNqvb\">Declaration: There may be a slight variation in the actual colour of the product due to different screen resolutions.\nNote: Accessories are for illustration purpose only, they are not included with this product.<\/span><\/span><span class=\"jCAhz ChMk0b\"><span class=\"ryNqvb\"> Note: Accessories are for illustration purposes only and are not included in the product.<\/span><\/span><\/li>\n<\/ul>","protected":false},"excerpt":{"rendered":"<p>I pantaloni palazzo da donna sono un modello elegante e comodo, a gamba larga, che si allarga dalla vita alla caviglia. Sono noti per la loro silhouette fluida ed elegante e per la versatilit\u00e0, che li rende adatti a diverse occasioni. Fai spazio nel tuo guardaroba alla moda per questo imperdibile modello palazzo svasato multicolore di Kashmiria Fashion. Indossalo con d\u00e9collet\u00e9 in vernice e un grazioso bomber per uscire con gli amici. Vestibilit\u00e0 regolare, fantasia stampata, tessuto cr\u00eape, modello palazzo con una tasca | Lunghezza: 94 cm | Taglia unica, adatta a tutte le taglie dalla M alla XL. La confezione contiene: 1 palazzo Dichiarazione: scegli una taglia di 2&#8243; pi\u00f9 grande rispetto alla tua statura. Il colore reale del prodotto potrebbe variare leggermente a causa delle diverse risoluzioni dello schermo. Nota: gli accessori sono solo a scopo illustrativo e non sono inclusi nel prodotto.<\/p>","protected":false},"featured_media":14881,"comment_status":"open","ping_status":"closed","template":"","meta":{"_acf_changed":false,"site-sidebar-layout":"default","site-content-layout":"","ast-site-content-layout":"default","site-content-style":"default","site-sidebar-style":"default","ast-global-header-display":"","ast-banner-title-visibility":"","ast-main-header-display":"","ast-hfb-above-header-display":"","ast-hfb-below-header-display":"","ast-hfb-mobile-header-display":"","site-post-title":"","ast-breadcrumbs-content":"","ast-featured-img":"","footer-sml-layout":"","theme-transparent-header-meta":"default","adv-header-id-meta":"","stick-header-meta":"","header-above-stick-meta":"","header-main-stick-meta":"","header-below-stick-meta":"","astra-migrate-meta-layouts":"set","ast-page-background-enabled":"default","ast-page-background-meta":{"desktop":{"background-color":"var(--ast-global-color-5)","background-image":"","background-repeat":"repeat","background-position":"center center","background-size":"auto","background-attachment":"scroll","background-type":"","background-media":"","overlay-type":"","overlay-color":"","overlay-opacity":"","overlay-gradient":""},"tablet":{"background-color":"","background-image":"","background-repeat":"repeat","background-position":"center center","background-size":"auto","background-attachment":"scroll","background-type":"","background-media":"","overlay-type":"","overlay-color":"","overlay-opacity":"","overlay-gradient":""},"mobile":{"background-color":"","background-image":"","background-repeat":"repeat","background-position":"center center","background-size":"auto","background-attachment":"scroll","background-type":"","background-media":"","overlay-type":"","overlay-color":"","overlay-opacity":"","overlay-gradient":""}},"ast-content-background-meta":{"desktop":{"background-color":"var(--ast-global-color-4)","background-image":"","background-repeat":"repeat","background-position":"center center","background-size":"auto","background-attachment":"scroll","background-type":"","background-media":"","overlay-type":"","overlay-color":"","overlay-opacity":"","overlay-gradient":""},"tablet":{"background-color":"var(--ast-global-color-4)","background-image":"","background-repeat":"repeat","background-position":"center center","background-size":"auto","background-attachment":"scroll","background-type":"","background-media":"","overlay-type":"","overlay-color":"","overlay-opacity":"","overlay-gradient":""},"mobile":{"background-color":"var(--ast-global-color-4)","background-image":"","background-repeat":"repeat","background-position":"center center","background-size":"auto","background-attachment":"scroll","background-type":"","background-media":"","overlay-type":"","overlay-color":"","overlay-opacity":"","overlay-gradient":""}}},"product_cat":[33,350],"product_tag":[],"class_list":{"0":"post-14878","1":"product","2":"type-product","3":"status-publish","4":"has-post-thumbnail","6":"product_cat-women","7":"product_cat-palazzo","8":"pa_color-multicolor","9":"desktop-align-center","10":"tablet-align-left","11":"mobile-align-left","13":"first","14":"instock","15":"taxable","16":"shipping-taxable","17":"purchasable","18":"product-type-variable","19":"has-default-attributes"},"acf":[],"yoast_head":"<!-- This site is optimized with the Yoast SEO plugin v26.8 - https:\/\/yoast.com\/product\/yoast-seo-wordpress\/ -->\n<title>Pantaloni palazzo in crepe di poliestere stampato multicolore - Kashmiria Fashion<\/title>\n<meta name=\"robots\" content=\"index, follow, max-snippet:-1, max-image-preview:large, max-video-preview:-1\" \/>\n<link rel=\"canonical\" href=\"https:\/\/www.kashmiriafashion.it\/en\/pantaloni-palazzo-in-crepe-di-poliestere-stampato-multicolore\/\" \/>\n<meta property=\"og:locale\" content=\"en_GB\" \/>\n<meta property=\"og:type\" content=\"article\" \/>\n<meta property=\"og:title\" content=\"Pantaloni palazzo in crepe di poliestere stampato multicolore - Kashmiria Fashion\" \/>\n<meta property=\"og:description\" content=\"I pantaloni palazzo da donna sono un modello elegante e comodo, a gamba larga, che si allarga dalla vita alla caviglia. Sono noti per la loro silhouette fluida ed elegante e per la versatilit\u00e0, che li rende adatti a diverse occasioni. Fai spazio nel tuo guardaroba alla moda per questo imperdibile modello palazzo svasato multicolore di Kashmiria Fashion. Indossalo con d\u00e9collet\u00e9 in vernice e un grazioso bomber per uscire con gli amici. Vestibilit\u00e0 regolare, fantasia stampata, tessuto cr\u00eape, modello palazzo con una tasca | Lunghezza: 94 cm | Taglia unica, adatta a tutte le taglie dalla M alla XL. La confezione contiene: 1 palazzo Dichiarazione: scegli una taglia di 2&#8243; pi\u00f9 grande rispetto alla tua statura. Il colore reale del prodotto potrebbe variare leggermente a causa delle diverse risoluzioni dello schermo. Nota: gli accessori sono solo a scopo illustrativo e non sono inclusi nel prodotto.\" \/>\n<meta property=\"og:url\" content=\"https:\/\/www.kashmiriafashion.it\/en\/pantaloni-palazzo-in-crepe-di-poliestere-stampato-multicolore\/\" \/>\n<meta property=\"og:site_name\" content=\"Kashmiria Fashion\" \/>\n<meta property=\"article:publisher\" content=\"https:\/\/www.facebook.com\/kashmiriafashion\" \/>\n<meta property=\"article:modified_time\" content=\"2026-04-01T17:28:01+00:00\" \/>\n<meta property=\"og:image\" content=\"https:\/\/www.kashmiriafashion.it\/wp-content\/uploads\/2025\/05\/Blue1-800.webp\" \/>\n\t<meta property=\"og:image:width\" content=\"703\" \/>\n\t<meta property=\"og:image:height\" content=\"800\" \/>\n\t<meta property=\"og:image:type\" content=\"image\/webp\" \/>\n<meta name=\"twitter:card\" content=\"summary_large_image\" \/>\n<meta name=\"twitter:label1\" content=\"Estimated reading time\" \/>\n\t<meta name=\"twitter:data1\" content=\"1 minute\" \/>\n<script type=\"application\/ld+json\" class=\"yoast-schema-graph\">{\"@context\":\"https:\/\/schema.org\",\"@graph\":[{\"@type\":\"WebPage\",\"@id\":\"https:\/\/www.kashmiriafashion.it\/pantaloni-palazzo-in-crepe-di-poliestere-stampato-multicolore\/\",\"url\":\"https:\/\/www.kashmiriafashion.it\/pantaloni-palazzo-in-crepe-di-poliestere-stampato-multicolore\/\",\"name\":\"Pantaloni palazzo in crepe di poliestere stampato multicolore - Kashmiria Fashion\",\"isPartOf\":{\"@id\":\"https:\/\/www.kashmiriafashion.it\/#website\"},\"primaryImageOfPage\":{\"@id\":\"https:\/\/www.kashmiriafashion.it\/pantaloni-palazzo-in-crepe-di-poliestere-stampato-multicolore\/#primaryimage\"},\"image\":{\"@id\":\"https:\/\/www.kashmiriafashion.it\/pantaloni-palazzo-in-crepe-di-poliestere-stampato-multicolore\/#primaryimage\"},\"thumbnailUrl\":\"https:\/\/www.kashmiriafashion.it\/wp-content\/uploads\/2025\/05\/Blue1-800.webp\",\"datePublished\":\"2025-05-02T19:21:41+00:00\",\"dateModified\":\"2026-04-01T17:28:01+00:00\",\"breadcrumb\":{\"@id\":\"https:\/\/www.kashmiriafashion.it\/pantaloni-palazzo-in-crepe-di-poliestere-stampato-multicolore\/#breadcrumb\"},\"inLanguage\":\"en-GB\",\"potentialAction\":[{\"@type\":\"ReadAction\",\"target\":[\"https:\/\/www.kashmiriafashion.it\/pantaloni-palazzo-in-crepe-di-poliestere-stampato-multicolore\/\"]}]},{\"@type\":\"ImageObject\",\"inLanguage\":\"en-GB\",\"@id\":\"https:\/\/www.kashmiriafashion.it\/pantaloni-palazzo-in-crepe-di-poliestere-stampato-multicolore\/#primaryimage\",\"url\":\"https:\/\/www.kashmiriafashion.it\/wp-content\/uploads\/2025\/05\/Blue1-800.webp\",\"contentUrl\":\"https:\/\/www.kashmiriafashion.it\/wp-content\/uploads\/2025\/05\/Blue1-800.webp\",\"width\":703,\"height\":800,\"caption\":\"Pantaloni palazzo in crepe di poliestere stampato multicolore\"},{\"@type\":\"BreadcrumbList\",\"@id\":\"https:\/\/www.kashmiriafashion.it\/pantaloni-palazzo-in-crepe-di-poliestere-stampato-multicolore\/#breadcrumb\",\"itemListElement\":[{\"@type\":\"ListItem\",\"position\":1,\"name\":\"Home\",\"item\":\"https:\/\/www.kashmiriafashion.it\/\"},{\"@type\":\"ListItem\",\"position\":2,\"name\":\"Shop\",\"item\":\"https:\/\/www.kashmiriafashion.it\/shop\/\"},{\"@type\":\"ListItem\",\"position\":3,\"name\":\"Pantaloni palazzo in crepe di poliestere stampato multicolore\"}]},{\"@type\":\"WebSite\",\"@id\":\"https:\/\/www.kashmiriafashion.it\/#website\",\"url\":\"https:\/\/www.kashmiriafashion.it\/\",\"name\":\"Kashmiria Fashion\",\"description\":\"Moda e Abbigliamento Donna | Made in India\",\"publisher\":{\"@id\":\"https:\/\/www.kashmiriafashion.it\/#organization\"},\"potentialAction\":[{\"@type\":\"SearchAction\",\"target\":{\"@type\":\"EntryPoint\",\"urlTemplate\":\"https:\/\/www.kashmiriafashion.it\/?s={search_term_string}\"},\"query-input\":{\"@type\":\"PropertyValueSpecification\",\"valueRequired\":true,\"valueName\":\"search_term_string\"}}],\"inLanguage\":\"en-GB\"},{\"@type\":\"Organization\",\"@id\":\"https:\/\/www.kashmiriafashion.it\/#organization\",\"name\":\"Kashmiria Fashion\",\"url\":\"https:\/\/www.kashmiriafashion.it\/\",\"logo\":{\"@type\":\"ImageObject\",\"inLanguage\":\"en-GB\",\"@id\":\"https:\/\/www.kashmiriafashion.it\/#\/schema\/logo\/image\/\",\"url\":\"https:\/\/www.kashmiriafashion.it\/wp-content\/uploads\/2025\/01\/logo-1.svg\",\"contentUrl\":\"https:\/\/www.kashmiriafashion.it\/wp-content\/uploads\/2025\/01\/logo-1.svg\",\"width\":499,\"height\":85,\"caption\":\"Kashmiria Fashion\"},\"image\":{\"@id\":\"https:\/\/www.kashmiriafashion.it\/#\/schema\/logo\/image\/\"},\"sameAs\":[\"https:\/\/www.facebook.com\/kashmiriafashion\",\"https:\/\/www.instagram.com\/kashmiriafashion\",\"https:\/\/www.tiktok.com\/@kashmiriafashion\"]}]}<\/script>\n<!-- \/ Yoast SEO plugin. -->","yoast_head_json":{"title":"Pantaloni palazzo in crepe di poliestere stampato multicolore - Kashmiria Fashion","robots":{"index":"index","follow":"follow","max-snippet":"max-snippet:-1","max-image-preview":"max-image-preview:large","max-video-preview":"max-video-preview:-1"},"canonical":"https:\/\/www.kashmiriafashion.it\/en\/pantaloni-palazzo-in-crepe-di-poliestere-stampato-multicolore\/","og_locale":"en_GB","og_type":"article","og_title":"Pantaloni palazzo in crepe di poliestere stampato multicolore - Kashmiria Fashion","og_description":"I pantaloni palazzo da donna sono un modello elegante e comodo, a gamba larga, che si allarga dalla vita alla caviglia. Sono noti per la loro silhouette fluida ed elegante e per la versatilit\u00e0, che li rende adatti a diverse occasioni. Fai spazio nel tuo guardaroba alla moda per questo imperdibile modello palazzo svasato multicolore di Kashmiria Fashion. Indossalo con d\u00e9collet\u00e9 in vernice e un grazioso bomber per uscire con gli amici. Vestibilit\u00e0 regolare, fantasia stampata, tessuto cr\u00eape, modello palazzo con una tasca | Lunghezza: 94 cm | Taglia unica, adatta a tutte le taglie dalla M alla XL. La confezione contiene: 1 palazzo Dichiarazione: scegli una taglia di 2&#8243; pi\u00f9 grande rispetto alla tua statura. Il colore reale del prodotto potrebbe variare leggermente a causa delle diverse risoluzioni dello schermo. Nota: gli accessori sono solo a scopo illustrativo e non sono inclusi nel prodotto.","og_url":"https:\/\/www.kashmiriafashion.it\/en\/pantaloni-palazzo-in-crepe-di-poliestere-stampato-multicolore\/","og_site_name":"Kashmiria Fashion","article_publisher":"https:\/\/www.facebook.com\/kashmiriafashion","article_modified_time":"2026-04-01T17:28:01+00:00","og_image":[{"width":703,"height":800,"url":"https:\/\/www.kashmiriafashion.it\/wp-content\/uploads\/2025\/05\/Blue1-800.webp","type":"image\/webp"}],"twitter_card":"summary_large_image","twitter_misc":{"Estimated reading time":"1 minute"},"schema":{"@context":"https:\/\/schema.org","@graph":[{"@type":"WebPage","@id":"https:\/\/www.kashmiriafashion.it\/pantaloni-palazzo-in-crepe-di-poliestere-stampato-multicolore\/","url":"https:\/\/www.kashmiriafashion.it\/pantaloni-palazzo-in-crepe-di-poliestere-stampato-multicolore\/","name":"Pantaloni palazzo in crepe di poliestere stampato multicolore - Kashmiria Fashion","isPartOf":{"@id":"https:\/\/www.kashmiriafashion.it\/#website"},"primaryImageOfPage":{"@id":"https:\/\/www.kashmiriafashion.it\/pantaloni-palazzo-in-crepe-di-poliestere-stampato-multicolore\/#primaryimage"},"image":{"@id":"https:\/\/www.kashmiriafashion.it\/pantaloni-palazzo-in-crepe-di-poliestere-stampato-multicolore\/#primaryimage"},"thumbnailUrl":"https:\/\/www.kashmiriafashion.it\/wp-content\/uploads\/2025\/05\/Blue1-800.webp","datePublished":"2025-05-02T19:21:41+00:00","dateModified":"2026-04-01T17:28:01+00:00","breadcrumb":{"@id":"https:\/\/www.kashmiriafashion.it\/pantaloni-palazzo-in-crepe-di-poliestere-stampato-multicolore\/#breadcrumb"},"inLanguage":"en-GB","potentialAction":[{"@type":"ReadAction","target":["https:\/\/www.kashmiriafashion.it\/pantaloni-palazzo-in-crepe-di-poliestere-stampato-multicolore\/"]}]},{"@type":"ImageObject","inLanguage":"en-GB","@id":"https:\/\/www.kashmiriafashion.it\/pantaloni-palazzo-in-crepe-di-poliestere-stampato-multicolore\/#primaryimage","url":"https:\/\/www.kashmiriafashion.it\/wp-content\/uploads\/2025\/05\/Blue1-800.webp","contentUrl":"https:\/\/www.kashmiriafashion.it\/wp-content\/uploads\/2025\/05\/Blue1-800.webp","width":703,"height":800,"caption":"Pantaloni palazzo in crepe di poliestere stampato multicolore"},{"@type":"BreadcrumbList","@id":"https:\/\/www.kashmiriafashion.it\/pantaloni-palazzo-in-crepe-di-poliestere-stampato-multicolore\/#breadcrumb","itemListElement":[{"@type":"ListItem","position":1,"name":"Home","item":"https:\/\/www.kashmiriafashion.it\/"},{"@type":"ListItem","position":2,"name":"Shop","item":"https:\/\/www.kashmiriafashion.it\/shop\/"},{"@type":"ListItem","position":3,"name":"Pantaloni palazzo in crepe di poliestere stampato multicolore"}]},{"@type":"WebSite","@id":"https:\/\/www.kashmiriafashion.it\/#website","url":"https:\/\/www.kashmiriafashion.it\/","name":"Kashmiria Fashion","description":"Moda e Abbigliamento Donna | Made in India","publisher":{"@id":"https:\/\/www.kashmiriafashion.it\/#organization"},"potentialAction":[{"@type":"SearchAction","target":{"@type":"EntryPoint","urlTemplate":"https:\/\/www.kashmiriafashion.it\/?s={search_term_string}"},"query-input":{"@type":"PropertyValueSpecification","valueRequired":true,"valueName":"search_term_string"}}],"inLanguage":"en-GB"},{"@type":"Organization","@id":"https:\/\/www.kashmiriafashion.it\/#organization","name":"Kashmiria Fashion","url":"https:\/\/www.kashmiriafashion.it\/","logo":{"@type":"ImageObject","inLanguage":"en-GB","@id":"https:\/\/www.kashmiriafashion.it\/#\/schema\/logo\/image\/","url":"https:\/\/www.kashmiriafashion.it\/wp-content\/uploads\/2025\/01\/logo-1.svg","contentUrl":"https:\/\/www.kashmiriafashion.it\/wp-content\/uploads\/2025\/01\/logo-1.svg","width":499,"height":85,"caption":"Kashmiria Fashion"},"image":{"@id":"https:\/\/www.kashmiriafashion.it\/#\/schema\/logo\/image\/"},"sameAs":["https:\/\/www.facebook.com\/kashmiriafashion","https:\/\/www.instagram.com\/kashmiriafashion","https:\/\/www.tiktok.com\/@kashmiriafashion"]}]}},"_links":{"self":[{"href":"https:\/\/www.kashmiriafashion.it\/en\/wp-json\/wp\/v2\/product\/14878","targetHints":{"allow":["GET"]}}],"collection":[{"href":"https:\/\/www.kashmiriafashion.it\/en\/wp-json\/wp\/v2\/product"}],"about":[{"href":"https:\/\/www.kashmiriafashion.it\/en\/wp-json\/wp\/v2\/types\/product"}],"replies":[{"embeddable":true,"href":"https:\/\/www.kashmiriafashion.it\/en\/wp-json\/wp\/v2\/comments?post=14878"}],"wp:featuredmedia":[{"embeddable":true,"href":"https:\/\/www.kashmiriafashion.it\/en\/wp-json\/wp\/v2\/media\/14881"}],"wp:attachment":[{"href":"https:\/\/www.kashmiriafashion.it\/en\/wp-json\/wp\/v2\/media?parent=14878"}],"wp:term":[{"taxonomy":"product_cat","embeddable":true,"href":"https:\/\/www.kashmiriafashion.it\/en\/wp-json\/wp\/v2\/product_cat?post=14878"},{"taxonomy":"product_tag","embeddable":true,"href":"https:\/\/www.kashmiriafashion.it\/en\/wp-json\/wp\/v2\/product_tag?post=14878"}],"curies":[{"name":"wp","href":"https:\/\/api.w.org\/{rel}","templated":true}]}}