{"id":14789,"date":"2025-04-29T12:51:18","date_gmt":"2025-04-29T12:51:18","guid":{"rendered":"https:\/\/www.kashmiriafashion.it\/?post_type=product&#038;p=14789"},"modified":"2026-04-01T17:29:40","modified_gmt":"2026-04-01T17:29:40","slug":"pantaloni-dritti-in-cotone-blu-scuro","status":"publish","type":"product","link":"https:\/\/www.kashmiriafashion.it\/en\/pantaloni-dritti-in-cotone-blu-scuro\/","title":{"rendered":"Navy Blue Cotton Solid Straight Pant"},"content":{"rendered":"<p>Complete your look with Kashmiria's off white flex cotton straight pant. Crafted from comfortable flex cotton, this pant feature a semi-elasticated waistband with a flat front, offering a tailored yet relaxed fit. Designed with two functional side pockets, it blend practicality with style effortlessly. The versatile black hue makes it the perfect match for your favourite tops. Pair it with a chic kurta or a simple tunic for an elegant, polished look.<\/p>\n<ul>\n<li>Colore pantaloni: Blu Navy| Tessuto pantaloni: Cotone | Lavorazione pantaloni: Tinta unita | Lunghezza pantaloni: 38&#8243;<\/li>\n<li>Package contains:  1 Pants<\/li>\n<li>Avvertenza: si prega di scegliere una taglia 2&#8243; pi\u00f9 grande rispetto alle misure del corpo. Ad esempio: per una circonferenza seno di 36&#8243;, selezionare la taglia Media (M).<br \/>\nIl colore effettivo del prodotto potrebbe variare leggermente a causa delle diverse risoluzioni dello schermo.<\/li>\n<li>Note: Accessories are for illustration purposes only and are not included in the product.<\/li>\n<\/ul>","protected":false},"excerpt":{"rendered":"<p>Completa il tuo look con i pantaloni dritti in cotone flessibile bianco sporco di Kashmiria. Realizzati in comodo cotone flessibile, questi pantaloni presentano una vita semi-elasticizzata con parte anteriore piatta, offrendo una vestibilit\u00e0 aderente ma rilassata. Progettati con due pratiche tasche laterali, uniscono praticit\u00e0 e stile senza sforzo. La versatile tonalit\u00e0 nera li rende perfetti da abbinare ai tuoi top preferiti. Abbinali a una kurta chic o a una semplice tunica per un look elegante e raffinato. Colore pantaloni: Blu Navy| Tessuto pantaloni: Cotone | Lavorazione pantaloni: Tinta unita | Lunghezza pantaloni: 38&#8243; La confezione contiene: 1 pantalone Avvertenza: si prega di scegliere una taglia 2&#8243; pi\u00f9 grande rispetto alle misure del corpo. Ad esempio: per una circonferenza seno di 36&#8243;, selezionare la taglia Media (M). Il colore effettivo del prodotto potrebbe variare leggermente a causa delle diverse risoluzioni dello schermo. Nota: gli accessori sono solo a scopo illustrativo e non sono inclusi nel prodotto.<\/p>","protected":false},"featured_media":14801,"comment_status":"open","ping_status":"closed","template":"","meta":{"_acf_changed":false,"site-sidebar-layout":"default","site-content-layout":"","ast-site-content-layout":"default","site-content-style":"default","site-sidebar-style":"default","ast-global-header-display":"","ast-banner-title-visibility":"","ast-main-header-display":"","ast-hfb-above-header-display":"","ast-hfb-below-header-display":"","ast-hfb-mobile-header-display":"","site-post-title":"","ast-breadcrumbs-content":"","ast-featured-img":"","footer-sml-layout":"","theme-transparent-header-meta":"default","adv-header-id-meta":"","stick-header-meta":"","header-above-stick-meta":"","header-main-stick-meta":"","header-below-stick-meta":"","astra-migrate-meta-layouts":"set","ast-page-background-enabled":"default","ast-page-background-meta":{"desktop":{"background-color":"var(--ast-global-color-5)","background-image":"","background-repeat":"repeat","background-position":"center center","background-size":"auto","background-attachment":"scroll","background-type":"","background-media":"","overlay-type":"","overlay-color":"","overlay-opacity":"","overlay-gradient":""},"tablet":{"background-color":"","background-image":"","background-repeat":"repeat","background-position":"center center","background-size":"auto","background-attachment":"scroll","background-type":"","background-media":"","overlay-type":"","overlay-color":"","overlay-opacity":"","overlay-gradient":""},"mobile":{"background-color":"","background-image":"","background-repeat":"repeat","background-position":"center center","background-size":"auto","background-attachment":"scroll","background-type":"","background-media":"","overlay-type":"","overlay-color":"","overlay-opacity":"","overlay-gradient":""}},"ast-content-background-meta":{"desktop":{"background-color":"var(--ast-global-color-4)","background-image":"","background-repeat":"repeat","background-position":"center center","background-size":"auto","background-attachment":"scroll","background-type":"","background-media":"","overlay-type":"","overlay-color":"","overlay-opacity":"","overlay-gradient":""},"tablet":{"background-color":"var(--ast-global-color-4)","background-image":"","background-repeat":"repeat","background-position":"center center","background-size":"auto","background-attachment":"scroll","background-type":"","background-media":"","overlay-type":"","overlay-color":"","overlay-opacity":"","overlay-gradient":""},"mobile":{"background-color":"var(--ast-global-color-4)","background-image":"","background-repeat":"repeat","background-position":"center center","background-size":"auto","background-attachment":"scroll","background-type":"","background-media":"","overlay-type":"","overlay-color":"","overlay-opacity":"","overlay-gradient":""}}},"product_cat":[33,353],"product_tag":[],"class_list":{"0":"post-14789","1":"product","2":"type-product","3":"status-publish","4":"has-post-thumbnail","6":"product_cat-women","7":"product_cat-pants","8":"pa_color-navy","9":"desktop-align-center","10":"tablet-align-left","11":"mobile-align-left","13":"first","14":"instock","15":"taxable","16":"shipping-taxable","17":"purchasable","18":"product-type-variable","19":"has-default-attributes"},"acf":[],"yoast_head":"<!-- This site is optimized with the Yoast SEO plugin v26.8 - https:\/\/yoast.com\/product\/yoast-seo-wordpress\/ -->\n<title>Pantaloni dritti in cotone blu navy - Kashmiria Fashion<\/title>\n<meta name=\"robots\" content=\"index, follow, max-snippet:-1, max-image-preview:large, max-video-preview:-1\" \/>\n<link rel=\"canonical\" href=\"https:\/\/www.kashmiriafashion.it\/en\/pantaloni-dritti-in-cotone-blu-scuro\/\" \/>\n<meta property=\"og:locale\" content=\"en_GB\" \/>\n<meta property=\"og:type\" content=\"article\" \/>\n<meta property=\"og:title\" content=\"Pantaloni dritti in cotone blu navy - Kashmiria Fashion\" \/>\n<meta property=\"og:description\" content=\"Completa il tuo look con i pantaloni dritti in cotone flessibile bianco sporco di Kashmiria. Realizzati in comodo cotone flessibile, questi pantaloni presentano una vita semi-elasticizzata con parte anteriore piatta, offrendo una vestibilit\u00e0 aderente ma rilassata. Progettati con due pratiche tasche laterali, uniscono praticit\u00e0 e stile senza sforzo. La versatile tonalit\u00e0 nera li rende perfetti da abbinare ai tuoi top preferiti. Abbinali a una kurta chic o a una semplice tunica per un look elegante e raffinato. Colore pantaloni: Blu Navy| Tessuto pantaloni: Cotone | Lavorazione pantaloni: Tinta unita | Lunghezza pantaloni: 38&#8243; La confezione contiene: 1 pantalone Avvertenza: si prega di scegliere una taglia 2&#8243; pi\u00f9 grande rispetto alle misure del corpo. Ad esempio: per una circonferenza seno di 36&#8243;, selezionare la taglia Media (M). Il colore effettivo del prodotto potrebbe variare leggermente a causa delle diverse risoluzioni dello schermo. Nota: gli accessori sono solo a scopo illustrativo e non sono inclusi nel prodotto.\" \/>\n<meta property=\"og:url\" content=\"https:\/\/www.kashmiriafashion.it\/en\/pantaloni-dritti-in-cotone-blu-scuro\/\" \/>\n<meta property=\"og:site_name\" content=\"Kashmiria Fashion\" \/>\n<meta property=\"article:publisher\" content=\"https:\/\/www.facebook.com\/kashmiriafashion\" \/>\n<meta property=\"article:modified_time\" content=\"2026-04-01T17:29:40+00:00\" \/>\n<meta property=\"og:image\" content=\"https:\/\/www.kashmiriafashion.it\/wp-content\/uploads\/2025\/04\/JAA25PT02125_471x.progressive-1.webp\" \/>\n\t<meta property=\"og:image:width\" content=\"600\" \/>\n\t<meta property=\"og:image:height\" content=\"800\" \/>\n\t<meta property=\"og:image:type\" content=\"image\/webp\" \/>\n<meta name=\"twitter:card\" content=\"summary_large_image\" \/>\n<meta name=\"twitter:label1\" content=\"Estimated reading time\" \/>\n\t<meta name=\"twitter:data1\" content=\"1 minute\" \/>\n<script type=\"application\/ld+json\" class=\"yoast-schema-graph\">{\"@context\":\"https:\/\/schema.org\",\"@graph\":[{\"@type\":\"WebPage\",\"@id\":\"https:\/\/www.kashmiriafashion.it\/pantaloni-dritti-in-cotone-blu-scuro\/\",\"url\":\"https:\/\/www.kashmiriafashion.it\/pantaloni-dritti-in-cotone-blu-scuro\/\",\"name\":\"Pantaloni dritti in cotone blu navy - Kashmiria Fashion\",\"isPartOf\":{\"@id\":\"https:\/\/www.kashmiriafashion.it\/#website\"},\"primaryImageOfPage\":{\"@id\":\"https:\/\/www.kashmiriafashion.it\/pantaloni-dritti-in-cotone-blu-scuro\/#primaryimage\"},\"image\":{\"@id\":\"https:\/\/www.kashmiriafashion.it\/pantaloni-dritti-in-cotone-blu-scuro\/#primaryimage\"},\"thumbnailUrl\":\"https:\/\/www.kashmiriafashion.it\/wp-content\/uploads\/2025\/04\/JAA25PT02125_471x.progressive-1.webp\",\"datePublished\":\"2025-04-29T12:51:18+00:00\",\"dateModified\":\"2026-04-01T17:29:40+00:00\",\"breadcrumb\":{\"@id\":\"https:\/\/www.kashmiriafashion.it\/pantaloni-dritti-in-cotone-blu-scuro\/#breadcrumb\"},\"inLanguage\":\"en-GB\",\"potentialAction\":[{\"@type\":\"ReadAction\",\"target\":[\"https:\/\/www.kashmiriafashion.it\/pantaloni-dritti-in-cotone-blu-scuro\/\"]}]},{\"@type\":\"ImageObject\",\"inLanguage\":\"en-GB\",\"@id\":\"https:\/\/www.kashmiriafashion.it\/pantaloni-dritti-in-cotone-blu-scuro\/#primaryimage\",\"url\":\"https:\/\/www.kashmiriafashion.it\/wp-content\/uploads\/2025\/04\/JAA25PT02125_471x.progressive-1.webp\",\"contentUrl\":\"https:\/\/www.kashmiriafashion.it\/wp-content\/uploads\/2025\/04\/JAA25PT02125_471x.progressive-1.webp\",\"width\":600,\"height\":800,\"caption\":\"Pantaloni dritti in cotone blu navy\"},{\"@type\":\"BreadcrumbList\",\"@id\":\"https:\/\/www.kashmiriafashion.it\/pantaloni-dritti-in-cotone-blu-scuro\/#breadcrumb\",\"itemListElement\":[{\"@type\":\"ListItem\",\"position\":1,\"name\":\"Home\",\"item\":\"https:\/\/www.kashmiriafashion.it\/\"},{\"@type\":\"ListItem\",\"position\":2,\"name\":\"Shop\",\"item\":\"https:\/\/www.kashmiriafashion.it\/shop\/\"},{\"@type\":\"ListItem\",\"position\":3,\"name\":\"Pantaloni dritti in cotone blu navy\"}]},{\"@type\":\"WebSite\",\"@id\":\"https:\/\/www.kashmiriafashion.it\/#website\",\"url\":\"https:\/\/www.kashmiriafashion.it\/\",\"name\":\"Kashmiria Fashion\",\"description\":\"Moda e Abbigliamento Donna | Made in India\",\"publisher\":{\"@id\":\"https:\/\/www.kashmiriafashion.it\/#organization\"},\"potentialAction\":[{\"@type\":\"SearchAction\",\"target\":{\"@type\":\"EntryPoint\",\"urlTemplate\":\"https:\/\/www.kashmiriafashion.it\/?s={search_term_string}\"},\"query-input\":{\"@type\":\"PropertyValueSpecification\",\"valueRequired\":true,\"valueName\":\"search_term_string\"}}],\"inLanguage\":\"en-GB\"},{\"@type\":\"Organization\",\"@id\":\"https:\/\/www.kashmiriafashion.it\/#organization\",\"name\":\"Kashmiria Fashion\",\"url\":\"https:\/\/www.kashmiriafashion.it\/\",\"logo\":{\"@type\":\"ImageObject\",\"inLanguage\":\"en-GB\",\"@id\":\"https:\/\/www.kashmiriafashion.it\/#\/schema\/logo\/image\/\",\"url\":\"https:\/\/www.kashmiriafashion.it\/wp-content\/uploads\/2025\/01\/logo-1.svg\",\"contentUrl\":\"https:\/\/www.kashmiriafashion.it\/wp-content\/uploads\/2025\/01\/logo-1.svg\",\"width\":499,\"height\":85,\"caption\":\"Kashmiria Fashion\"},\"image\":{\"@id\":\"https:\/\/www.kashmiriafashion.it\/#\/schema\/logo\/image\/\"},\"sameAs\":[\"https:\/\/www.facebook.com\/kashmiriafashion\",\"https:\/\/www.instagram.com\/kashmiriafashion\",\"https:\/\/www.tiktok.com\/@kashmiriafashion\"]}]}<\/script>\n<!-- \/ Yoast SEO plugin. -->","yoast_head_json":{"title":"Pantaloni dritti in cotone blu navy - Kashmiria Fashion","robots":{"index":"index","follow":"follow","max-snippet":"max-snippet:-1","max-image-preview":"max-image-preview:large","max-video-preview":"max-video-preview:-1"},"canonical":"https:\/\/www.kashmiriafashion.it\/en\/pantaloni-dritti-in-cotone-blu-scuro\/","og_locale":"en_GB","og_type":"article","og_title":"Pantaloni dritti in cotone blu navy - Kashmiria Fashion","og_description":"Completa il tuo look con i pantaloni dritti in cotone flessibile bianco sporco di Kashmiria. Realizzati in comodo cotone flessibile, questi pantaloni presentano una vita semi-elasticizzata con parte anteriore piatta, offrendo una vestibilit\u00e0 aderente ma rilassata. Progettati con due pratiche tasche laterali, uniscono praticit\u00e0 e stile senza sforzo. La versatile tonalit\u00e0 nera li rende perfetti da abbinare ai tuoi top preferiti. Abbinali a una kurta chic o a una semplice tunica per un look elegante e raffinato. Colore pantaloni: Blu Navy| Tessuto pantaloni: Cotone | Lavorazione pantaloni: Tinta unita | Lunghezza pantaloni: 38&#8243; La confezione contiene: 1 pantalone Avvertenza: si prega di scegliere una taglia 2&#8243; pi\u00f9 grande rispetto alle misure del corpo. Ad esempio: per una circonferenza seno di 36&#8243;, selezionare la taglia Media (M). Il colore effettivo del prodotto potrebbe variare leggermente a causa delle diverse risoluzioni dello schermo. Nota: gli accessori sono solo a scopo illustrativo e non sono inclusi nel prodotto.","og_url":"https:\/\/www.kashmiriafashion.it\/en\/pantaloni-dritti-in-cotone-blu-scuro\/","og_site_name":"Kashmiria Fashion","article_publisher":"https:\/\/www.facebook.com\/kashmiriafashion","article_modified_time":"2026-04-01T17:29:40+00:00","og_image":[{"width":600,"height":800,"url":"https:\/\/www.kashmiriafashion.it\/wp-content\/uploads\/2025\/04\/JAA25PT02125_471x.progressive-1.webp","type":"image\/webp"}],"twitter_card":"summary_large_image","twitter_misc":{"Estimated reading time":"1 minute"},"schema":{"@context":"https:\/\/schema.org","@graph":[{"@type":"WebPage","@id":"https:\/\/www.kashmiriafashion.it\/pantaloni-dritti-in-cotone-blu-scuro\/","url":"https:\/\/www.kashmiriafashion.it\/pantaloni-dritti-in-cotone-blu-scuro\/","name":"Pantaloni dritti in cotone blu navy - Kashmiria Fashion","isPartOf":{"@id":"https:\/\/www.kashmiriafashion.it\/#website"},"primaryImageOfPage":{"@id":"https:\/\/www.kashmiriafashion.it\/pantaloni-dritti-in-cotone-blu-scuro\/#primaryimage"},"image":{"@id":"https:\/\/www.kashmiriafashion.it\/pantaloni-dritti-in-cotone-blu-scuro\/#primaryimage"},"thumbnailUrl":"https:\/\/www.kashmiriafashion.it\/wp-content\/uploads\/2025\/04\/JAA25PT02125_471x.progressive-1.webp","datePublished":"2025-04-29T12:51:18+00:00","dateModified":"2026-04-01T17:29:40+00:00","breadcrumb":{"@id":"https:\/\/www.kashmiriafashion.it\/pantaloni-dritti-in-cotone-blu-scuro\/#breadcrumb"},"inLanguage":"en-GB","potentialAction":[{"@type":"ReadAction","target":["https:\/\/www.kashmiriafashion.it\/pantaloni-dritti-in-cotone-blu-scuro\/"]}]},{"@type":"ImageObject","inLanguage":"en-GB","@id":"https:\/\/www.kashmiriafashion.it\/pantaloni-dritti-in-cotone-blu-scuro\/#primaryimage","url":"https:\/\/www.kashmiriafashion.it\/wp-content\/uploads\/2025\/04\/JAA25PT02125_471x.progressive-1.webp","contentUrl":"https:\/\/www.kashmiriafashion.it\/wp-content\/uploads\/2025\/04\/JAA25PT02125_471x.progressive-1.webp","width":600,"height":800,"caption":"Pantaloni dritti in cotone blu navy"},{"@type":"BreadcrumbList","@id":"https:\/\/www.kashmiriafashion.it\/pantaloni-dritti-in-cotone-blu-scuro\/#breadcrumb","itemListElement":[{"@type":"ListItem","position":1,"name":"Home","item":"https:\/\/www.kashmiriafashion.it\/"},{"@type":"ListItem","position":2,"name":"Shop","item":"https:\/\/www.kashmiriafashion.it\/shop\/"},{"@type":"ListItem","position":3,"name":"Pantaloni dritti in cotone blu navy"}]},{"@type":"WebSite","@id":"https:\/\/www.kashmiriafashion.it\/#website","url":"https:\/\/www.kashmiriafashion.it\/","name":"Kashmiria Fashion","description":"Moda e Abbigliamento Donna | Made in India","publisher":{"@id":"https:\/\/www.kashmiriafashion.it\/#organization"},"potentialAction":[{"@type":"SearchAction","target":{"@type":"EntryPoint","urlTemplate":"https:\/\/www.kashmiriafashion.it\/?s={search_term_string}"},"query-input":{"@type":"PropertyValueSpecification","valueRequired":true,"valueName":"search_term_string"}}],"inLanguage":"en-GB"},{"@type":"Organization","@id":"https:\/\/www.kashmiriafashion.it\/#organization","name":"Kashmiria Fashion","url":"https:\/\/www.kashmiriafashion.it\/","logo":{"@type":"ImageObject","inLanguage":"en-GB","@id":"https:\/\/www.kashmiriafashion.it\/#\/schema\/logo\/image\/","url":"https:\/\/www.kashmiriafashion.it\/wp-content\/uploads\/2025\/01\/logo-1.svg","contentUrl":"https:\/\/www.kashmiriafashion.it\/wp-content\/uploads\/2025\/01\/logo-1.svg","width":499,"height":85,"caption":"Kashmiria Fashion"},"image":{"@id":"https:\/\/www.kashmiriafashion.it\/#\/schema\/logo\/image\/"},"sameAs":["https:\/\/www.facebook.com\/kashmiriafashion","https:\/\/www.instagram.com\/kashmiriafashion","https:\/\/www.tiktok.com\/@kashmiriafashion"]}]}},"_links":{"self":[{"href":"https:\/\/www.kashmiriafashion.it\/en\/wp-json\/wp\/v2\/product\/14789","targetHints":{"allow":["GET"]}}],"collection":[{"href":"https:\/\/www.kashmiriafashion.it\/en\/wp-json\/wp\/v2\/product"}],"about":[{"href":"https:\/\/www.kashmiriafashion.it\/en\/wp-json\/wp\/v2\/types\/product"}],"replies":[{"embeddable":true,"href":"https:\/\/www.kashmiriafashion.it\/en\/wp-json\/wp\/v2\/comments?post=14789"}],"wp:featuredmedia":[{"embeddable":true,"href":"https:\/\/www.kashmiriafashion.it\/en\/wp-json\/wp\/v2\/media\/14801"}],"wp:attachment":[{"href":"https:\/\/www.kashmiriafashion.it\/en\/wp-json\/wp\/v2\/media?parent=14789"}],"wp:term":[{"taxonomy":"product_cat","embeddable":true,"href":"https:\/\/www.kashmiriafashion.it\/en\/wp-json\/wp\/v2\/product_cat?post=14789"},{"taxonomy":"product_tag","embeddable":true,"href":"https:\/\/www.kashmiriafashion.it\/en\/wp-json\/wp\/v2\/product_tag?post=14789"}],"curies":[{"name":"wp","href":"https:\/\/api.w.org\/{rel}","templated":true}]}}