{"id":10485,"date":"2025-03-20T19:36:12","date_gmt":"2025-03-20T19:36:12","guid":{"rendered":"https:\/\/kashmiriafashion.it\/?post_type=product&#038;p=10485"},"modified":"2026-04-03T10:08:10","modified_gmt":"2026-04-03T10:08:10","slug":"stola-sciarpa-in-puro-cotone-stampato-azzurro","status":"publish","type":"product","link":"https:\/\/www.kashmiriafashion.it\/en\/stola-sciarpa-in-puro-cotone-stampato-azzurro\/","title":{"rendered":"Sky Blue Printed Pure Cotton Stole \/ Scarf"},"content":{"rendered":"<ul>\n<li><span class=\"jCAhz ChMk0b\"><span class=\"ryNqvb\">\u00c2 Pure cotton ladies' stoles are lightweight, versatile accessories that can add a touch of style to any outfit.<\/span><\/span><\/li>\n<li><span class=\"jCAhz ChMk0b\"><span class=\"ryNqvb\">Realizzate in 100% cotone, queste stole sono note per la loro morbidezza, traspirabilit\u00e0 e comfort.<\/span><\/span> <span class=\"jCAhz ChMk0b\"><span class=\"ryNqvb\">Sono disponibili in un&#8217;ampia gamma di colori, stampe e fantasie, rendendo facile trovarne una adatta al tuo stile personale.<\/span><\/span> <span class=\"jCAhz\"><span class=\"ryNqvb\">Le stole in cotone sono popolari tra le donne per diversi motivi.<\/span><\/span> <span class=\"jCAhz ChMk0b\"><span class=\"ryNqvb\">Innanzitutto, il cotone \u00e8 un tessuto naturale che consente la circolazione dell&#8217;aria, mantenendoti fresco nelle giornate pi\u00f9 calde.<\/span><\/span><\/li>\n<li class=\" translation-block\">It is also hypoallergenic, making it suitable for those with sensitive skin. Additionally, cotton stoles can be easily draped and styled in various ways, adding a layer of elegance to your ensemble.<\/li>\n<li><span class=\"jCAhz ChMk0b\"><span class=\"ryNqvb\">Package contains: 1 scarf<\/span><\/span><\/li>\n<li class=\" translation-block\">There may be a slight variation in the actual color of the product due to different screen resolutions.\n\nRemark: Accessories are just for presentation, it is not included with this product.<\/li>\n<\/ul>\n<p>&nbsp;<\/p>","protected":false},"excerpt":{"rendered":"<p>Le stole da donna in puro cotone sono accessori leggeri e versatili che possono aggiungere un tocco di stile a qualsiasi outfit. Realizzate in 100% cotone, queste stole sono note per la loro morbidezza, traspirabilit\u00e0 e comfort. Sono disponibili in un&#8217;ampia gamma di colori, stampe e fantasie, rendendo facile trovarne una adatta al tuo stile personale. Le stole in cotone sono popolari tra le donne per diversi motivi. Innanzitutto, il cotone \u00e8 un tessuto naturale che consente la circolazione dell&#8217;aria, mantenendoti fresco nelle giornate pi\u00f9 calde. \u00c8 anche ipoallergenico, il che lo rende adatto a chi ha una pelle sensibile. Inoltre, le stole in cotone possono essere facilmente drappeggiate e acconciate in vari modi, aggiungendo un tocco di eleganza al tuo completo. La confezione contiene: 1 sciarpa Potrebbe esserci una leggera variazione nel colore effettivo del prodotto a causa delle diverse risoluzioni dello schermo.\u00a0Nota: gli accessori sono solo per la presentazione, non sono inclusi con questo prodotto. &nbsp;<\/p>","protected":false},"featured_media":10489,"comment_status":"open","ping_status":"closed","template":"","meta":{"_acf_changed":false,"site-sidebar-layout":"default","site-content-layout":"","ast-site-content-layout":"default","site-content-style":"default","site-sidebar-style":"default","ast-global-header-display":"","ast-banner-title-visibility":"","ast-main-header-display":"","ast-hfb-above-header-display":"","ast-hfb-below-header-display":"","ast-hfb-mobile-header-display":"","site-post-title":"","ast-breadcrumbs-content":"","ast-featured-img":"","footer-sml-layout":"","theme-transparent-header-meta":"default","adv-header-id-meta":"","stick-header-meta":"","header-above-stick-meta":"","header-main-stick-meta":"","header-below-stick-meta":"","astra-migrate-meta-layouts":"set","ast-page-background-enabled":"default","ast-page-background-meta":{"desktop":{"background-color":"var(--ast-global-color-5)","background-image":"","background-repeat":"repeat","background-position":"center center","background-size":"auto","background-attachment":"scroll","background-type":"","background-media":"","overlay-type":"","overlay-color":"","overlay-opacity":"","overlay-gradient":""},"tablet":{"background-color":"","background-image":"","background-repeat":"repeat","background-position":"center center","background-size":"auto","background-attachment":"scroll","background-type":"","background-media":"","overlay-type":"","overlay-color":"","overlay-opacity":"","overlay-gradient":""},"mobile":{"background-color":"","background-image":"","background-repeat":"repeat","background-position":"center center","background-size":"auto","background-attachment":"scroll","background-type":"","background-media":"","overlay-type":"","overlay-color":"","overlay-opacity":"","overlay-gradient":""}},"ast-content-background-meta":{"desktop":{"background-color":"var(--ast-global-color-4)","background-image":"","background-repeat":"repeat","background-position":"center center","background-size":"auto","background-attachment":"scroll","background-type":"","background-media":"","overlay-type":"","overlay-color":"","overlay-opacity":"","overlay-gradient":""},"tablet":{"background-color":"var(--ast-global-color-4)","background-image":"","background-repeat":"repeat","background-position":"center center","background-size":"auto","background-attachment":"scroll","background-type":"","background-media":"","overlay-type":"","overlay-color":"","overlay-opacity":"","overlay-gradient":""},"mobile":{"background-color":"var(--ast-global-color-4)","background-image":"","background-repeat":"repeat","background-position":"center center","background-size":"auto","background-attachment":"scroll","background-type":"","background-media":"","overlay-type":"","overlay-color":"","overlay-opacity":"","overlay-gradient":""}}},"product_cat":[88,376],"product_tag":[],"class_list":{"0":"post-10485","1":"product","2":"type-product","3":"status-publish","4":"has-post-thumbnail","6":"product_cat-accessories","7":"product_cat-scarf","8":"pa_color-sky-blue","9":"desktop-align-center","10":"tablet-align-left","11":"mobile-align-left","13":"first","14":"instock","15":"sale","16":"taxable","17":"shipping-taxable","18":"purchasable","19":"product-type-variable","20":"has-default-attributes"},"acf":[],"yoast_head":"<!-- This site is optimized with the Yoast SEO plugin v26.8 - https:\/\/yoast.com\/product\/yoast-seo-wordpress\/ -->\n<title>Stola\/sciarpa in puro cotone stampato azzurro - Kashmiria Fashion<\/title>\n<meta name=\"robots\" content=\"index, follow, max-snippet:-1, max-image-preview:large, max-video-preview:-1\" \/>\n<link rel=\"canonical\" href=\"https:\/\/www.kashmiriafashion.it\/en\/stola-sciarpa-in-puro-cotone-stampato-azzurro\/\" \/>\n<meta property=\"og:locale\" content=\"en_GB\" \/>\n<meta property=\"og:type\" content=\"article\" \/>\n<meta property=\"og:title\" content=\"Stola\/sciarpa in puro cotone stampato azzurro - Kashmiria Fashion\" \/>\n<meta property=\"og:description\" content=\"Le stole da donna in puro cotone sono accessori leggeri e versatili che possono aggiungere un tocco di stile a qualsiasi outfit. Realizzate in 100% cotone, queste stole sono note per la loro morbidezza, traspirabilit\u00e0 e comfort. Sono disponibili in un&#8217;ampia gamma di colori, stampe e fantasie, rendendo facile trovarne una adatta al tuo stile personale. Le stole in cotone sono popolari tra le donne per diversi motivi. Innanzitutto, il cotone \u00e8 un tessuto naturale che consente la circolazione dell&#8217;aria, mantenendoti fresco nelle giornate pi\u00f9 calde. \u00c8 anche ipoallergenico, il che lo rende adatto a chi ha una pelle sensibile. Inoltre, le stole in cotone possono essere facilmente drappeggiate e acconciate in vari modi, aggiungendo un tocco di eleganza al tuo completo. La confezione contiene: 1 sciarpa Potrebbe esserci una leggera variazione nel colore effettivo del prodotto a causa delle diverse risoluzioni dello schermo.\u00a0Nota: gli accessori sono solo per la presentazione, non sono inclusi con questo prodotto. &nbsp;\" \/>\n<meta property=\"og:url\" content=\"https:\/\/www.kashmiriafashion.it\/en\/stola-sciarpa-in-puro-cotone-stampato-azzurro\/\" \/>\n<meta property=\"og:site_name\" content=\"Kashmiria Fashion\" \/>\n<meta property=\"article:publisher\" content=\"https:\/\/www.facebook.com\/kashmiriafashion\" \/>\n<meta property=\"article:modified_time\" content=\"2026-04-03T10:08:10+00:00\" \/>\n<meta property=\"og:image\" content=\"https:\/\/www.kashmiriafashion.it\/wp-content\/uploads\/2025\/03\/cashmere-craft-s-blue-printed-pure-cotton-stole-scarf-product-images-rvzvgcgc5k-2-202306031405.webp\" \/>\n\t<meta property=\"og:image:width\" content=\"550\" \/>\n\t<meta property=\"og:image:height\" content=\"800\" \/>\n\t<meta property=\"og:image:type\" content=\"image\/webp\" \/>\n<meta name=\"twitter:card\" content=\"summary_large_image\" \/>\n<meta name=\"twitter:label1\" content=\"Estimated reading time\" \/>\n\t<meta name=\"twitter:data1\" content=\"1 minute\" \/>\n<script type=\"application\/ld+json\" class=\"yoast-schema-graph\">{\"@context\":\"https:\/\/schema.org\",\"@graph\":[{\"@type\":\"WebPage\",\"@id\":\"https:\/\/www.kashmiriafashion.it\/stola-sciarpa-in-puro-cotone-stampato-azzurro\/\",\"url\":\"https:\/\/www.kashmiriafashion.it\/stola-sciarpa-in-puro-cotone-stampato-azzurro\/\",\"name\":\"Stola\/sciarpa in puro cotone stampato azzurro - Kashmiria Fashion\",\"isPartOf\":{\"@id\":\"https:\/\/www.kashmiriafashion.it\/#website\"},\"primaryImageOfPage\":{\"@id\":\"https:\/\/www.kashmiriafashion.it\/stola-sciarpa-in-puro-cotone-stampato-azzurro\/#primaryimage\"},\"image\":{\"@id\":\"https:\/\/www.kashmiriafashion.it\/stola-sciarpa-in-puro-cotone-stampato-azzurro\/#primaryimage\"},\"thumbnailUrl\":\"https:\/\/www.kashmiriafashion.it\/wp-content\/uploads\/2025\/03\/cashmere-craft-s-blue-printed-pure-cotton-stole-scarf-product-images-rvzvgcgc5k-2-202306031405.webp\",\"datePublished\":\"2025-03-20T19:36:12+00:00\",\"dateModified\":\"2026-04-03T10:08:10+00:00\",\"breadcrumb\":{\"@id\":\"https:\/\/www.kashmiriafashion.it\/stola-sciarpa-in-puro-cotone-stampato-azzurro\/#breadcrumb\"},\"inLanguage\":\"en-GB\",\"potentialAction\":[{\"@type\":\"ReadAction\",\"target\":[\"https:\/\/www.kashmiriafashion.it\/stola-sciarpa-in-puro-cotone-stampato-azzurro\/\"]}]},{\"@type\":\"ImageObject\",\"inLanguage\":\"en-GB\",\"@id\":\"https:\/\/www.kashmiriafashion.it\/stola-sciarpa-in-puro-cotone-stampato-azzurro\/#primaryimage\",\"url\":\"https:\/\/www.kashmiriafashion.it\/wp-content\/uploads\/2025\/03\/cashmere-craft-s-blue-printed-pure-cotton-stole-scarf-product-images-rvzvgcgc5k-2-202306031405.webp\",\"contentUrl\":\"https:\/\/www.kashmiriafashion.it\/wp-content\/uploads\/2025\/03\/cashmere-craft-s-blue-printed-pure-cotton-stole-scarf-product-images-rvzvgcgc5k-2-202306031405.webp\",\"width\":550,\"height\":800,\"caption\":\"Stola\/sciarpa in puro cotone stampato azzurro\"},{\"@type\":\"BreadcrumbList\",\"@id\":\"https:\/\/www.kashmiriafashion.it\/stola-sciarpa-in-puro-cotone-stampato-azzurro\/#breadcrumb\",\"itemListElement\":[{\"@type\":\"ListItem\",\"position\":1,\"name\":\"Home\",\"item\":\"https:\/\/www.kashmiriafashion.it\/\"},{\"@type\":\"ListItem\",\"position\":2,\"name\":\"Shop\",\"item\":\"https:\/\/www.kashmiriafashion.it\/shop\/\"},{\"@type\":\"ListItem\",\"position\":3,\"name\":\"Stola\/sciarpa in puro cotone stampato azzurro\"}]},{\"@type\":\"WebSite\",\"@id\":\"https:\/\/www.kashmiriafashion.it\/#website\",\"url\":\"https:\/\/www.kashmiriafashion.it\/\",\"name\":\"Kashmiria Fashion\",\"description\":\"Moda e Abbigliamento Donna | Made in India\",\"publisher\":{\"@id\":\"https:\/\/www.kashmiriafashion.it\/#organization\"},\"potentialAction\":[{\"@type\":\"SearchAction\",\"target\":{\"@type\":\"EntryPoint\",\"urlTemplate\":\"https:\/\/www.kashmiriafashion.it\/?s={search_term_string}\"},\"query-input\":{\"@type\":\"PropertyValueSpecification\",\"valueRequired\":true,\"valueName\":\"search_term_string\"}}],\"inLanguage\":\"en-GB\"},{\"@type\":\"Organization\",\"@id\":\"https:\/\/www.kashmiriafashion.it\/#organization\",\"name\":\"Kashmiria Fashion\",\"url\":\"https:\/\/www.kashmiriafashion.it\/\",\"logo\":{\"@type\":\"ImageObject\",\"inLanguage\":\"en-GB\",\"@id\":\"https:\/\/www.kashmiriafashion.it\/#\/schema\/logo\/image\/\",\"url\":\"https:\/\/www.kashmiriafashion.it\/wp-content\/uploads\/2025\/01\/logo-1.svg\",\"contentUrl\":\"https:\/\/www.kashmiriafashion.it\/wp-content\/uploads\/2025\/01\/logo-1.svg\",\"width\":499,\"height\":85,\"caption\":\"Kashmiria Fashion\"},\"image\":{\"@id\":\"https:\/\/www.kashmiriafashion.it\/#\/schema\/logo\/image\/\"},\"sameAs\":[\"https:\/\/www.facebook.com\/kashmiriafashion\",\"https:\/\/www.instagram.com\/kashmiriafashion\",\"https:\/\/www.tiktok.com\/@kashmiriafashion\"]}]}<\/script>\n<!-- \/ Yoast SEO plugin. -->","yoast_head_json":{"title":"Stola\/sciarpa in puro cotone stampato azzurro - Kashmiria Fashion","robots":{"index":"index","follow":"follow","max-snippet":"max-snippet:-1","max-image-preview":"max-image-preview:large","max-video-preview":"max-video-preview:-1"},"canonical":"https:\/\/www.kashmiriafashion.it\/en\/stola-sciarpa-in-puro-cotone-stampato-azzurro\/","og_locale":"en_GB","og_type":"article","og_title":"Stola\/sciarpa in puro cotone stampato azzurro - Kashmiria Fashion","og_description":"Le stole da donna in puro cotone sono accessori leggeri e versatili che possono aggiungere un tocco di stile a qualsiasi outfit. Realizzate in 100% cotone, queste stole sono note per la loro morbidezza, traspirabilit\u00e0 e comfort. Sono disponibili in un&#8217;ampia gamma di colori, stampe e fantasie, rendendo facile trovarne una adatta al tuo stile personale. Le stole in cotone sono popolari tra le donne per diversi motivi. Innanzitutto, il cotone \u00e8 un tessuto naturale che consente la circolazione dell&#8217;aria, mantenendoti fresco nelle giornate pi\u00f9 calde. \u00c8 anche ipoallergenico, il che lo rende adatto a chi ha una pelle sensibile. Inoltre, le stole in cotone possono essere facilmente drappeggiate e acconciate in vari modi, aggiungendo un tocco di eleganza al tuo completo. La confezione contiene: 1 sciarpa Potrebbe esserci una leggera variazione nel colore effettivo del prodotto a causa delle diverse risoluzioni dello schermo.\u00a0Nota: gli accessori sono solo per la presentazione, non sono inclusi con questo prodotto. &nbsp;","og_url":"https:\/\/www.kashmiriafashion.it\/en\/stola-sciarpa-in-puro-cotone-stampato-azzurro\/","og_site_name":"Kashmiria Fashion","article_publisher":"https:\/\/www.facebook.com\/kashmiriafashion","article_modified_time":"2026-04-03T10:08:10+00:00","og_image":[{"width":550,"height":800,"url":"https:\/\/www.kashmiriafashion.it\/wp-content\/uploads\/2025\/03\/cashmere-craft-s-blue-printed-pure-cotton-stole-scarf-product-images-rvzvgcgc5k-2-202306031405.webp","type":"image\/webp"}],"twitter_card":"summary_large_image","twitter_misc":{"Estimated reading time":"1 minute"},"schema":{"@context":"https:\/\/schema.org","@graph":[{"@type":"WebPage","@id":"https:\/\/www.kashmiriafashion.it\/stola-sciarpa-in-puro-cotone-stampato-azzurro\/","url":"https:\/\/www.kashmiriafashion.it\/stola-sciarpa-in-puro-cotone-stampato-azzurro\/","name":"Stola\/sciarpa in puro cotone stampato azzurro - Kashmiria Fashion","isPartOf":{"@id":"https:\/\/www.kashmiriafashion.it\/#website"},"primaryImageOfPage":{"@id":"https:\/\/www.kashmiriafashion.it\/stola-sciarpa-in-puro-cotone-stampato-azzurro\/#primaryimage"},"image":{"@id":"https:\/\/www.kashmiriafashion.it\/stola-sciarpa-in-puro-cotone-stampato-azzurro\/#primaryimage"},"thumbnailUrl":"https:\/\/www.kashmiriafashion.it\/wp-content\/uploads\/2025\/03\/cashmere-craft-s-blue-printed-pure-cotton-stole-scarf-product-images-rvzvgcgc5k-2-202306031405.webp","datePublished":"2025-03-20T19:36:12+00:00","dateModified":"2026-04-03T10:08:10+00:00","breadcrumb":{"@id":"https:\/\/www.kashmiriafashion.it\/stola-sciarpa-in-puro-cotone-stampato-azzurro\/#breadcrumb"},"inLanguage":"en-GB","potentialAction":[{"@type":"ReadAction","target":["https:\/\/www.kashmiriafashion.it\/stola-sciarpa-in-puro-cotone-stampato-azzurro\/"]}]},{"@type":"ImageObject","inLanguage":"en-GB","@id":"https:\/\/www.kashmiriafashion.it\/stola-sciarpa-in-puro-cotone-stampato-azzurro\/#primaryimage","url":"https:\/\/www.kashmiriafashion.it\/wp-content\/uploads\/2025\/03\/cashmere-craft-s-blue-printed-pure-cotton-stole-scarf-product-images-rvzvgcgc5k-2-202306031405.webp","contentUrl":"https:\/\/www.kashmiriafashion.it\/wp-content\/uploads\/2025\/03\/cashmere-craft-s-blue-printed-pure-cotton-stole-scarf-product-images-rvzvgcgc5k-2-202306031405.webp","width":550,"height":800,"caption":"Stola\/sciarpa in puro cotone stampato azzurro"},{"@type":"BreadcrumbList","@id":"https:\/\/www.kashmiriafashion.it\/stola-sciarpa-in-puro-cotone-stampato-azzurro\/#breadcrumb","itemListElement":[{"@type":"ListItem","position":1,"name":"Home","item":"https:\/\/www.kashmiriafashion.it\/"},{"@type":"ListItem","position":2,"name":"Shop","item":"https:\/\/www.kashmiriafashion.it\/shop\/"},{"@type":"ListItem","position":3,"name":"Stola\/sciarpa in puro cotone stampato azzurro"}]},{"@type":"WebSite","@id":"https:\/\/www.kashmiriafashion.it\/#website","url":"https:\/\/www.kashmiriafashion.it\/","name":"Kashmiria Fashion","description":"Moda e Abbigliamento Donna | Made in India","publisher":{"@id":"https:\/\/www.kashmiriafashion.it\/#organization"},"potentialAction":[{"@type":"SearchAction","target":{"@type":"EntryPoint","urlTemplate":"https:\/\/www.kashmiriafashion.it\/?s={search_term_string}"},"query-input":{"@type":"PropertyValueSpecification","valueRequired":true,"valueName":"search_term_string"}}],"inLanguage":"en-GB"},{"@type":"Organization","@id":"https:\/\/www.kashmiriafashion.it\/#organization","name":"Kashmiria Fashion","url":"https:\/\/www.kashmiriafashion.it\/","logo":{"@type":"ImageObject","inLanguage":"en-GB","@id":"https:\/\/www.kashmiriafashion.it\/#\/schema\/logo\/image\/","url":"https:\/\/www.kashmiriafashion.it\/wp-content\/uploads\/2025\/01\/logo-1.svg","contentUrl":"https:\/\/www.kashmiriafashion.it\/wp-content\/uploads\/2025\/01\/logo-1.svg","width":499,"height":85,"caption":"Kashmiria Fashion"},"image":{"@id":"https:\/\/www.kashmiriafashion.it\/#\/schema\/logo\/image\/"},"sameAs":["https:\/\/www.facebook.com\/kashmiriafashion","https:\/\/www.instagram.com\/kashmiriafashion","https:\/\/www.tiktok.com\/@kashmiriafashion"]}]}},"_links":{"self":[{"href":"https:\/\/www.kashmiriafashion.it\/en\/wp-json\/wp\/v2\/product\/10485","targetHints":{"allow":["GET"]}}],"collection":[{"href":"https:\/\/www.kashmiriafashion.it\/en\/wp-json\/wp\/v2\/product"}],"about":[{"href":"https:\/\/www.kashmiriafashion.it\/en\/wp-json\/wp\/v2\/types\/product"}],"replies":[{"embeddable":true,"href":"https:\/\/www.kashmiriafashion.it\/en\/wp-json\/wp\/v2\/comments?post=10485"}],"wp:featuredmedia":[{"embeddable":true,"href":"https:\/\/www.kashmiriafashion.it\/en\/wp-json\/wp\/v2\/media\/10489"}],"wp:attachment":[{"href":"https:\/\/www.kashmiriafashion.it\/en\/wp-json\/wp\/v2\/media?parent=10485"}],"wp:term":[{"taxonomy":"product_cat","embeddable":true,"href":"https:\/\/www.kashmiriafashion.it\/en\/wp-json\/wp\/v2\/product_cat?post=10485"},{"taxonomy":"product_tag","embeddable":true,"href":"https:\/\/www.kashmiriafashion.it\/en\/wp-json\/wp\/v2\/product_tag?post=10485"}],"curies":[{"name":"wp","href":"https:\/\/api.w.org\/{rel}","templated":true}]}}